{"id":78089,"date":"2025-07-14T15:18:05","date_gmt":"2025-07-14T12:18:05","guid":{"rendered":"https:\/\/demo8.ecube.lv\/sezona.lv\/products\/trekmates-udensdross-maiss-70l\/"},"modified":"2025-07-14T15:18:05","modified_gmt":"2025-07-14T12:18:05","slug":"trekmates-udensdross-maiss-70l","status":"publish","type":"product","link":"https:\/\/sezona.lv\/en\/products\/trekmates-udensdross-maiss-70l\/","title":{"rendered":"Trekmates \u016bdensdro\u0161s maiss 70l"},"content":{"rendered":"<p><strong>Trekmates \u016bdensdro&scaron;s maiss 70l<\/strong><\/p>\n<p>Unique closure allowing these huge drybags to be easily and securely sealed for protection against water.<\/p>\n<h4>Features and Benefits<\/h4>\n<ul class=\"unIndentedList\">\n<li> 210D PU rip stop nylon<\/li>\n<li> Unique Quad Fold roll top closure<\/li>\n<li> White lining for better visibility<\/li>\n<li> Oval base<\/li>\n<li> Optimised sizing fits most packs efficiently<\/li>\n<li> Weight on 70L: 180g<\/li>\n<\/ul>\n<p>&nbsp;<\/p>\n","protected":false},"excerpt":{"rendered":"<p>Trekmates \u016bdensdro&scaron;s maiss 70l Unique closure allowing these huge drybags to be easily and securely sealed for protection against water. Features and Benefits 210D PU rip stop nylon Unique Quad Fold roll top closure White lining for better visibility Oval base Optimised sizing fits most packs efficiently Weight on 70L: 180g &nbsp;<\/p>\n","protected":false},"featured_media":0,"template":"","meta":[],"product_brand":[3393],"product_cat":[4558,4570,4640,4975],"product_tag":[],"class_list":{"0":"post-78089","1":"product","2":"type-product","3":"status-publish","5":"product_brand-trekmates","6":"product_cat-for-tourism-recreation","7":"product_cat-backpacks-for-tourism-recreation","8":"product_cat-recreation","9":"product_cat-waterproof-bags-packages-backpacks-for-tourism-recreation","11":"first","12":"instock","13":"shipping-taxable","14":"purchasable","15":"product-type-simple"},"_links":{"self":[{"href":"https:\/\/sezona.lv\/en\/wp-json\/wp\/v2\/product\/78089","targetHints":{"allow":["GET"]}}],"collection":[{"href":"https:\/\/sezona.lv\/en\/wp-json\/wp\/v2\/product"}],"about":[{"href":"https:\/\/sezona.lv\/en\/wp-json\/wp\/v2\/types\/product"}],"wp:attachment":[{"href":"https:\/\/sezona.lv\/en\/wp-json\/wp\/v2\/media?parent=78089"}],"wp:term":[{"taxonomy":"product_brand","embeddable":true,"href":"https:\/\/sezona.lv\/en\/wp-json\/wp\/v2\/product_brand?post=78089"},{"taxonomy":"product_cat","embeddable":true,"href":"https:\/\/sezona.lv\/en\/wp-json\/wp\/v2\/product_cat?post=78089"},{"taxonomy":"product_tag","embeddable":true,"href":"https:\/\/sezona.lv\/en\/wp-json\/wp\/v2\/product_tag?post=78089"}],"curies":[{"name":"wp","href":"https:\/\/api.w.org\/{rel}","templated":true}]}}