{"id":78091,"date":"2025-07-14T15:18:07","date_gmt":"2025-07-14T12:18:07","guid":{"rendered":"https:\/\/demo8.ecube.lv\/sezona.lv\/products\/trekmates-udensdross-iepakojums\/"},"modified":"2025-07-14T15:18:07","modified_gmt":"2025-07-14T12:18:07","slug":"trekmates-udensdross-iepakojums","status":"publish","type":"product","link":"https:\/\/sezona.lv\/en\/products\/trekmates-udensdross-iepakojums\/","title":{"rendered":"Trekmates \u016bdensdro\u0161s iepakojums"},"content":{"rendered":"<p><strong>Trekmates \u016bdensdro&scaron;s iepakojums<\/strong><\/p>\n<p>Hook and loop roll top map case with adjustable neck cord. Flexible TPU construction can be easily folded for storage.<\/p>\n<h4>Features and Benefits<\/h4>\n<ul class=\"unIndentedList\">\n<li>Fits OS maps &amp; tablets<\/li>\n<li>Tough PVC case with welded seams<\/li>\n<li>Touch screen compatible<\/li>\n<li>Neck strap<\/li>\n<li>Protection from water, dirt, dust and sand<\/li>\n<li>Weight: 200g<\/li>\n<li>Size: 27 x 30 cm<\/li>\n<\/ul>\n","protected":false},"excerpt":{"rendered":"<p>Trekmates \u016bdensdro&scaron;s iepakojums Hook and loop roll top map case with adjustable neck cord. Flexible TPU construction can be easily folded for storage. Features and Benefits Fits OS maps &amp; tablets Tough PVC case with welded seams Touch screen compatible Neck strap Protection from water, dirt, dust and sand Weight: 200g Size: 27 x 30 [&hellip;]<\/p>\n","protected":false},"featured_media":0,"template":"","meta":[],"product_brand":[3393],"product_cat":[4558,4570,4640,4975],"product_tag":[],"class_list":{"0":"post-78091","1":"product","2":"type-product","3":"status-publish","5":"product_brand-trekmates","6":"product_cat-for-tourism-recreation","7":"product_cat-backpacks-for-tourism-recreation","8":"product_cat-recreation","9":"product_cat-waterproof-bags-packages-backpacks-for-tourism-recreation","11":"first","12":"instock","13":"shipping-taxable","14":"purchasable","15":"product-type-simple"},"_links":{"self":[{"href":"https:\/\/sezona.lv\/en\/wp-json\/wp\/v2\/product\/78091","targetHints":{"allow":["GET"]}}],"collection":[{"href":"https:\/\/sezona.lv\/en\/wp-json\/wp\/v2\/product"}],"about":[{"href":"https:\/\/sezona.lv\/en\/wp-json\/wp\/v2\/types\/product"}],"wp:attachment":[{"href":"https:\/\/sezona.lv\/en\/wp-json\/wp\/v2\/media?parent=78091"}],"wp:term":[{"taxonomy":"product_brand","embeddable":true,"href":"https:\/\/sezona.lv\/en\/wp-json\/wp\/v2\/product_brand?post=78091"},{"taxonomy":"product_cat","embeddable":true,"href":"https:\/\/sezona.lv\/en\/wp-json\/wp\/v2\/product_cat?post=78091"},{"taxonomy":"product_tag","embeddable":true,"href":"https:\/\/sezona.lv\/en\/wp-json\/wp\/v2\/product_tag?post=78091"}],"curies":[{"name":"wp","href":"https:\/\/api.w.org\/{rel}","templated":true}]}}