{"id":78093,"date":"2025-07-11T16:29:30","date_gmt":"2025-07-11T13:29:30","guid":{"rendered":"https:\/\/demo8.ecube.lv\/sezona.lv\/products\/telts-regatta-vester-4\/"},"modified":"2025-07-14T15:18:08","modified_gmt":"2025-07-14T12:18:08","slug":"telts-regatta-vester-4","status":"publish","type":"product","link":"https:\/\/sezona.lv\/en\/products\/telts-regatta-vester-4\/","title":{"rendered":"Telts Regatta Vester 4"},"content":{"rendered":"<p><span class=\"fifth-color\">The Vester tents are versatile and ideal for  family camping, festivals and touring. There is a large porch area that  provides living space and storage, with front and side door access.  There is also a generous sleeping space and a light reducing dark finish  on the back. Comfortably sleeps four people.&nbsp; <\/span><\/p>\n<ul>\n<li>4 man capacity<\/li>\n<li>Large porch area for storage and living space<\/li>\n<li>Waterproof Hydrofort 70D flysheet with 3000mm hydrostatic head<\/li>\n<li>Strong and flexible fibreglass poles<\/li>\n<li>Front and side door access<\/li>\n<li>Front door can be converted into canopy using RCE171 (Available separately)<\/li>\n<li>Hardwearing, waterproof PE groundsheet with 10,000mm hydrostatic head<\/li>\n<li>Clip-in groundsheet that can be rolled away when not required<\/li>\n<li>Practically positioned internal pockets and lantern hanging points<\/li>\n<li>Multiple vents allow air flow throughout<\/li>\n<li>Bright guy lines for extra visibility<\/li>\n<li>Expandable storage bag allowing easy packing and unpacking<\/li>\n<li>Fully fire retardant fabrics<\/li>\n<\/ul>\n<p>&nbsp;<\/p>\n<table border=\"1\" cellspacing=\"0\" cellpadding=\"0\">\n<tbody>\n<tr>\n<td width=\"149\" valign=\"top\">\n<p>Iek&scaron;\u0113j\u0101s   telts izm\u0113rs<\/p>\n<\/td>\n<td width=\"217\" valign=\"top\">\n<p>225(G) x 280(P)   x 150(A) cm<\/p>\n<\/td>\n<\/tr>\n<tr>\n<td width=\"149\" valign=\"top\">\n<p>\u0100r\u0113j\u0101s   telts izm\u0113rs<\/p>\n<\/td>\n<td width=\"217\" valign=\"top\">\n<p>470(G) x 280(P)   x 150(A) cm<\/p>\n<\/td>\n<\/tr>\n<tr>\n<td width=\"149\" valign=\"top\">\n<p>Iepakojuma   izm\u0113rs<\/p>\n<\/td>\n<td width=\"217\" valign=\"top\">\n<p>64 x 23 x 26cm<\/p>\n<\/td>\n<\/tr>\n<tr>\n<td width=\"149\" valign=\"top\">\n<p>Telts   svars<\/p>\n<\/td>\n<td width=\"217\" valign=\"top\">\n<p>6.7kg<\/p>\n<\/td>\n<\/tr>\n<tr>\n<td width=\"149\" valign=\"top\">\n<p>Mieti\u0146i<\/p>\n<\/td>\n<td width=\"217\" valign=\"top\">\n<p>13mm un 11mm   stikla &scaron;\u0137iedra<\/p>\n<\/td>\n<\/tr>\n<\/tbody>\n<\/table>\n<p>&nbsp;<\/p>\n<p>&nbsp;<\/p>\n<ul>\n<\/ul>\n","protected":false},"excerpt":{"rendered":"<p>The Vester tents are versatile and ideal for family camping, festivals and touring. There is a large porch area that provides living space and storage, with front and side door access. There is also a generous sleeping space and a light reducing dark finish on the back. Comfortably sleeps four people.&nbsp; 4 man capacity Large [&hellip;]<\/p>\n","protected":false},"featured_media":69151,"template":"","meta":[],"product_brand":[3374],"product_cat":[4558,4568,4957],"product_tag":[],"class_list":{"0":"post-78093","1":"product","2":"type-product","3":"status-publish","4":"has-post-thumbnail","6":"product_brand-regatta","7":"product_cat-for-tourism-recreation","8":"product_cat-tents-for-tourism-recreation","9":"product_cat-regatta-tents-tents-for-tourism-recreation","11":"first","12":"instock","13":"shipping-taxable","14":"purchasable","15":"product-type-simple"},"_links":{"self":[{"href":"https:\/\/sezona.lv\/en\/wp-json\/wp\/v2\/product\/78093","targetHints":{"allow":["GET"]}}],"collection":[{"href":"https:\/\/sezona.lv\/en\/wp-json\/wp\/v2\/product"}],"about":[{"href":"https:\/\/sezona.lv\/en\/wp-json\/wp\/v2\/types\/product"}],"wp:featuredmedia":[{"embeddable":true,"href":"https:\/\/sezona.lv\/en\/wp-json\/wp\/v2\/media\/69151"}],"wp:attachment":[{"href":"https:\/\/sezona.lv\/en\/wp-json\/wp\/v2\/media?parent=78093"}],"wp:term":[{"taxonomy":"product_brand","embeddable":true,"href":"https:\/\/sezona.lv\/en\/wp-json\/wp\/v2\/product_brand?post=78093"},{"taxonomy":"product_cat","embeddable":true,"href":"https:\/\/sezona.lv\/en\/wp-json\/wp\/v2\/product_cat?post=78093"},{"taxonomy":"product_tag","embeddable":true,"href":"https:\/\/sezona.lv\/en\/wp-json\/wp\/v2\/product_tag?post=78093"}],"curies":[{"name":"wp","href":"https:\/\/api.w.org\/{rel}","templated":true}]}}