{"id":78095,"date":"2025-07-14T15:18:10","date_gmt":"2025-07-14T12:18:10","guid":{"rendered":"https:\/\/demo8.ecube.lv\/sezona.lv\/products\/salmo-makskere-sniper-feeder-90-4111-360\/"},"modified":"2025-07-14T15:18:10","modified_gmt":"2025-07-14T12:18:10","slug":"salmo-makskere-sniper-feeder-90-4111-360","status":"publish","type":"product","link":"https:\/\/sezona.lv\/en\/products\/salmo-makskere-sniper-feeder-90-4111-360\/","title":{"rendered":"Salmo Mak\u0161\u0137ere Sniper FEEDER 90 (4111-360)"},"content":{"rendered":"<p>M\u016bsdien\u012bga f\u012bdermak&scaron;\u0137ere kas izgatavota no kvalitat\u012bva graf\u012bta.<\/p>\n<p>&nbsp;<\/p>\n<p>&bull; Mak&scaron;\u0137erk\u0101ta materi\u0101ls: graf\u012bts IM7;<\/p>\n<p>&bull; Vid\u0113ji \u0101tra akcija;<\/p>\n<p>&bull; &Scaron;tekera konstrukcija;<\/p>\n<p>Mak&scaron;\u0137erk\u0101ta spic\u012btes:<\/p>\n<p>&#8211; main\u0101mas, da\u017e\u0101da j\u016bt\u012bguma (3 gab.)<\/p>\n<p>&#8211; sign\u0101lkr\u0101sojums.<\/p>\n<p>&bull; Oversteek tipa posmu savienojums;<\/p>\n<p>Caurlaides ri\u0146\u0137i:<\/p>\n<p>&#8211; pastiprin\u0101ti;<\/p>\n<p>&#8211; ar SIC ielikt\u0146iem;<\/p>\n<p>Rokturis:<\/p>\n<p>&bull; kor\u0137a + EVA;<\/p>\n<p>&bull; V\u012bt\u0146veida spoles tur\u0113t\u0101js.<\/p>\n<p>Svars (g): 279<br \/>Garums (m): 3.60<br \/>Transp. garums (cm): 127<br \/>Sekciju skaits: 3+3<br \/>Tests (g): 90<\/p>\n","protected":false},"excerpt":{"rendered":"<p>M\u016bsdien\u012bga f\u012bdermak&scaron;\u0137ere kas izgatavota no kvalitat\u012bva graf\u012bta. &nbsp; &bull; Mak&scaron;\u0137erk\u0101ta materi\u0101ls: graf\u012bts IM7; &bull; Vid\u0113ji \u0101tra akcija; &bull; &Scaron;tekera konstrukcija; Mak&scaron;\u0137erk\u0101ta spic\u012btes: &#8211; main\u0101mas, da\u017e\u0101da j\u016bt\u012bguma (3 gab.) &#8211; sign\u0101lkr\u0101sojums. &bull; Oversteek tipa posmu savienojums; Caurlaides ri\u0146\u0137i: &#8211; pastiprin\u0101ti; &#8211; ar SIC ielikt\u0146iem; Rokturis: &bull; kor\u0137a + EVA; &bull; V\u012bt\u0146veida spoles tur\u0113t\u0101js. Svars (g): 279Garums [&hellip;]<\/p>\n","protected":false},"featured_media":0,"template":"","meta":[],"product_brand":[894],"product_cat":[4538,4540,4545,4640],"product_tag":[],"class_list":{"0":"post-78095","1":"product","2":"type-product","3":"status-publish","5":"product_brand-salmo","6":"product_cat-fishing-equipment-recreation","7":"product_cat-fishing-rods-fishing-equipment-recreation","8":"product_cat-feeder-and-picker-rods-fishing-rods-fishing-equipment-recreation","9":"product_cat-recreation","11":"first","12":"instock","13":"shipping-taxable","14":"purchasable","15":"product-type-simple"},"_links":{"self":[{"href":"https:\/\/sezona.lv\/en\/wp-json\/wp\/v2\/product\/78095","targetHints":{"allow":["GET"]}}],"collection":[{"href":"https:\/\/sezona.lv\/en\/wp-json\/wp\/v2\/product"}],"about":[{"href":"https:\/\/sezona.lv\/en\/wp-json\/wp\/v2\/types\/product"}],"wp:attachment":[{"href":"https:\/\/sezona.lv\/en\/wp-json\/wp\/v2\/media?parent=78095"}],"wp:term":[{"taxonomy":"product_brand","embeddable":true,"href":"https:\/\/sezona.lv\/en\/wp-json\/wp\/v2\/product_brand?post=78095"},{"taxonomy":"product_cat","embeddable":true,"href":"https:\/\/sezona.lv\/en\/wp-json\/wp\/v2\/product_cat?post=78095"},{"taxonomy":"product_tag","embeddable":true,"href":"https:\/\/sezona.lv\/en\/wp-json\/wp\/v2\/product_tag?post=78095"}],"curies":[{"name":"wp","href":"https:\/\/api.w.org\/{rel}","templated":true}]}}