{"id":78098,"date":"2025-07-11T16:29:36","date_gmt":"2025-07-11T13:29:36","guid":{"rendered":"https:\/\/demo8.ecube.lv\/sezona.lv\/products\/spole-salmo-elite-spin-7-8920fd\/"},"modified":"2025-07-14T15:18:13","modified_gmt":"2025-07-14T12:18:13","slug":"spole-salmo-elite-spin-7-8920fd","status":"publish","type":"product","link":"https:\/\/sezona.lv\/en\/products\/spole-salmo-elite-spin-7-8920fd\/","title":{"rendered":"Spole SALMO ELITE SPIN 7 (8920FD)"},"content":{"rendered":"<p>Spole SALMO ELITE SPIN 7 (8920FD).<\/p>\n<p>&bull; Priek&scaron;\u0113j\u0101 bremze<\/p>\n<div id=\"product-description\">\n<p>&bull; 6 lod\u012b&scaron;u gult\u0146i<\/p>\n<p>&bull; 1 rull\u012b&scaron;u gultnis<\/p>\n<p>&bull; Anti revers\u0101 sist\u0113ma<\/p>\n<p>&bull; meh\u0101nisms auklas uzt\u012b&scaron;anai  ar &#8220;nebeidzama v\u012btne&#8221;<\/p>\n<p>&bull; Karbona korpuss<\/p>\n<p>&bull; Prim\u0101r\u0101 auklas uzt\u012b&scaron;anas kasete  alum\u012bnija<\/p>\n<p>&bull; Spoles loci\u0146&scaron; ar dobu vidu, iztur\u012bgs (viegls)<\/p>\n<p>&bull; Uzlabots konusveida auklas uztin\u0113js, samazinas auklas v\u0113rp&scaron;anos un nodilumu.<\/p>\n<p>&bull; Iztur\u012bgs hroma p\u0101rkl\u0101jums:<\/p>\n<p>&#8211;  Lod\u012b&scaron;u gult\u0146i<\/p>\n<p>&bull; P\u0101rkl\u0101jums no iztur\u012bga tit\u0101na nitr\u012bda:<\/p>\n<p>&#8211;  Auklas uztin\u0113jam<\/p>\n<p>&#8211; Auklas uzti\u012b&scaron;anas kasetei<\/p>\n<p>&bull; Rokturis:<\/p>\n<p>&#8211; No pastiprin\u0101ta graf\u012bta<\/p>\n<p>&#8211; Iesp\u0113jama lab\u0101s \/ kreis\u0101s puses uzst\u0101d\u012b&scaron;ana<\/p>\n<p>&bull; Rokturis ergonomisks, no Rubber cork (kor\u0137a-gumijas) materi\u0101la.<\/p>\n<\/div>\n<p><strong> <\/strong>Svars (g) 272<br \/> Ietilp\u012bba (m\/mm) 170\/0.18<br \/> Rull\u012b&scaron;u gult\u0146u sk. 1 <br \/> Lod\u012b&scaron;u gult\u0146u sk. 6<br \/> P\u0101rnesums 5.5:1<strong><br \/><\/strong><\/p>\n","protected":false},"excerpt":{"rendered":"<p>Spole SALMO ELITE SPIN 7 (8920FD). &bull; Priek&scaron;\u0113j\u0101 bremze &bull; 6 lod\u012b&scaron;u gult\u0146i &bull; 1 rull\u012b&scaron;u gultnis &bull; Anti revers\u0101 sist\u0113ma &bull; meh\u0101nisms auklas uzt\u012b&scaron;anai ar &#8220;nebeidzama v\u012btne&#8221; &bull; Karbona korpuss &bull; Prim\u0101r\u0101 auklas uzt\u012b&scaron;anas kasete alum\u012bnija &bull; Spoles loci\u0146&scaron; ar dobu vidu, iztur\u012bgs (viegls) &bull; Uzlabots konusveida auklas uztin\u0113js, samazinas auklas v\u0113rp&scaron;anos un nodilumu. [&hellip;]<\/p>\n","protected":false},"featured_media":0,"template":"","meta":[],"product_brand":[],"product_cat":[4538,4539,4541],"product_tag":[],"class_list":{"0":"post-78098","1":"product","2":"type-product","3":"status-publish","5":"product_cat-fishing-equipment-recreation","6":"product_cat-reels-fishing-equipment-recreation","7":"product_cat-spinning-reels-reels-fishing-equipment-recreation","9":"first","10":"instock","11":"shipping-taxable","12":"purchasable","13":"product-type-simple"},"_links":{"self":[{"href":"https:\/\/sezona.lv\/en\/wp-json\/wp\/v2\/product\/78098","targetHints":{"allow":["GET"]}}],"collection":[{"href":"https:\/\/sezona.lv\/en\/wp-json\/wp\/v2\/product"}],"about":[{"href":"https:\/\/sezona.lv\/en\/wp-json\/wp\/v2\/types\/product"}],"wp:attachment":[{"href":"https:\/\/sezona.lv\/en\/wp-json\/wp\/v2\/media?parent=78098"}],"wp:term":[{"taxonomy":"product_brand","embeddable":true,"href":"https:\/\/sezona.lv\/en\/wp-json\/wp\/v2\/product_brand?post=78098"},{"taxonomy":"product_cat","embeddable":true,"href":"https:\/\/sezona.lv\/en\/wp-json\/wp\/v2\/product_cat?post=78098"},{"taxonomy":"product_tag","embeddable":true,"href":"https:\/\/sezona.lv\/en\/wp-json\/wp\/v2\/product_tag?post=78098"}],"curies":[{"name":"wp","href":"https:\/\/api.w.org\/{rel}","templated":true}]}}