{"id":78100,"date":"2025-07-11T16:29:42","date_gmt":"2025-07-11T13:29:42","guid":{"rendered":"https:\/\/demo8.ecube.lv\/sezona.lv\/products\/spole-salmo-elite-baitfeeder-7-2640br\/"},"modified":"2025-07-14T15:18:19","modified_gmt":"2025-07-14T12:18:19","slug":"spole-salmo-elite-baitfeeder-7-2640br","status":"publish","type":"product","link":"https:\/\/sezona.lv\/en\/products\/spole-salmo-elite-baitfeeder-7-2640br\/","title":{"rendered":"Spole Salmo ELITE BAITFEEDER 7 (2640BR)"},"content":{"rendered":"<div id=\"product-description\">\n<div id=\"product-description\">\n<p>Spole Salmo ELITE BAITFEEDER 7 (2640BR).<\/p>\n<p>&bull; Priek&scaron;\u0113j\u0101 bremze<\/p>\n<p>&bull; 6 lod\u012b&scaron;u gult\u0146i<\/p>\n<p>&bull; 1 rull\u012b&scaron;u gultnis<\/p>\n<p>&bull; Anti revers\u0101 sist\u0113ma<\/p>\n<p>&bull; meh\u0101nisms auklas uzt\u012b&scaron;anai  ar &#8220;nebeidzama v\u012btne&#8221;<\/p>\n<p>&bull; Regul\u0113jams Baitrunner sist\u0113mas sl\u0113dzis<\/p>\n<p>&bull; Augstas kvalit\u0101tes meh\u0101nisms: misi\u0146&scaron; &#8211; alum\u012bnijs<\/p>\n<p>&bull; Karbona korpuss<\/p>\n<p>&bull; Prim\u0101r\u0101 auklas uzt\u012b&scaron;anas kasete alum\u012bnija<\/p>\n<p>&bull; Papildus auklas uzt\u012b&scaron;anas kasete graf\u012bta<\/p>\n<p>&bull; Uzlabots konusveida auklas uztin\u0113js, samazinas auklas v\u0113rp&scaron;anos un nodilumu.<\/p>\n<p>&bull; Spoles loci\u0146&scaron; ar dobu vidu, iztur\u012bgs (viegls)<\/p>\n<p>&bull; P\u0101rkl\u0101jums no iztur\u012bga tit\u0101na nitr\u012bda:<\/p>\n<p>&#8211;  Lod\u012b&scaron;u gult\u0146i<\/p>\n<p>&#8211; Auklas uzti\u012b&scaron;anas kasetes kont\u016bras<\/p>\n<p>&bull; Rokturis:<\/p>\n<p>&#8211; No meh\u0101niski apstr\u0101d\u0101ta alum\u012bnija<\/p>\n<p>&#8211; Ar skr\u016bves tipa fiks\u0101ciju<\/p>\n<p>&#8211; Iesp\u0113jama lab\u0101s \/ kreis\u0101s puses uzst\u0101d\u012b&scaron;ana<\/p>\n<p>&bull; Ergonomisks  gumijas rokturis<\/p>\n<\/div>\n<\/div>\n<p>Svars (g) 365<br \/> Ietilp\u012bba (m\/mm) 175\/0.30<br \/> Rull\u012b&scaron;u gult\u0146u sk. 1 <br \/> Lod\u012b&scaron;u gult\u0146u sk. 6<br \/> P\u0101rnesums 5.2:1<strong><br \/><\/strong><\/p>\n","protected":false},"excerpt":{"rendered":"<p>Spole Salmo ELITE BAITFEEDER 7 (2640BR). &bull; Priek&scaron;\u0113j\u0101 bremze &bull; 6 lod\u012b&scaron;u gult\u0146i &bull; 1 rull\u012b&scaron;u gultnis &bull; Anti revers\u0101 sist\u0113ma &bull; meh\u0101nisms auklas uzt\u012b&scaron;anai ar &#8220;nebeidzama v\u012btne&#8221; &bull; Regul\u0113jams Baitrunner sist\u0113mas sl\u0113dzis &bull; Augstas kvalit\u0101tes meh\u0101nisms: misi\u0146&scaron; &#8211; alum\u012bnijs &bull; Karbona korpuss &bull; Prim\u0101r\u0101 auklas uzt\u012b&scaron;anas kasete alum\u012bnija &bull; Papildus auklas uzt\u012b&scaron;anas kasete graf\u012bta [&hellip;]<\/p>\n","protected":false},"featured_media":69162,"template":"","meta":[],"product_brand":[],"product_cat":[4538,4539,4541],"product_tag":[],"class_list":{"0":"post-78100","1":"product","2":"type-product","3":"status-publish","4":"has-post-thumbnail","6":"product_cat-fishing-equipment-recreation","7":"product_cat-reels-fishing-equipment-recreation","8":"product_cat-spinning-reels-reels-fishing-equipment-recreation","10":"first","11":"instock","12":"shipping-taxable","13":"purchasable","14":"product-type-simple"},"_links":{"self":[{"href":"https:\/\/sezona.lv\/en\/wp-json\/wp\/v2\/product\/78100","targetHints":{"allow":["GET"]}}],"collection":[{"href":"https:\/\/sezona.lv\/en\/wp-json\/wp\/v2\/product"}],"about":[{"href":"https:\/\/sezona.lv\/en\/wp-json\/wp\/v2\/types\/product"}],"wp:featuredmedia":[{"embeddable":true,"href":"https:\/\/sezona.lv\/en\/wp-json\/wp\/v2\/media\/69162"}],"wp:attachment":[{"href":"https:\/\/sezona.lv\/en\/wp-json\/wp\/v2\/media?parent=78100"}],"wp:term":[{"taxonomy":"product_brand","embeddable":true,"href":"https:\/\/sezona.lv\/en\/wp-json\/wp\/v2\/product_brand?post=78100"},{"taxonomy":"product_cat","embeddable":true,"href":"https:\/\/sezona.lv\/en\/wp-json\/wp\/v2\/product_cat?post=78100"},{"taxonomy":"product_tag","embeddable":true,"href":"https:\/\/sezona.lv\/en\/wp-json\/wp\/v2\/product_tag?post=78100"}],"curies":[{"name":"wp","href":"https:\/\/api.w.org\/{rel}","templated":true}]}}