{"id":78102,"date":"2025-07-11T16:29:45","date_gmt":"2025-07-11T13:29:45","guid":{"rendered":"https:\/\/demo8.ecube.lv\/sezona.lv\/products\/salmo-diamond-carp-5-2540br\/"},"modified":"2025-07-14T15:18:21","modified_gmt":"2025-07-14T12:18:21","slug":"salmo-diamond-carp-5-2540br","status":"publish","type":"product","link":"https:\/\/sezona.lv\/en\/products\/salmo-diamond-carp-5-2540br\/","title":{"rendered":"Salmo Diamond CARP 5 (2540BR)"},"content":{"rendered":"<p>Salmo Diamond CARP 5 (2540BR).<\/p>\n<p>2018. gada modelis.<\/p>\n<p>Specializ\u0101cija &ndash; karpu, saz\u0101nu, k\u0101 ar\u012b citu lielu zivju \u0137er&scaron;ana  ar  gruntsmak&scaron;\u0137eri. Jaud\u012bg\u0101 un l\u0113n\u0101 spole nodro&scaron;ina efekt\u012bvu jebkuras  zivs  izvilk&scaron;anu no \u016bdens. Carp Runner sist\u0113ma \u013cauj iestat\u012bt stabilu   nepiecie&scaron;amo auklas izt\u012b&scaron;anas slodzi, mak&scaron;\u0137er\u0113jot jebkura lieluma zivis.   Pateicoties iztur\u012bgajam oglek\u013ca kompoz\u012btmateri\u0101la korpusam, iesp\u0113jai   prec\u012bzi regul\u0113t priek&scaron;\u0113jo bremzi, \u0113rtajam rokturim un meh\u0101nisma   dro&scaron;umam, &scaron;is modelis ir to mak&scaron;\u0137ernieku r\u012bku kast\u0113s, kuriem spoles   iztur\u012bba ir pamatkrit\u0113rijs.<\/p>\n<p> &bull; Priek&scaron;\u0113j\u0101 bremze ar vienm\u0113r\u012bgas regul\u0113&scaron;anas iesp\u0113ju<br \/> &bull; 4 lod\u012b&scaron;u gult\u0146i<br \/> &bull; 1 rull\u012b&scaron;u gultnis<br \/> &bull; Moment\u0101nas iedarb\u012bbas antireversa sist\u0113ma<br \/> &bull; Ergonomisks apak&scaron;\u0113jais antireversa sist\u0113mas p\u0101rsl\u0113gs<br \/> &bull; CARP RUNNER meh\u0101nisma p\u0101rsl\u0113g&scaron;ana ar \u0113rtu r\u0101mjveida sl\u0113dzi<br \/> &bull; Korpuss no oglek\u013ca kompoz\u012btmateri\u0101la<br \/> &bull; Pamatkasete no alum\u012bnija (atvieglota)<br \/> &bull; Papildu kasete no oglek\u013ca kompoz\u012btmateri\u0101la<br \/> &bull; Palielin\u0101ts konusveida uzt\u012b&scaron;anas rull\u012btis, kas pasarg\u0101 auklu no sav\u0113rp&scaron;an\u0101s<\/p>\n<p> &bull; Rokturis:<br \/> &#8211; skr\u016bves tipa fiks\u0101cija<br \/> &#8211; abpus\u0113ji main\u0101ms<\/p>\n<p> Svars (g) 376<br \/> Ietilp\u012bba (m\/mm) 130\/0.35<br \/> Rull\u012b&scaron;u gult\u0146u sk. 1 <br \/> Lod\u012b&scaron;u gult\u0146u sk. 4 <br \/> P\u0101rnesums 5,2 : 1<\/p>\n","protected":false},"excerpt":{"rendered":"<p>Salmo Diamond CARP 5 (2540BR). 2018. gada modelis. Specializ\u0101cija &ndash; karpu, saz\u0101nu, k\u0101 ar\u012b citu lielu zivju \u0137er&scaron;ana ar gruntsmak&scaron;\u0137eri. Jaud\u012bg\u0101 un l\u0113n\u0101 spole nodro&scaron;ina efekt\u012bvu jebkuras zivs izvilk&scaron;anu no \u016bdens. Carp Runner sist\u0113ma \u013cauj iestat\u012bt stabilu nepiecie&scaron;amo auklas izt\u012b&scaron;anas slodzi, mak&scaron;\u0137er\u0113jot jebkura lieluma zivis. Pateicoties iztur\u012bgajam oglek\u013ca kompoz\u012btmateri\u0101la korpusam, iesp\u0113jai prec\u012bzi regul\u0113t priek&scaron;\u0113jo bremzi, [&hellip;]<\/p>\n","protected":false},"featured_media":0,"template":"","meta":[],"product_brand":[],"product_cat":[4538,4539,4541],"product_tag":[],"class_list":{"0":"post-78102","1":"product","2":"type-product","3":"status-publish","5":"product_cat-fishing-equipment-recreation","6":"product_cat-reels-fishing-equipment-recreation","7":"product_cat-spinning-reels-reels-fishing-equipment-recreation","9":"first","10":"instock","11":"shipping-taxable","12":"purchasable","13":"product-type-simple"},"_links":{"self":[{"href":"https:\/\/sezona.lv\/en\/wp-json\/wp\/v2\/product\/78102","targetHints":{"allow":["GET"]}}],"collection":[{"href":"https:\/\/sezona.lv\/en\/wp-json\/wp\/v2\/product"}],"about":[{"href":"https:\/\/sezona.lv\/en\/wp-json\/wp\/v2\/types\/product"}],"wp:attachment":[{"href":"https:\/\/sezona.lv\/en\/wp-json\/wp\/v2\/media?parent=78102"}],"wp:term":[{"taxonomy":"product_brand","embeddable":true,"href":"https:\/\/sezona.lv\/en\/wp-json\/wp\/v2\/product_brand?post=78102"},{"taxonomy":"product_cat","embeddable":true,"href":"https:\/\/sezona.lv\/en\/wp-json\/wp\/v2\/product_cat?post=78102"},{"taxonomy":"product_tag","embeddable":true,"href":"https:\/\/sezona.lv\/en\/wp-json\/wp\/v2\/product_tag?post=78102"}],"curies":[{"name":"wp","href":"https:\/\/api.w.org\/{rel}","templated":true}]}}