{"id":78105,"date":"2025-07-11T16:29:49","date_gmt":"2025-07-11T13:29:49","guid":{"rendered":"https:\/\/demo8.ecube.lv\/sezona.lv\/products\/salmo-blaster-carp-3131-360\/"},"modified":"2025-07-14T15:18:24","modified_gmt":"2025-07-14T12:18:24","slug":"salmo-blaster-carp-3131-360","status":"publish","type":"product","link":"https:\/\/sezona.lv\/en\/products\/salmo-blaster-carp-3131-360\/","title":{"rendered":"Salmo Blaster Carp (3131-360)"},"content":{"rendered":"<p>Salmo Blaster Carp (3131-360).<\/p>\n<p>Uzticami vid\u0113jas akcijas divposmu karpu k\u0101ti. OVER STEEK tipa<\/p>\n<p>posmu savienojums, divda\u013c\u012bgs neopr\u0113na rokturis, klasisks spoles<\/p>\n<p>tur\u0113t\u0101js un auklas caurlaides ri\u0146\u0137i ar SIC ielikt\u0146iem. Ned\u0101rgi mak&scaron;\u0137erk\u0101ti,<\/p>\n<p>ar kuriem var \u0137ert ne tikai karpas, bet ar\u012b citas lielas zivis.<\/p>\n<p>Ieteicams l\u012bdz 110 gramus smagu mont\u0101\u017eu me&scaron;anai.<\/p>\n<p>&bull; Materi\u0101ls &ndash; stikl&scaron;\u0137iedra<\/p>\n<p>&bull; Vid\u0113ja akcija<\/p>\n<p>&bull; Over steek tipa posmu savienojumi<\/p>\n<p>Auklas caurlaides ri\u0146\u0137i:<\/p>\n<p>&#8211; ar SIC ielikt\u0146iem<\/p>\n<p>Rokturis:<\/p>\n<p>&#8211; neopr\u0113na<\/p>\n<p>&#8211; divda\u013c\u012bgs<\/p>\n<p>Spoles tur\u0113t\u0101js:<\/p>\n<p>&#8211; v\u012bt\u0146veida<\/p>\n<table id=\"product-properties\" class=\"table-display\" border=\"0\">\n<tbody>\n<tr>\n<td class=\"title\">TOP<\/td>\n<td>Y<\/td>\n<\/tr>\n<tr>\n<td class=\"title\">Z\u012bmols<\/td>\n<td>SALMO<\/td>\n<\/tr>\n<tr>\n<td class=\"title\">Svars (g)<\/td>\n<td>470<\/td>\n<\/tr>\n<tr>\n<td class=\"title\">Garums (m)<\/td>\n<td>3,60<\/td>\n<\/tr>\n<tr>\n<td class=\"title\">Transp. garums (cm)<\/td>\n<td>190<\/td>\n<\/tr>\n<tr>\n<td class=\"title\">Sekciju skaits<\/td>\n<td>2<\/td>\n<\/tr>\n<tr>\n<td class=\"title\">Modelis<\/td>\n<td>CARPIX<\/td>\n<\/tr>\n<tr>\n<td class=\"title\">Tests (Lbs)<\/td>\n<td>2,75<\/td>\n<\/tr>\n<\/tbody>\n<\/table>\n","protected":false},"excerpt":{"rendered":"<p>Salmo Blaster Carp (3131-360). Uzticami vid\u0113jas akcijas divposmu karpu k\u0101ti. OVER STEEK tipa posmu savienojums, divda\u013c\u012bgs neopr\u0113na rokturis, klasisks spoles tur\u0113t\u0101js un auklas caurlaides ri\u0146\u0137i ar SIC ielikt\u0146iem. Ned\u0101rgi mak&scaron;\u0137erk\u0101ti, ar kuriem var \u0137ert ne tikai karpas, bet ar\u012b citas lielas zivis. Ieteicams l\u012bdz 110 gramus smagu mont\u0101\u017eu me&scaron;anai. &bull; Materi\u0101ls &ndash; stikl&scaron;\u0137iedra &bull; Vid\u0113ja [&hellip;]<\/p>\n","protected":false},"featured_media":69177,"template":"","meta":[],"product_brand":[894],"product_cat":[4538,4540,4544],"product_tag":[],"class_list":{"0":"post-78105","1":"product","2":"type-product","3":"status-publish","4":"has-post-thumbnail","6":"product_brand-salmo","7":"product_cat-fishing-equipment-recreation","8":"product_cat-fishing-rods-fishing-equipment-recreation","9":"product_cat-carp-fishing-rods-fishing-rods-fishing-equipment-recreation","11":"first","12":"instock","13":"sale","14":"shipping-taxable","15":"purchasable","16":"product-type-simple"},"_links":{"self":[{"href":"https:\/\/sezona.lv\/en\/wp-json\/wp\/v2\/product\/78105","targetHints":{"allow":["GET"]}}],"collection":[{"href":"https:\/\/sezona.lv\/en\/wp-json\/wp\/v2\/product"}],"about":[{"href":"https:\/\/sezona.lv\/en\/wp-json\/wp\/v2\/types\/product"}],"wp:featuredmedia":[{"embeddable":true,"href":"https:\/\/sezona.lv\/en\/wp-json\/wp\/v2\/media\/69177"}],"wp:attachment":[{"href":"https:\/\/sezona.lv\/en\/wp-json\/wp\/v2\/media?parent=78105"}],"wp:term":[{"taxonomy":"product_brand","embeddable":true,"href":"https:\/\/sezona.lv\/en\/wp-json\/wp\/v2\/product_brand?post=78105"},{"taxonomy":"product_cat","embeddable":true,"href":"https:\/\/sezona.lv\/en\/wp-json\/wp\/v2\/product_cat?post=78105"},{"taxonomy":"product_tag","embeddable":true,"href":"https:\/\/sezona.lv\/en\/wp-json\/wp\/v2\/product_tag?post=78105"}],"curies":[{"name":"wp","href":"https:\/\/api.w.org\/{rel}","templated":true}]}}