{"id":78106,"date":"2025-07-11T16:29:51","date_gmt":"2025-07-11T13:29:51","guid":{"rendered":"https:\/\/demo8.ecube.lv\/sezona.lv\/products\/salmo-skeres-pitai-auklai-ar-rinku-atpleteju-lj-133-03\/"},"modified":"2025-07-14T15:18:25","modified_gmt":"2025-07-14T12:18:25","slug":"salmo-skeres-pitai-auklai-ar-rinku-atpleteju-lj-133-03","status":"publish","type":"product","link":"https:\/\/sezona.lv\/en\/products\/salmo-skeres-pitai-auklai-ar-rinku-atpleteju-lj-133-03\/","title":{"rendered":"Salmo \u0160\u0137\u0113res p\u012btai auklai ar ri\u0146\u0137u atpl\u0113t\u0113ju LJ-133-03"},"content":{"rendered":"<p>Salmo &Scaron;\u0137\u0113res p\u012btai auklai ar ri\u0146\u0137u atpl\u0113t\u0113ju LJ-133-03.<\/p>\n","protected":false},"excerpt":{"rendered":"<p>Salmo &Scaron;\u0137\u0113res p\u012btai auklai ar ri\u0146\u0137u atpl\u0113t\u0113ju LJ-133-03.<\/p>\n","protected":false},"featured_media":69180,"template":"","meta":[],"product_brand":[894],"product_cat":[4538,4559],"product_tag":[],"class_list":{"0":"post-78106","1":"product","2":"type-product","3":"status-publish","4":"has-post-thumbnail","6":"product_brand-salmo","7":"product_cat-fishing-equipment-recreation","8":"product_cat-equipment-fishing-equipment-recreation","10":"first","11":"instock","12":"shipping-taxable","13":"purchasable","14":"product-type-simple"},"_links":{"self":[{"href":"https:\/\/sezona.lv\/en\/wp-json\/wp\/v2\/product\/78106","targetHints":{"allow":["GET"]}}],"collection":[{"href":"https:\/\/sezona.lv\/en\/wp-json\/wp\/v2\/product"}],"about":[{"href":"https:\/\/sezona.lv\/en\/wp-json\/wp\/v2\/types\/product"}],"wp:featuredmedia":[{"embeddable":true,"href":"https:\/\/sezona.lv\/en\/wp-json\/wp\/v2\/media\/69180"}],"wp:attachment":[{"href":"https:\/\/sezona.lv\/en\/wp-json\/wp\/v2\/media?parent=78106"}],"wp:term":[{"taxonomy":"product_brand","embeddable":true,"href":"https:\/\/sezona.lv\/en\/wp-json\/wp\/v2\/product_brand?post=78106"},{"taxonomy":"product_cat","embeddable":true,"href":"https:\/\/sezona.lv\/en\/wp-json\/wp\/v2\/product_cat?post=78106"},{"taxonomy":"product_tag","embeddable":true,"href":"https:\/\/sezona.lv\/en\/wp-json\/wp\/v2\/product_tag?post=78106"}],"curies":[{"name":"wp","href":"https:\/\/api.w.org\/{rel}","templated":true}]}}