{"id":78107,"date":"2025-07-14T15:18:26","date_gmt":"2025-07-14T12:18:26","guid":{"rendered":"https:\/\/demo8.ecube.lv\/sezona.lv\/products\/salmo-zoklu-satverejs-plastmasas-lj-9604\/"},"modified":"2025-07-14T15:18:26","modified_gmt":"2025-07-14T12:18:26","slug":"salmo-zoklu-satverejs-plastmasas-lj-9604","status":"publish","type":"product","link":"https:\/\/sezona.lv\/en\/products\/salmo-zoklu-satverejs-plastmasas-lj-9604\/","title":{"rendered":"Salmo \u017dok\u013cu satv\u0113r\u0113js plastmasas LJ-9604"},"content":{"rendered":"<p>Salmo \u017dok\u013cu satv\u0113r\u0113js plastmasas LJ-9604.<\/p>\n","protected":false},"excerpt":{"rendered":"<p>Salmo \u017dok\u013cu satv\u0113r\u0113js plastmasas LJ-9604.<\/p>\n","protected":false},"featured_media":0,"template":"","meta":[],"product_brand":[894],"product_cat":[4538,4559,4640],"product_tag":[],"class_list":{"0":"post-78107","1":"product","2":"type-product","3":"status-publish","5":"product_brand-salmo","6":"product_cat-fishing-equipment-recreation","7":"product_cat-equipment-fishing-equipment-recreation","8":"product_cat-recreation","10":"first","11":"instock","12":"shipping-taxable","13":"purchasable","14":"product-type-simple"},"_links":{"self":[{"href":"https:\/\/sezona.lv\/en\/wp-json\/wp\/v2\/product\/78107","targetHints":{"allow":["GET"]}}],"collection":[{"href":"https:\/\/sezona.lv\/en\/wp-json\/wp\/v2\/product"}],"about":[{"href":"https:\/\/sezona.lv\/en\/wp-json\/wp\/v2\/types\/product"}],"wp:attachment":[{"href":"https:\/\/sezona.lv\/en\/wp-json\/wp\/v2\/media?parent=78107"}],"wp:term":[{"taxonomy":"product_brand","embeddable":true,"href":"https:\/\/sezona.lv\/en\/wp-json\/wp\/v2\/product_brand?post=78107"},{"taxonomy":"product_cat","embeddable":true,"href":"https:\/\/sezona.lv\/en\/wp-json\/wp\/v2\/product_cat?post=78107"},{"taxonomy":"product_tag","embeddable":true,"href":"https:\/\/sezona.lv\/en\/wp-json\/wp\/v2\/product_tag?post=78107"}],"curies":[{"name":"wp","href":"https:\/\/api.w.org\/{rel}","templated":true}]}}