{"id":78120,"date":"2025-07-11T16:30:25","date_gmt":"2025-07-11T13:30:25","guid":{"rendered":"https:\/\/demo8.ecube.lv\/sezona.lv\/products\/salmo-makskere-sniper-bolognese-meium-m-5-0-5303-500\/"},"modified":"2025-07-14T15:18:42","modified_gmt":"2025-07-14T12:18:42","slug":"salmo-makskere-sniper-bolognese-meium-m-5-0-5303-500","status":"publish","type":"product","link":"https:\/\/sezona.lv\/en\/products\/salmo-makskere-sniper-bolognese-meium-m-5-0-5303-500\/","title":{"rendered":"Salmo Mak\u0161\u0137ere SNIPER BOLOGNESE MEIUM M 5.0 (5303-500)"},"content":{"rendered":"<dt><span>Vid\u0113jas ciet\u012bbas teleskopisk\u0101 rin\u0137u mak&scaron;\u0137ere no kompoz\u012btmateri\u0101la. K\u0101ts apr\u012bkots ar SIC p\u0101rkl\u0101juma caurlaides ri\u0146\u0137iem, k\u0101 ar\u012b 2 sl\u012bdo&scaron;ajiem caurlaides gredzeniem vienm\u0113r\u012bgai slodzes izdal\u012b&scaron;anai pa k\u0101tu, CLIP UP spoles tur\u0113t\u0101ju un rokturi ar nesl\u012bdo&scaron;u p\u0101rkl\u0101jumu.<\/span><\/dt>\n<dt><\/dt>\n<dt>Svars<\/dt>\n<dd>338<\/dd>\n<dt>Tests<\/dt>\n<dd>3-15<\/dd>\n<dt>Garums<\/dt>\n<dd>5.00<\/dd>\n<dt>Sekciju skaits<\/dt>\n<dd>5<\/dd>\n<dt>Transport\u0113jamais garums<\/dt>\n<dd>122<\/dd>\n","protected":false},"excerpt":{"rendered":"<p>Vid\u0113jas ciet\u012bbas teleskopisk\u0101 rin\u0137u mak&scaron;\u0137ere no kompoz\u012btmateri\u0101la. K\u0101ts apr\u012bkots ar SIC p\u0101rkl\u0101juma caurlaides ri\u0146\u0137iem, k\u0101 ar\u012b 2 sl\u012bdo&scaron;ajiem caurlaides gredzeniem vienm\u0113r\u012bgai slodzes izdal\u012b&scaron;anai pa k\u0101tu, CLIP UP spoles tur\u0113t\u0101ju un rokturi ar nesl\u012bdo&scaron;u p\u0101rkl\u0101jumu. Svars 338 Tests 3-15 Garums 5.00 Sekciju skaits 5 Transport\u0113jamais garums 122<\/p>\n","protected":false},"featured_media":69227,"template":"","meta":[],"product_brand":[894],"product_cat":[4538,4540,4548],"product_tag":[],"class_list":{"0":"post-78120","1":"product","2":"type-product","3":"status-publish","4":"has-post-thumbnail","6":"product_brand-salmo","7":"product_cat-fishing-equipment-recreation","8":"product_cat-fishing-rods-fishing-equipment-recreation","9":"product_cat-float-fishing-rods-fishing-rods-fishing-equipment-recreation","11":"first","12":"instock","13":"shipping-taxable","14":"purchasable","15":"product-type-simple"},"_links":{"self":[{"href":"https:\/\/sezona.lv\/en\/wp-json\/wp\/v2\/product\/78120","targetHints":{"allow":["GET"]}}],"collection":[{"href":"https:\/\/sezona.lv\/en\/wp-json\/wp\/v2\/product"}],"about":[{"href":"https:\/\/sezona.lv\/en\/wp-json\/wp\/v2\/types\/product"}],"wp:featuredmedia":[{"embeddable":true,"href":"https:\/\/sezona.lv\/en\/wp-json\/wp\/v2\/media\/69227"}],"wp:attachment":[{"href":"https:\/\/sezona.lv\/en\/wp-json\/wp\/v2\/media?parent=78120"}],"wp:term":[{"taxonomy":"product_brand","embeddable":true,"href":"https:\/\/sezona.lv\/en\/wp-json\/wp\/v2\/product_brand?post=78120"},{"taxonomy":"product_cat","embeddable":true,"href":"https:\/\/sezona.lv\/en\/wp-json\/wp\/v2\/product_cat?post=78120"},{"taxonomy":"product_tag","embeddable":true,"href":"https:\/\/sezona.lv\/en\/wp-json\/wp\/v2\/product_tag?post=78120"}],"curies":[{"name":"wp","href":"https:\/\/api.w.org\/{rel}","templated":true}]}}