{"id":78121,"date":"2025-07-11T16:30:26","date_gmt":"2025-07-11T13:30:26","guid":{"rendered":"https:\/\/demo8.ecube.lv\/sezona.lv\/products\/salmo-spinings-elite-n-twitch-15-1-83-4168-183\/"},"modified":"2025-07-14T15:18:43","modified_gmt":"2025-07-14T12:18:43","slug":"salmo-spinings-elite-n-twitch-15-1-83-4168-183","status":"publish","type":"product","link":"https:\/\/sezona.lv\/en\/products\/salmo-spinings-elite-n-twitch-15-1-83-4168-183\/","title":{"rendered":"Salmo Spinings ELITE N&#8217;TWITCH 15 1.83 (4168-183)"},"content":{"rendered":"<p><span>M\u016bsdien\u012bgs spininga k\u0101ts, paredz\u0113ts izmanto&scaron;anai d\u017eiga un tvi\u010da tehnik\u0101. Apr\u012bkots ar SIC caurlaides ri\u0146\u0137iem, ergonomisku EVA rokturi un kvalitat\u012bvu skr\u016bv\u0113jamu spoles tur\u0113t\u0101ju. Komplekt\u0101 m\u012bksts auduma \u010dehols transport\u0113&scaron;anai.<\/span><\/p>\n<dt>Artikuls<\/dt>\n<dd>4168-183<\/dd>\n<dt>Svars<\/dt>\n<dd>95<\/dd>\n<dt>Tests<\/dt>\n<dd>3-15<\/dd>\n<dt>Garums<\/dt>\n<dd>1.83<\/dd>\n<dt>Sekciju skaits<\/dt>\n<dd>2<\/dd>\n<dt>Transport\u0113jamais garums<\/dt>\n<dd>95<\/dd>\n<dt>Z\u012bmols<\/dt>\n<dd>SALMO<\/dd>\n","protected":false},"excerpt":{"rendered":"<p>M\u016bsdien\u012bgs spininga k\u0101ts, paredz\u0113ts izmanto&scaron;anai d\u017eiga un tvi\u010da tehnik\u0101. Apr\u012bkots ar SIC caurlaides ri\u0146\u0137iem, ergonomisku EVA rokturi un kvalitat\u012bvu skr\u016bv\u0113jamu spoles tur\u0113t\u0101ju. Komplekt\u0101 m\u012bksts auduma \u010dehols transport\u0113&scaron;anai. Artikuls 4168-183 Svars 95 Tests 3-15 Garums 1.83 Sekciju skaits 2 Transport\u0113jamais garums 95 Z\u012bmols SALMO<\/p>\n","protected":false},"featured_media":0,"template":"","meta":[],"product_brand":[894],"product_cat":[4538,4540,4551],"product_tag":[],"class_list":{"0":"post-78121","1":"product","2":"type-product","3":"status-publish","5":"product_brand-salmo","6":"product_cat-fishing-equipment-recreation","7":"product_cat-fishing-rods-fishing-equipment-recreation","8":"product_cat-spin-fishing-rods-fishing-rods-fishing-equipment-recreation","10":"first","11":"instock","12":"shipping-taxable","13":"purchasable","14":"product-type-simple"},"_links":{"self":[{"href":"https:\/\/sezona.lv\/en\/wp-json\/wp\/v2\/product\/78121","targetHints":{"allow":["GET"]}}],"collection":[{"href":"https:\/\/sezona.lv\/en\/wp-json\/wp\/v2\/product"}],"about":[{"href":"https:\/\/sezona.lv\/en\/wp-json\/wp\/v2\/types\/product"}],"wp:attachment":[{"href":"https:\/\/sezona.lv\/en\/wp-json\/wp\/v2\/media?parent=78121"}],"wp:term":[{"taxonomy":"product_brand","embeddable":true,"href":"https:\/\/sezona.lv\/en\/wp-json\/wp\/v2\/product_brand?post=78121"},{"taxonomy":"product_cat","embeddable":true,"href":"https:\/\/sezona.lv\/en\/wp-json\/wp\/v2\/product_cat?post=78121"},{"taxonomy":"product_tag","embeddable":true,"href":"https:\/\/sezona.lv\/en\/wp-json\/wp\/v2\/product_tag?post=78121"}],"curies":[{"name":"wp","href":"https:\/\/api.w.org\/{rel}","templated":true}]}}