{"id":78123,"date":"2025-07-11T16:30:29","date_gmt":"2025-07-11T13:30:29","guid":{"rendered":"https:\/\/demo8.ecube.lv\/sezona.lv\/products\/salmo-spinings-elite-n-twitch-22-2-13-4170-213\/"},"modified":"2025-07-14T15:18:45","modified_gmt":"2025-07-14T12:18:45","slug":"salmo-spinings-elite-n-twitch-22-2-13-4170-213","status":"publish","type":"product","link":"https:\/\/sezona.lv\/en\/products\/salmo-spinings-elite-n-twitch-22-2-13-4170-213\/","title":{"rendered":"Salmo Spinings ELITE N&#8217;TWITCH 22 2.13 (4170-213)"},"content":{"rendered":"<p><span>M\u016bsdien\u012bgs spininga k\u0101ts, paredz\u0113ts izmanto&scaron;anai d\u017eiga un tvi\u010da tehnik\u0101. Apr\u012bkots ar SIC caurlaides ri\u0146\u0137iem, ergonomisku EVA rokturi un kvalitat\u012bvu skr\u016bv\u0113jamu spoles tur\u0113t\u0101ju. Komplekt\u0101 m\u012bksts auduma \u010dehols transport\u0113&scaron;anai.<\/span><\/p>\n<dt>Artikuls<\/dt>\n<dd>4170-213<\/dd>\n<dt>Svars<\/dt>\n<dd>120<\/dd>\n<dt>Tests<\/dt>\n<dd>5-22<\/dd>\n<dt>Garums<\/dt>\n<dd>2.13<\/dd>\n<dt>Sekciju skaits<\/dt>\n<dd>2<\/dd>\n<dt>Transport\u0113jamais garums<\/dt>\n<dd>110<\/dd>\n","protected":false},"excerpt":{"rendered":"<p>M\u016bsdien\u012bgs spininga k\u0101ts, paredz\u0113ts izmanto&scaron;anai d\u017eiga un tvi\u010da tehnik\u0101. Apr\u012bkots ar SIC caurlaides ri\u0146\u0137iem, ergonomisku EVA rokturi un kvalitat\u012bvu skr\u016bv\u0113jamu spoles tur\u0113t\u0101ju. Komplekt\u0101 m\u012bksts auduma \u010dehols transport\u0113&scaron;anai. Artikuls 4170-213 Svars 120 Tests 5-22 Garums 2.13 Sekciju skaits 2 Transport\u0113jamais garums 110<\/p>\n","protected":false},"featured_media":69236,"template":"","meta":[],"product_brand":[894],"product_cat":[4538,4540,4551],"product_tag":[],"class_list":{"0":"post-78123","1":"product","2":"type-product","3":"status-publish","4":"has-post-thumbnail","6":"product_brand-salmo","7":"product_cat-fishing-equipment-recreation","8":"product_cat-fishing-rods-fishing-equipment-recreation","9":"product_cat-spin-fishing-rods-fishing-rods-fishing-equipment-recreation","11":"first","12":"instock","13":"shipping-taxable","14":"purchasable","15":"product-type-simple"},"_links":{"self":[{"href":"https:\/\/sezona.lv\/en\/wp-json\/wp\/v2\/product\/78123","targetHints":{"allow":["GET"]}}],"collection":[{"href":"https:\/\/sezona.lv\/en\/wp-json\/wp\/v2\/product"}],"about":[{"href":"https:\/\/sezona.lv\/en\/wp-json\/wp\/v2\/types\/product"}],"wp:featuredmedia":[{"embeddable":true,"href":"https:\/\/sezona.lv\/en\/wp-json\/wp\/v2\/media\/69236"}],"wp:attachment":[{"href":"https:\/\/sezona.lv\/en\/wp-json\/wp\/v2\/media?parent=78123"}],"wp:term":[{"taxonomy":"product_brand","embeddable":true,"href":"https:\/\/sezona.lv\/en\/wp-json\/wp\/v2\/product_brand?post=78123"},{"taxonomy":"product_cat","embeddable":true,"href":"https:\/\/sezona.lv\/en\/wp-json\/wp\/v2\/product_cat?post=78123"},{"taxonomy":"product_tag","embeddable":true,"href":"https:\/\/sezona.lv\/en\/wp-json\/wp\/v2\/product_tag?post=78123"}],"curies":[{"name":"wp","href":"https:\/\/api.w.org\/{rel}","templated":true}]}}