{"id":78125,"date":"2025-07-11T16:30:32","date_gmt":"2025-07-11T13:30:32","guid":{"rendered":"https:\/\/demo8.ecube.lv\/sezona.lv\/products\/salmo-makskere-blaster-power-boat-2-40-2121-240\/"},"modified":"2025-07-14T15:18:47","modified_gmt":"2025-07-14T12:18:47","slug":"salmo-makskere-blaster-power-boat-2-40-2121-240","status":"publish","type":"product","link":"https:\/\/sezona.lv\/en\/products\/salmo-makskere-blaster-power-boat-2-40-2121-240\/","title":{"rendered":"Salmo Mak\u0161\u0137ere BLASTER POWER BOAT 2.40 (2121-240)"},"content":{"rendered":"<p><span>\u013boti jaud\u012bgs mak&scaron;\u0137erk\u0101ts \u0137er&scaron;anai j\u016br\u0101 p\u0101r laivas bortu. Apr\u012bkots ar iztur\u012bgiem caurlaides ri\u0146\u0137iem uz div\u0101m k\u0101ji\u0146\u0101m ar SIC p\u0101rkl\u0101jumu, iztur\u012bgu rokturi no EVA materi\u0101la un skr\u016bv\u0113jamu spoles tur\u0113t\u0101ju. K\u0101ta spice ir ko&scaron;i dzelten\u0101 kr\u0101s\u0101 lab\u0101kai redzam\u012bbai. Materi\u0101ls &#8211; kompoz\u012bts.<\/span><\/p>\n<p>Svars: 390g<\/p>\n<p>Garums: 2,40m<\/p>\n<p>Transport\u0113jamais garums: 1,26m<\/p>\n<p>Sekciju skaits: 2<\/p>\n<p>Tests: 200-500<\/p>\n","protected":false},"excerpt":{"rendered":"<p>\u013boti jaud\u012bgs mak&scaron;\u0137erk\u0101ts \u0137er&scaron;anai j\u016br\u0101 p\u0101r laivas bortu. Apr\u012bkots ar iztur\u012bgiem caurlaides ri\u0146\u0137iem uz div\u0101m k\u0101ji\u0146\u0101m ar SIC p\u0101rkl\u0101jumu, iztur\u012bgu rokturi no EVA materi\u0101la un skr\u016bv\u0113jamu spoles tur\u0113t\u0101ju. K\u0101ta spice ir ko&scaron;i dzelten\u0101 kr\u0101s\u0101 lab\u0101kai redzam\u012bbai. Materi\u0101ls &#8211; kompoz\u012bts. Svars: 390g Garums: 2,40m Transport\u0113jamais garums: 1,26m Sekciju skaits: 2 Tests: 200-500<\/p>\n","protected":false},"featured_media":0,"template":"","meta":[],"product_brand":[894],"product_cat":[4538,4540,4543],"product_tag":[],"class_list":{"0":"post-78125","1":"product","2":"type-product","3":"status-publish","5":"product_brand-salmo","6":"product_cat-fishing-equipment-recreation","7":"product_cat-fishing-rods-fishing-equipment-recreation","8":"product_cat-trolling-fishing-rods-fishing-rods-fishing-equipment-recreation","10":"first","11":"instock","12":"shipping-taxable","13":"purchasable","14":"product-type-simple"},"_links":{"self":[{"href":"https:\/\/sezona.lv\/en\/wp-json\/wp\/v2\/product\/78125","targetHints":{"allow":["GET"]}}],"collection":[{"href":"https:\/\/sezona.lv\/en\/wp-json\/wp\/v2\/product"}],"about":[{"href":"https:\/\/sezona.lv\/en\/wp-json\/wp\/v2\/types\/product"}],"wp:attachment":[{"href":"https:\/\/sezona.lv\/en\/wp-json\/wp\/v2\/media?parent=78125"}],"wp:term":[{"taxonomy":"product_brand","embeddable":true,"href":"https:\/\/sezona.lv\/en\/wp-json\/wp\/v2\/product_brand?post=78125"},{"taxonomy":"product_cat","embeddable":true,"href":"https:\/\/sezona.lv\/en\/wp-json\/wp\/v2\/product_cat?post=78125"},{"taxonomy":"product_tag","embeddable":true,"href":"https:\/\/sezona.lv\/en\/wp-json\/wp\/v2\/product_tag?post=78125"}],"curies":[{"name":"wp","href":"https:\/\/api.w.org\/{rel}","templated":true}]}}