{"id":78131,"date":"2025-07-11T16:30:39","date_gmt":"2025-07-11T13:30:39","guid":{"rendered":"https:\/\/demo8.ecube.lv\/sezona.lv\/products\/salmo-spinings-blaster-spin-80-2-40-2409-240\/"},"modified":"2025-07-14T15:18:53","modified_gmt":"2025-07-14T12:18:53","slug":"salmo-spinings-blaster-spin-80-2-40-2409-240","status":"publish","type":"product","link":"https:\/\/sezona.lv\/en\/products\/salmo-spinings-blaster-spin-80-2-40-2409-240\/","title":{"rendered":"Salmo spinings Blaster SPIN 80 2.40 (2409-240)"},"content":{"rendered":"<p><span>M\u016bsdien\u012bga dizaina kompoz\u012btmateri\u0101la spininga k\u0101ti. Ned\u0101rg\u0101s cenas d\u0113\u013c b\u016bs lieliska izv\u0113le mak&scaron;\u0137erniekiem &#8211; ies\u0101c\u0113jiem.<\/span><\/p>\n<p><span>Svars: 235g;<\/span><\/p>\n<p>Garums: 240cm;<\/p>\n<p>Transp garums: 125cm;<\/p>\n<p>Sekciju skaits: 2;<\/p>\n<p>Tests: 20-80g<\/p>\n","protected":false},"excerpt":{"rendered":"<p>M\u016bsdien\u012bga dizaina kompoz\u012btmateri\u0101la spininga k\u0101ti. Ned\u0101rg\u0101s cenas d\u0113\u013c b\u016bs lieliska izv\u0113le mak&scaron;\u0137erniekiem &#8211; ies\u0101c\u0113jiem. Svars: 235g; Garums: 240cm; Transp garums: 125cm; Sekciju skaits: 2; Tests: 20-80g<\/p>\n","protected":false},"featured_media":0,"template":"","meta":[],"product_brand":[894],"product_cat":[4538,4540,4551],"product_tag":[],"class_list":{"0":"post-78131","1":"product","2":"type-product","3":"status-publish","5":"product_brand-salmo","6":"product_cat-fishing-equipment-recreation","7":"product_cat-fishing-rods-fishing-equipment-recreation","8":"product_cat-spin-fishing-rods-fishing-rods-fishing-equipment-recreation","10":"first","11":"instock","12":"shipping-taxable","13":"purchasable","14":"product-type-simple"},"_links":{"self":[{"href":"https:\/\/sezona.lv\/en\/wp-json\/wp\/v2\/product\/78131","targetHints":{"allow":["GET"]}}],"collection":[{"href":"https:\/\/sezona.lv\/en\/wp-json\/wp\/v2\/product"}],"about":[{"href":"https:\/\/sezona.lv\/en\/wp-json\/wp\/v2\/types\/product"}],"wp:attachment":[{"href":"https:\/\/sezona.lv\/en\/wp-json\/wp\/v2\/media?parent=78131"}],"wp:term":[{"taxonomy":"product_brand","embeddable":true,"href":"https:\/\/sezona.lv\/en\/wp-json\/wp\/v2\/product_brand?post=78131"},{"taxonomy":"product_cat","embeddable":true,"href":"https:\/\/sezona.lv\/en\/wp-json\/wp\/v2\/product_cat?post=78131"},{"taxonomy":"product_tag","embeddable":true,"href":"https:\/\/sezona.lv\/en\/wp-json\/wp\/v2\/product_tag?post=78131"}],"curies":[{"name":"wp","href":"https:\/\/api.w.org\/{rel}","templated":true}]}}