{"id":78138,"date":"2025-07-11T16:30:47","date_gmt":"2025-07-11T13:30:47","guid":{"rendered":"https:\/\/demo8.ecube.lv\/sezona.lv\/products\/salmo-spinings-blaster-spin-20-2-70-2406-270\/"},"modified":"2025-07-14T15:18:59","modified_gmt":"2025-07-14T12:18:59","slug":"salmo-spinings-blaster-spin-20-2-70-2406-270","status":"publish","type":"product","link":"https:\/\/sezona.lv\/en\/products\/salmo-spinings-blaster-spin-20-2-70-2406-270\/","title":{"rendered":"Salmo spinings Blaster SPIN 20 2.70 (2406-270)"},"content":{"rendered":"<dt><span>M\u016bsdien\u012bga dizaina kompoz\u012btmateri\u0101la spininga k\u0101ti. Ned\u0101rg\u0101s cenas d\u0113\u013c b\u016bs lieliska izv\u0113le mak&scaron;\u0137erniekiem &#8211; ies\u0101c\u0113jiem.<\/span><\/dt>\n<dt><\/dt>\n<dt>Artikuls: 2406-270<\/dt>\n<dt>Svars: 230<\/dt>\n<dt>Tests: 5-20<\/dt>\n<dt>Garums: 2.70<\/dt>\n<dt>Sekciju skaits: 2<\/dt>\n<dt>Transport\u0113jamais garums: 140<\/dt>\n<dt>Z\u012bmols: SALMO<\/dt>\n","protected":false},"excerpt":{"rendered":"<p>M\u016bsdien\u012bga dizaina kompoz\u012btmateri\u0101la spininga k\u0101ti. Ned\u0101rg\u0101s cenas d\u0113\u013c b\u016bs lieliska izv\u0113le mak&scaron;\u0137erniekiem &#8211; ies\u0101c\u0113jiem. Artikuls: 2406-270 Svars: 230 Tests: 5-20 Garums: 2.70 Sekciju skaits: 2 Transport\u0113jamais garums: 140 Z\u012bmols: SALMO<\/p>\n","protected":false},"featured_media":0,"template":"","meta":[],"product_brand":[894],"product_cat":[4551],"product_tag":[],"class_list":{"0":"post-78138","1":"product","2":"type-product","3":"status-publish","5":"product_brand-salmo","6":"product_cat-spin-fishing-rods-fishing-rods-fishing-equipment-recreation","8":"first","9":"instock","10":"shipping-taxable","11":"purchasable","12":"product-type-simple"},"_links":{"self":[{"href":"https:\/\/sezona.lv\/en\/wp-json\/wp\/v2\/product\/78138","targetHints":{"allow":["GET"]}}],"collection":[{"href":"https:\/\/sezona.lv\/en\/wp-json\/wp\/v2\/product"}],"about":[{"href":"https:\/\/sezona.lv\/en\/wp-json\/wp\/v2\/types\/product"}],"wp:attachment":[{"href":"https:\/\/sezona.lv\/en\/wp-json\/wp\/v2\/media?parent=78138"}],"wp:term":[{"taxonomy":"product_brand","embeddable":true,"href":"https:\/\/sezona.lv\/en\/wp-json\/wp\/v2\/product_brand?post=78138"},{"taxonomy":"product_cat","embeddable":true,"href":"https:\/\/sezona.lv\/en\/wp-json\/wp\/v2\/product_cat?post=78138"},{"taxonomy":"product_tag","embeddable":true,"href":"https:\/\/sezona.lv\/en\/wp-json\/wp\/v2\/product_tag?post=78138"}],"curies":[{"name":"wp","href":"https:\/\/api.w.org\/{rel}","templated":true}]}}