{"id":78139,"date":"2025-07-11T16:30:49","date_gmt":"2025-07-11T13:30:49","guid":{"rendered":"https:\/\/demo8.ecube.lv\/sezona.lv\/products\/salmo-spinings-blaster-spin-40-2-40-2407-240\/"},"modified":"2025-07-14T15:19:00","modified_gmt":"2025-07-14T12:19:00","slug":"salmo-spinings-blaster-spin-40-2-40-2407-240","status":"publish","type":"product","link":"https:\/\/sezona.lv\/en\/products\/salmo-spinings-blaster-spin-40-2-40-2407-240\/","title":{"rendered":"Salmo spinings Blaster SPIN 40 2.40 (2407-240)"},"content":{"rendered":"<p><span style=\", sans-serif;font-size: 19px;text-align: justify\">M\u016bsdien\u012bga dizaina kompoz\u012btmateri\u0101la spininga k\u0101ti. Ned\u0101rg\u0101s cenas d\u0113\u013c b\u016bs lieliska izv\u0113le mak&scaron;\u0137erniekiem &#8211; ies\u0101c\u0113jiem.<\/span><\/p>\n<dl class=\"item-params dl-horizontal\" style=\"margin-top: 0px;margin-bottom: 20px;font-size: 16px;, sans-serif\">\n<dt style=\"line-height: 1.42857;width: 144px;float: left;overflow: hidden;clear: left\">Artikuls<\/dt>\n<dd style=\"line-height: initial;margin-left: 30px;margin-bottom: 10px;overflow: hidden;font-weight: 700\">2407-240<\/dd>\n<dt style=\"line-height: 1.42857;width: 144px;float: left;overflow: hidden;clear: left\">Svars<\/dt>\n<dd style=\"line-height: initial;margin-left: 30px;margin-bottom: 10px;overflow: hidden;font-weight: 700\">205<\/dd>\n<dt style=\"line-height: 1.42857;width: 144px;float: left;overflow: hidden;clear: left\">Tests<\/dt>\n<dd style=\"line-height: initial;margin-left: 30px;margin-bottom: 10px;overflow: hidden;font-weight: 700\">10-40<\/dd>\n<dt style=\"line-height: 1.42857;width: 144px;float: left;overflow: hidden;clear: left\">Garums<\/dt>\n<dd style=\"line-height: initial;margin-left: 30px;margin-bottom: 10px;overflow: hidden;font-weight: 700\">2.40<\/dd>\n<dt style=\"line-height: 1.42857;width: 144px;float: left;overflow: hidden;clear: left\">Sekciju skaits<\/dt>\n<dd style=\"line-height: initial;margin-left: 30px;margin-bottom: 10px;overflow: hidden;font-weight: 700\">2<\/dd>\n<dt style=\"line-height: 1.42857;width: 144px;float: left;overflow: hidden;clear: left\">Transport\u0113jamais garums<\/dt>\n<dd style=\"line-height: initial;margin-left: 30px;margin-bottom: 10px;overflow: hidden;font-weight: 700\">125<\/dd>\n<div><\/div>\n<\/dl>\n","protected":false},"excerpt":{"rendered":"<p>M\u016bsdien\u012bga dizaina kompoz\u012btmateri\u0101la spininga k\u0101ti. Ned\u0101rg\u0101s cenas d\u0113\u013c b\u016bs lieliska izv\u0113le mak&scaron;\u0137erniekiem &#8211; ies\u0101c\u0113jiem. Artikuls 2407-240 Svars 205 Tests 10-40 Garums 2.40 Sekciju skaits 2 Transport\u0113jamais garums 125<\/p>\n","protected":false},"featured_media":69284,"template":"","meta":[],"product_brand":[894],"product_cat":[4538,4540,4551],"product_tag":[],"class_list":{"0":"post-78139","1":"product","2":"type-product","3":"status-publish","4":"has-post-thumbnail","6":"product_brand-salmo","7":"product_cat-fishing-equipment-recreation","8":"product_cat-fishing-rods-fishing-equipment-recreation","9":"product_cat-spin-fishing-rods-fishing-rods-fishing-equipment-recreation","11":"first","12":"instock","13":"shipping-taxable","14":"purchasable","15":"product-type-simple"},"_links":{"self":[{"href":"https:\/\/sezona.lv\/en\/wp-json\/wp\/v2\/product\/78139","targetHints":{"allow":["GET"]}}],"collection":[{"href":"https:\/\/sezona.lv\/en\/wp-json\/wp\/v2\/product"}],"about":[{"href":"https:\/\/sezona.lv\/en\/wp-json\/wp\/v2\/types\/product"}],"wp:featuredmedia":[{"embeddable":true,"href":"https:\/\/sezona.lv\/en\/wp-json\/wp\/v2\/media\/69284"}],"wp:attachment":[{"href":"https:\/\/sezona.lv\/en\/wp-json\/wp\/v2\/media?parent=78139"}],"wp:term":[{"taxonomy":"product_brand","embeddable":true,"href":"https:\/\/sezona.lv\/en\/wp-json\/wp\/v2\/product_brand?post=78139"},{"taxonomy":"product_cat","embeddable":true,"href":"https:\/\/sezona.lv\/en\/wp-json\/wp\/v2\/product_cat?post=78139"},{"taxonomy":"product_tag","embeddable":true,"href":"https:\/\/sezona.lv\/en\/wp-json\/wp\/v2\/product_tag?post=78139"}],"curies":[{"name":"wp","href":"https:\/\/api.w.org\/{rel}","templated":true}]}}