{"id":78144,"date":"2025-07-11T16:30:59","date_gmt":"2025-07-11T13:30:59","guid":{"rendered":"https:\/\/demo8.ecube.lv\/sezona.lv\/products\/lucky-john-spinings-one-sensoric-flipping-pitching-35-7-11-ljos-711mhf\/"},"modified":"2025-07-14T15:19:09","modified_gmt":"2025-07-14T12:19:09","slug":"lucky-john-spinings-one-sensoric-flipping-pitching-35-7-11-ljos-711mhf","status":"publish","type":"product","link":"https:\/\/sezona.lv\/en\/products\/lucky-john-spinings-one-sensoric-flipping-pitching-35-7-11-ljos-711mhf\/","title":{"rendered":"Lucky John Spinings One Sensoric FLIPPING &amp; PITCHING 35 7.11 (LJOS-711MHF)"},"content":{"rendered":"<p>Spinings Lucky John One Sensoric Flipping &amp; Pitching &#8211;  Premium klases kastinga k\u0101ts, ra\u017eots no 40T graf\u012bta un ir apr\u012bkots ar  kvalitat\u012bvu Fuji furnit\u016bru. K\u0101ts ir rad\u012bts speci\u0101li priek&scaron; &#8220;flipinga&#8221; un  &#8220;pi\u010diga&#8221; &#8211; tehnikas, kura paredz sare\u017e\u0123\u012btus mak&scaron;\u0137er\u0113&scaron;anas apst\u0101k\u013cus un  prasa no mak&scaron;\u0137erk\u0101ta jaudas resursus. K\u0101ts ir \u013coti j\u016bt\u012bgs. Dal\u012btais  rokturis no EVA. Izmanto&scaron;anai ar multiplikatora spol\u0113m.<\/p>\n<p> Garums 2.15m \/ 7.1Ft<br \/> Klase &#8211; M-Heavy<br \/> \u0100tra akcija<br \/> Tests 10-35 gr<br \/> 1 sekcija<br \/> Transport\u0113&scaron;anas garums 2.15 cm<\/p>\n","protected":false},"excerpt":{"rendered":"<p>Spinings Lucky John One Sensoric Flipping &amp; Pitching &#8211; Premium klases kastinga k\u0101ts, ra\u017eots no 40T graf\u012bta un ir apr\u012bkots ar kvalitat\u012bvu Fuji furnit\u016bru. K\u0101ts ir rad\u012bts speci\u0101li priek&scaron; &#8220;flipinga&#8221; un &#8220;pi\u010diga&#8221; &#8211; tehnikas, kura paredz sare\u017e\u0123\u012btus mak&scaron;\u0137er\u0113&scaron;anas apst\u0101k\u013cus un prasa no mak&scaron;\u0137erk\u0101ta jaudas resursus. K\u0101ts ir \u013coti j\u016bt\u012bgs. Dal\u012btais rokturis no EVA. Izmanto&scaron;anai ar [&hellip;]<\/p>\n","protected":false},"featured_media":0,"template":"","meta":[],"product_brand":[3391],"product_cat":[4551],"product_tag":[],"class_list":{"0":"post-78144","1":"product","2":"type-product","3":"status-publish","5":"product_brand-lucky-john","6":"product_cat-spin-fishing-rods-fishing-rods-fishing-equipment-recreation","8":"first","9":"instock","10":"shipping-taxable","11":"purchasable","12":"product-type-simple"},"_links":{"self":[{"href":"https:\/\/sezona.lv\/en\/wp-json\/wp\/v2\/product\/78144","targetHints":{"allow":["GET"]}}],"collection":[{"href":"https:\/\/sezona.lv\/en\/wp-json\/wp\/v2\/product"}],"about":[{"href":"https:\/\/sezona.lv\/en\/wp-json\/wp\/v2\/types\/product"}],"wp:attachment":[{"href":"https:\/\/sezona.lv\/en\/wp-json\/wp\/v2\/media?parent=78144"}],"wp:term":[{"taxonomy":"product_brand","embeddable":true,"href":"https:\/\/sezona.lv\/en\/wp-json\/wp\/v2\/product_brand?post=78144"},{"taxonomy":"product_cat","embeddable":true,"href":"https:\/\/sezona.lv\/en\/wp-json\/wp\/v2\/product_cat?post=78144"},{"taxonomy":"product_tag","embeddable":true,"href":"https:\/\/sezona.lv\/en\/wp-json\/wp\/v2\/product_tag?post=78144"}],"curies":[{"name":"wp","href":"https:\/\/api.w.org\/{rel}","templated":true}]}}