{"id":78145,"date":"2025-07-11T16:31:00","date_gmt":"2025-07-11T13:31:00","guid":{"rendered":"https:\/\/demo8.ecube.lv\/sezona.lv\/products\/lucky-john-spinings-one-sensoric-freshwater-jigging-18-7-1-ljos-712lf\/"},"modified":"2025-07-14T15:19:10","modified_gmt":"2025-07-14T12:19:10","slug":"lucky-john-spinings-one-sensoric-freshwater-jigging-18-7-1-ljos-712lf","status":"publish","type":"product","link":"https:\/\/sezona.lv\/en\/products\/lucky-john-spinings-one-sensoric-freshwater-jigging-18-7-1-ljos-712lf\/","title":{"rendered":"Lucky John Spinings One Sensoric FRESHWATER JIGGING 18 7.1 (LJOS-712LF)"},"content":{"rendered":"<p>Spinings Lucky John One Sensoric Freshwater Jigging &#8211; m\u016bsdien\u012bgu  spiningu s\u0113rija, kuru izveidoja jap\u0101\u0146u in\u017eenieri mak&scaron;\u0137er\u0113&scaron;anai ar d\u017eiga  un tvi\u010da m\u0101nek\u013ciem. Sp\u0113c\u012bga k\u0101ta konstrukcija \u013cauj fors\u0113t zivs  izvilk&scaron;anu sare\u017e\u0123\u012btos apst\u0101k\u013cos, tai skait\u0101 ierobe\u017eot\u0101s viet\u0101s starp  \u016bdens augiem. Sabalans\u0113jums \u013cauj komfortabli str\u0101d\u0101t ar da\u017e\u0101diem  m\u0101nek\u013ciem un pielietot da\u017e\u0101das mak&scaron;\u0137er\u0113&scaron;anas tehnikas. Rakstur\u012bga  s\u0113rijas \u012bpatn\u012bba &#8211; lieliska j\u016bt\u012bba un inform\u0101cijas padeve no m\u0101nek\u013ca  l\u012bdz mak&scaron;\u0137ernieka rokai.<\/p>\n<p> Materi\u0101ls &#8211; 40T graf\u012bts<br \/> Auklas caurlaides ri\u0146\u0137i un to izvietojums &#8211; Fuji KR Concept<br \/> Ri\u0146\u0137i no tit\u0101na<\/p>\n<p> Papildus &scaron;iku k\u0101tam pie&scaron;\u0137ir d\u0101rgs rokturis no sarkan\u0101 koka<\/p>\n","protected":false},"excerpt":{"rendered":"<p>Spinings Lucky John One Sensoric Freshwater Jigging &#8211; m\u016bsdien\u012bgu spiningu s\u0113rija, kuru izveidoja jap\u0101\u0146u in\u017eenieri mak&scaron;\u0137er\u0113&scaron;anai ar d\u017eiga un tvi\u010da m\u0101nek\u013ciem. Sp\u0113c\u012bga k\u0101ta konstrukcija \u013cauj fors\u0113t zivs izvilk&scaron;anu sare\u017e\u0123\u012btos apst\u0101k\u013cos, tai skait\u0101 ierobe\u017eot\u0101s viet\u0101s starp \u016bdens augiem. Sabalans\u0113jums \u013cauj komfortabli str\u0101d\u0101t ar da\u017e\u0101diem m\u0101nek\u013ciem un pielietot da\u017e\u0101das mak&scaron;\u0137er\u0113&scaron;anas tehnikas. Rakstur\u012bga s\u0113rijas \u012bpatn\u012bba &#8211; lieliska j\u016bt\u012bba [&hellip;]<\/p>\n","protected":false},"featured_media":69302,"template":"","meta":[],"product_brand":[3391],"product_cat":[4551],"product_tag":[],"class_list":{"0":"post-78145","1":"product","2":"type-product","3":"status-publish","4":"has-post-thumbnail","6":"product_brand-lucky-john","7":"product_cat-spin-fishing-rods-fishing-rods-fishing-equipment-recreation","9":"first","10":"instock","11":"shipping-taxable","12":"purchasable","13":"product-type-simple"},"_links":{"self":[{"href":"https:\/\/sezona.lv\/en\/wp-json\/wp\/v2\/product\/78145","targetHints":{"allow":["GET"]}}],"collection":[{"href":"https:\/\/sezona.lv\/en\/wp-json\/wp\/v2\/product"}],"about":[{"href":"https:\/\/sezona.lv\/en\/wp-json\/wp\/v2\/types\/product"}],"wp:featuredmedia":[{"embeddable":true,"href":"https:\/\/sezona.lv\/en\/wp-json\/wp\/v2\/media\/69302"}],"wp:attachment":[{"href":"https:\/\/sezona.lv\/en\/wp-json\/wp\/v2\/media?parent=78145"}],"wp:term":[{"taxonomy":"product_brand","embeddable":true,"href":"https:\/\/sezona.lv\/en\/wp-json\/wp\/v2\/product_brand?post=78145"},{"taxonomy":"product_cat","embeddable":true,"href":"https:\/\/sezona.lv\/en\/wp-json\/wp\/v2\/product_cat?post=78145"},{"taxonomy":"product_tag","embeddable":true,"href":"https:\/\/sezona.lv\/en\/wp-json\/wp\/v2\/product_tag?post=78145"}],"curies":[{"name":"wp","href":"https:\/\/api.w.org\/{rel}","templated":true}]}}