{"id":78152,"date":"2025-07-11T16:31:08","date_gmt":"2025-07-11T13:31:08","guid":{"rendered":"https:\/\/demo8.ecube.lv\/sezona.lv\/products\/dzeriens-hydrate-perform-orange-500ml\/"},"modified":"2025-07-14T15:19:18","modified_gmt":"2025-07-14T12:19:18","slug":"dzeriens-hydrate-perform-orange-500ml","status":"publish","type":"product","link":"https:\/\/sezona.lv\/en\/products\/dzeriens-hydrate-perform-orange-500ml\/","title":{"rendered":"Dz\u0113riens Hydrate &amp; Perform Orange 500ml"},"content":{"rendered":"<p>Fast Hydration ir <acronym class=\"c2c-text-hover\">izotonisks<\/acronym> sporta dz\u0113riens, kas nodro&scaron;ina sportista vajadz\u012bbas. T\u0101 izotonisk\u0101  formula nodro&scaron;ina \u0101tr\u0101ku &scaron;\u0137idruma uzs\u016bk&scaron;anos un ku\u0146\u0123a iztuk&scaron;o&scaron;anos.  Lietojot pirms slodzes, j\u016bs nodro&scaron;in\u0101siet nepiecie&scaron;am\u0101s &scaron;\u0137idruma  rezerves. Slodzes laik\u0101 dz\u0113riens uzlabo darba sp\u0113jas un iztur\u012bbu, k\u0101 ar\u012b  samazina ku\u0146\u0123a-zarnu probl\u0113mu risku. Lietojot p\u0113c slodzes, dz\u0113riens  uzlabo atjauno&scaron;an\u0101s procesu. Fast Hydration ir lielisks ener\u0123ijas un  mikroelementu, \u012bpa&scaron;i kalcija un magnija, avots. Tie nodro&scaron;ina efekt\u012bvu  musku\u013cu darbu slodzes laik\u0101, k\u0101 ar\u012b pal\u012bdz atjauno&scaron;an\u0101s laik\u0101. Dz\u0113rien\u0101  ir bag\u0101t\u012bga vitam\u012bna B1 &nbsp;deva, kas pal\u012bdz organismam bar\u012bbas vielas  p\u0101rv\u0113rst ener\u0123ij\u0101. Praktisks iepakojums un gar&scaron;u izv\u0113le ir tas, kas  padara &scaron;o dz\u0113rienu par vislab\u0101ko sportistu izv\u0113li.<\/p>\n<p>Gar&scaron;a: apels\u012bnu<\/p>\n<p>Lieto&scaron;anas laiks: laik\u0101, pirms, p\u0113c<\/p>\n<p>Lieto&scaron;anas m\u0113r\u0137is: \u0101trai ener\u0123ijai<\/p>\n<p>Sast\u0101vs: <span style=\"color: #000000\">\u016adens, saharoze, glikozes s\u012brups, sk\u0101buma regul\u0113t\u0101js: citronsk\u0101be, dab\u012bga apels\u012bnu gar&scaron;a, maltodekstr\u012bns, <acronym class=\"c2c-text-hover\">n\u0101trijs<\/acronym>, <acronym class=\"c2c-text-hover\">kalcijs<\/acronym>, <acronym class=\"c2c-text-hover\">magnijs<\/acronym>, <acronym class=\"c2c-text-hover\">k\u0101lijs<\/acronym>, stabilizatori E414 un E445, <acronym class=\"c2c-text-hover\">vitam\u012bns B1<\/acronym>.<\/span><\/p>\n","protected":false},"excerpt":{"rendered":"<p>Fast Hydration ir izotonisks sporta dz\u0113riens, kas nodro&scaron;ina sportista vajadz\u012bbas. T\u0101 izotonisk\u0101 formula nodro&scaron;ina \u0101tr\u0101ku &scaron;\u0137idruma uzs\u016bk&scaron;anos un ku\u0146\u0123a iztuk&scaron;o&scaron;anos. Lietojot pirms slodzes, j\u016bs nodro&scaron;in\u0101siet nepiecie&scaron;am\u0101s &scaron;\u0137idruma rezerves. Slodzes laik\u0101 dz\u0113riens uzlabo darba sp\u0113jas un iztur\u012bbu, k\u0101 ar\u012b samazina ku\u0146\u0123a-zarnu probl\u0113mu risku. Lietojot p\u0113c slodzes, dz\u0113riens uzlabo atjauno&scaron;an\u0101s procesu. Fast Hydration ir lielisks ener\u0123ijas un [&hellip;]<\/p>\n","protected":false},"featured_media":69311,"template":"","meta":[],"product_brand":[3394],"product_cat":[4998,4999],"product_tag":[],"class_list":{"0":"post-78152","1":"product","2":"type-product","3":"status-publish","4":"has-post-thumbnail","6":"product_brand-isostar","7":"product_cat-sports-nutrition-sports","8":"product_cat-isotonic-drinks-sports-nutrition-sports","10":"first","11":"instock","12":"shipping-taxable","13":"purchasable","14":"product-type-simple"},"_links":{"self":[{"href":"https:\/\/sezona.lv\/en\/wp-json\/wp\/v2\/product\/78152","targetHints":{"allow":["GET"]}}],"collection":[{"href":"https:\/\/sezona.lv\/en\/wp-json\/wp\/v2\/product"}],"about":[{"href":"https:\/\/sezona.lv\/en\/wp-json\/wp\/v2\/types\/product"}],"wp:featuredmedia":[{"embeddable":true,"href":"https:\/\/sezona.lv\/en\/wp-json\/wp\/v2\/media\/69311"}],"wp:attachment":[{"href":"https:\/\/sezona.lv\/en\/wp-json\/wp\/v2\/media?parent=78152"}],"wp:term":[{"taxonomy":"product_brand","embeddable":true,"href":"https:\/\/sezona.lv\/en\/wp-json\/wp\/v2\/product_brand?post=78152"},{"taxonomy":"product_cat","embeddable":true,"href":"https:\/\/sezona.lv\/en\/wp-json\/wp\/v2\/product_cat?post=78152"},{"taxonomy":"product_tag","embeddable":true,"href":"https:\/\/sezona.lv\/en\/wp-json\/wp\/v2\/product_tag?post=78152"}],"curies":[{"name":"wp","href":"https:\/\/api.w.org\/{rel}","templated":true}]}}