{"id":78153,"date":"2025-07-11T16:31:09","date_gmt":"2025-07-11T13:31:09","guid":{"rendered":"https:\/\/demo8.ecube.lv\/sezona.lv\/products\/pulveris-endurance-orange-790g\/"},"modified":"2025-07-14T15:19:19","modified_gmt":"2025-07-14T12:19:19","slug":"pulveris-endurance-orange-790g","status":"publish","type":"product","link":"https:\/\/sezona.lv\/en\/products\/pulveris-endurance-orange-790g\/","title":{"rendered":"Pulveris Endurance+ Orange 790g"},"content":{"rendered":"<p>Long  Energy Endurance pulveris ir paredz\u0113ts garo slod\u017eu izotonisk\u0101 dz\u0113riena  sagatavo&scaron;anai. \u012apa&scaron;i paredz\u0113ts gar\u0101m, sportisk\u0101m slodz\u0113m. Dz\u0113riens ir  lielisks ener\u0123ijas avots, ko nodro&scaron;ina vienk\u0101r&scaron;o un salikto og\u013chidr\u0101tu  formula. Lietojot pirms slodzes, J\u016bs nodro&scaron;in\u0101siet nepiecie&scaron;am\u0101s  &scaron;\u0137idruma rezerves. Lietojot slodzes laik\u0101, tas pal\u012bdz\u0113s saglab\u0101t darba  sp\u0113jas un iztur\u012bbu garo slod\u017eu laik\u0101. P\u0113c slodzes dz\u0113riens pal\u012bdz\u0113s  atjauno&scaron;an\u0101s proces\u0101. T\u0101 sast\u0101v\u0101 eso&scaron;ais <acronym class=\"c2c-text-hover\">vitam\u012bns B1<\/acronym> &nbsp;pal\u012bdz p\u0101rv\u0113rst bar\u012bbas vielas ener\u0123ij\u0101, <acronym class=\"c2c-text-hover\">vitam\u012bns C<\/acronym> un vitam\u012bns&nbsp;E &nbsp;ir antioksidanti, kas aizsarg\u0101 &scaron;\u016bnas un pal\u012bdz c\u012b\u0146\u0101 ar br\u012bvajiem radik\u0101\u013ciem, kas rodas slodzes laik\u0101.<\/p>\n<p>Gar&scaron;a: apels\u012bnu<\/p>\n<p>Lieto&scaron;anas laiks: laik\u0101<\/p>\n<p>Lieto&scaron;anas m\u0113r\u0137is: ilgsto&scaron;ai ener\u0123ijai<\/p>\n<p>Sast\u0101vs: <span style=\"color: #000000\">Maltodekstr\u012bns, cukurs, dab\u012bg\u0101s kr\u0101svielas: bie&scaron;u sarkans un Beta-karot\u012bns, sk\u0101buma regul\u0113t\u0101js: citronsk\u0101be, <acronym class=\"c2c-text-hover\">n\u0101trijs<\/acronym>,<acronym class=\"c2c-text-hover\">vitam\u012bns C<\/acronym>, <acronym class=\"c2c-text-hover\">vitam\u012bns E<\/acronym> un <acronym class=\"c2c-text-hover\">vitam\u012bns B1<\/acronym> .<\/span><\/p>\n","protected":false},"excerpt":{"rendered":"<p>Long Energy Endurance pulveris ir paredz\u0113ts garo slod\u017eu izotonisk\u0101 dz\u0113riena sagatavo&scaron;anai. \u012apa&scaron;i paredz\u0113ts gar\u0101m, sportisk\u0101m slodz\u0113m. Dz\u0113riens ir lielisks ener\u0123ijas avots, ko nodro&scaron;ina vienk\u0101r&scaron;o un salikto og\u013chidr\u0101tu formula. Lietojot pirms slodzes, J\u016bs nodro&scaron;in\u0101siet nepiecie&scaron;am\u0101s &scaron;\u0137idruma rezerves. Lietojot slodzes laik\u0101, tas pal\u012bdz\u0113s saglab\u0101t darba sp\u0113jas un iztur\u012bbu garo slod\u017eu laik\u0101. P\u0113c slodzes dz\u0113riens pal\u012bdz\u0113s atjauno&scaron;an\u0101s proces\u0101. [&hellip;]<\/p>\n","protected":false},"featured_media":69314,"template":"","meta":[],"product_brand":[3394],"product_cat":[4998,4999],"product_tag":[],"class_list":{"0":"post-78153","1":"product","2":"type-product","3":"status-publish","4":"has-post-thumbnail","6":"product_brand-isostar","7":"product_cat-sports-nutrition-sports","8":"product_cat-isotonic-drinks-sports-nutrition-sports","10":"first","11":"instock","12":"shipping-taxable","13":"purchasable","14":"product-type-simple"},"_links":{"self":[{"href":"https:\/\/sezona.lv\/en\/wp-json\/wp\/v2\/product\/78153","targetHints":{"allow":["GET"]}}],"collection":[{"href":"https:\/\/sezona.lv\/en\/wp-json\/wp\/v2\/product"}],"about":[{"href":"https:\/\/sezona.lv\/en\/wp-json\/wp\/v2\/types\/product"}],"wp:featuredmedia":[{"embeddable":true,"href":"https:\/\/sezona.lv\/en\/wp-json\/wp\/v2\/media\/69314"}],"wp:attachment":[{"href":"https:\/\/sezona.lv\/en\/wp-json\/wp\/v2\/media?parent=78153"}],"wp:term":[{"taxonomy":"product_brand","embeddable":true,"href":"https:\/\/sezona.lv\/en\/wp-json\/wp\/v2\/product_brand?post=78153"},{"taxonomy":"product_cat","embeddable":true,"href":"https:\/\/sezona.lv\/en\/wp-json\/wp\/v2\/product_cat?post=78153"},{"taxonomy":"product_tag","embeddable":true,"href":"https:\/\/sezona.lv\/en\/wp-json\/wp\/v2\/product_tag?post=78153"}],"curies":[{"name":"wp","href":"https:\/\/api.w.org\/{rel}","templated":true}]}}