{"id":78154,"date":"2025-07-11T16:31:10","date_gmt":"2025-07-11T13:31:10","guid":{"rendered":"https:\/\/demo8.ecube.lv\/sezona.lv\/products\/pulveris-hydrate-perform-antioxidants-cranberry-red-fruits-400g\/"},"modified":"2025-07-14T15:19:20","modified_gmt":"2025-07-14T12:19:20","slug":"pulveris-hydrate-perform-antioxidants-cranberry-red-fruits-400g","status":"publish","type":"product","link":"https:\/\/sezona.lv\/en\/products\/pulveris-hydrate-perform-antioxidants-cranberry-red-fruits-400g\/","title":{"rendered":"Pulveris Hydrate &amp; Perform Antioxidants Cranberry Red fruits 400g"},"content":{"rendered":"<p>Isostar HYDRATE &amp; PERFORM Antioxidant 400g pulveris paredz\u0113ts  dz\u0113riena pagatavo&scaron;anai, lai nodro&scaron;in\u0101tu nepiecie&scaron;amo &scaron;\u0137idruma, ener\u0123ijas  un mikroelementu daudzumu organism\u0101. T\u0101 sast\u0101v\u0101 eso&scaron;ie Antioksidanti &ndash; <acronym class=\"c2c-text-hover\">vitam\u012bns C<\/acronym>, <acronym class=\"c2c-text-hover\">vitam\u012bns E<\/acronym> un cinks sekm\u0113 &scaron;\u016bnu aizsardz\u012bbu pret oksidat\u012bvo stresu, kas rodas  organism\u0101 aktivit\u0101&scaron;u laik\u0101. Lietot k\u0101 papildin\u0101jumu sabalans\u0113tai un  daudzveid\u012bgai di\u0113tai un vesel\u012bgam dz\u012bvesveidam.&nbsp; Isostar produkti  atbilst Pasaules antidopinga a\u0123ent\u016bras noteiktajiem regul\u0113jumiem.  Test\u0113ta un p\u0101rbaud\u012bta formula.<\/p>\n<p>Gar&scaron;a: dz\u0113rve\u0146u, sarkano aug\u013cu<\/p>\n<p>Lieto&scaron;anas laiks: laik\u0101, pirms<\/p>\n<p>Citi: antioksidanti<\/p>\n<p>Lieto&scaron;anas m\u0113r\u0137is: \u0101trai ener\u0123ijai<\/p>\n<p>Sast\u0101vs: <span style=\"color: #000000\">Saharoze, glikozes s\u012brups, maltodekstr\u012bns,  dekstroze, sk\u0101buma regul\u0113t\u0101js: citronsk\u0101be, n\u0101trija citr\u0101ts, magnija  karbon\u0101ts, dab\u012bga gar&scaron;a, n\u0101trija hlor\u012bds, kr\u0101sviela: bie&scaron;u sarkans,  vitam\u012bni C, E, B1, cinka sulf\u0101ts, satur n\u0101triju. <\/span><\/p>\n","protected":false},"excerpt":{"rendered":"<p>Isostar HYDRATE &amp; PERFORM Antioxidant 400g pulveris paredz\u0113ts dz\u0113riena pagatavo&scaron;anai, lai nodro&scaron;in\u0101tu nepiecie&scaron;amo &scaron;\u0137idruma, ener\u0123ijas un mikroelementu daudzumu organism\u0101. T\u0101 sast\u0101v\u0101 eso&scaron;ie Antioksidanti &ndash; vitam\u012bns C, vitam\u012bns E un cinks sekm\u0113 &scaron;\u016bnu aizsardz\u012bbu pret oksidat\u012bvo stresu, kas rodas organism\u0101 aktivit\u0101&scaron;u laik\u0101. Lietot k\u0101 papildin\u0101jumu sabalans\u0113tai un daudzveid\u012bgai di\u0113tai un vesel\u012bgam dz\u012bvesveidam.&nbsp; Isostar produkti atbilst Pasaules [&hellip;]<\/p>\n","protected":false},"featured_media":69317,"template":"","meta":[],"product_brand":[3394],"product_cat":[4998,4999],"product_tag":[],"class_list":{"0":"post-78154","1":"product","2":"type-product","3":"status-publish","4":"has-post-thumbnail","6":"product_brand-isostar","7":"product_cat-sports-nutrition-sports","8":"product_cat-isotonic-drinks-sports-nutrition-sports","10":"first","11":"instock","12":"shipping-taxable","13":"purchasable","14":"product-type-simple"},"_links":{"self":[{"href":"https:\/\/sezona.lv\/en\/wp-json\/wp\/v2\/product\/78154","targetHints":{"allow":["GET"]}}],"collection":[{"href":"https:\/\/sezona.lv\/en\/wp-json\/wp\/v2\/product"}],"about":[{"href":"https:\/\/sezona.lv\/en\/wp-json\/wp\/v2\/types\/product"}],"wp:featuredmedia":[{"embeddable":true,"href":"https:\/\/sezona.lv\/en\/wp-json\/wp\/v2\/media\/69317"}],"wp:attachment":[{"href":"https:\/\/sezona.lv\/en\/wp-json\/wp\/v2\/media?parent=78154"}],"wp:term":[{"taxonomy":"product_brand","embeddable":true,"href":"https:\/\/sezona.lv\/en\/wp-json\/wp\/v2\/product_brand?post=78154"},{"taxonomy":"product_cat","embeddable":true,"href":"https:\/\/sezona.lv\/en\/wp-json\/wp\/v2\/product_cat?post=78154"},{"taxonomy":"product_tag","embeddable":true,"href":"https:\/\/sezona.lv\/en\/wp-json\/wp\/v2\/product_tag?post=78154"}],"curies":[{"name":"wp","href":"https:\/\/api.w.org\/{rel}","templated":true}]}}