{"id":78156,"date":"2025-07-11T16:31:12","date_gmt":"2025-07-11T13:31:12","guid":{"rendered":"https:\/\/demo8.ecube.lv\/sezona.lv\/products\/pulveris-hydrate-perform-lemon-400g\/"},"modified":"2025-07-14T15:19:22","modified_gmt":"2025-07-14T12:19:22","slug":"pulveris-hydrate-perform-lemon-400g","status":"publish","type":"product","link":"https:\/\/sezona.lv\/en\/products\/pulveris-hydrate-perform-lemon-400g\/","title":{"rendered":"Pulveris Hydrate &amp; Perform Lemon 400g"},"content":{"rendered":"<p>Hydrate&amp;Perform izotoniska dz\u0113riena pulveris, ir paredz\u0113ts, lai  sportistam, pirms, p\u0113c un slodzes laik\u0101, nodro&scaron;in\u0101tu nepiecie&scaron;amo  &scaron;\u0137idruma, ener\u0123ijas un mikroelementu daudzumu organism\u0101. \u012apa&scaron;\u0101  izotonisk\u0101 formula nodro&scaron;ina \u0101tr\u0101ku &scaron;\u0137idruma uzs\u016bk&scaron;anos organism\u0101.  Dzerot pirms slodzes, J\u016bs nodro&scaron;in\u0101siet nepiecie&scaron;am\u0101s &scaron;\u0137idruma rezerves.  &Scaron;\u0137idruma uz\u0146em&scaron;ana slodzes laik\u0101 pal\u012bdz\u0113s uzlabot sniegumu un iztur\u012bbu,  samazinot ku\u0146\u0123a &ndash; zarnu trakta probl\u0113mu risku. Lietojot produktu p\u0113c  slodzes, nodro&scaron;in\u0101siet lab\u0101ku atjauno&scaron;an\u0101s procesu. Dz\u0113riens ir lielisks  ener\u0123ijas un mikroelementu avots, \u012bpa&scaron;i, <acronym class=\"c2c-text-hover\">Kalcijs<\/acronym> un <acronym class=\"c2c-text-hover\">Magnijs<\/acronym> &ndash; nodro&scaron;ina musku\u013cu darb\u012bbu slodzes un atjauno&scaron;an\u0101s laik\u0101. T\u0101 sast\u0101v\u0101  ir bag\u0101t\u012bga B1 vitam\u012bna deva, kas nodro&scaron;ina bar\u012bbas vielu p\u0101rv\u0113r&scaron;anu  ener\u0123ij\u0101.<\/p>\n<p>Gar&scaron;a: citronu<\/p>\n<p>Lieto&scaron;anas laiks: laik\u0101, pirms<\/p>\n<p>Lieto&scaron;anas m\u0113r\u0137is: \u0101trai ener\u0123ijai<\/p>\n<p>Sast\u0101vs: <span style=\"color: #000000\">Saharoze, glikozes s\u012brups, sk\u0101buma regul\u0113t\u0101ji: citronsk\u0101be, n\u0101trija citr\u0101ts, maltodekstr\u012bns, <acronym class=\"c2c-text-hover\">kalcijs<\/acronym>, <acronym class=\"c2c-text-hover\">magnijs<\/acronym>, <acronym class=\"c2c-text-hover\">n\u0101trijs<\/acronym>, <acronym class=\"c2c-text-hover\">k\u0101lijs<\/acronym>, antioksidants: C (askorb\u012bnsk\u0101be) &nbsp;un <acronym class=\"c2c-text-hover\">vitam\u012bns B1<\/acronym>.<\/span><\/p>\n","protected":false},"excerpt":{"rendered":"<p>Hydrate&amp;Perform izotoniska dz\u0113riena pulveris, ir paredz\u0113ts, lai sportistam, pirms, p\u0113c un slodzes laik\u0101, nodro&scaron;in\u0101tu nepiecie&scaron;amo &scaron;\u0137idruma, ener\u0123ijas un mikroelementu daudzumu organism\u0101. \u012apa&scaron;\u0101 izotonisk\u0101 formula nodro&scaron;ina \u0101tr\u0101ku &scaron;\u0137idruma uzs\u016bk&scaron;anos organism\u0101. Dzerot pirms slodzes, J\u016bs nodro&scaron;in\u0101siet nepiecie&scaron;am\u0101s &scaron;\u0137idruma rezerves. &Scaron;\u0137idruma uz\u0146em&scaron;ana slodzes laik\u0101 pal\u012bdz\u0113s uzlabot sniegumu un iztur\u012bbu, samazinot ku\u0146\u0123a &ndash; zarnu trakta probl\u0113mu risku. Lietojot produktu [&hellip;]<\/p>\n","protected":false},"featured_media":69323,"template":"","meta":[],"product_brand":[3394],"product_cat":[4998,4999],"product_tag":[],"class_list":{"0":"post-78156","1":"product","2":"type-product","3":"status-publish","4":"has-post-thumbnail","6":"product_brand-isostar","7":"product_cat-sports-nutrition-sports","8":"product_cat-isotonic-drinks-sports-nutrition-sports","10":"first","11":"instock","12":"shipping-taxable","13":"purchasable","14":"product-type-simple"},"_links":{"self":[{"href":"https:\/\/sezona.lv\/en\/wp-json\/wp\/v2\/product\/78156","targetHints":{"allow":["GET"]}}],"collection":[{"href":"https:\/\/sezona.lv\/en\/wp-json\/wp\/v2\/product"}],"about":[{"href":"https:\/\/sezona.lv\/en\/wp-json\/wp\/v2\/types\/product"}],"wp:featuredmedia":[{"embeddable":true,"href":"https:\/\/sezona.lv\/en\/wp-json\/wp\/v2\/media\/69323"}],"wp:attachment":[{"href":"https:\/\/sezona.lv\/en\/wp-json\/wp\/v2\/media?parent=78156"}],"wp:term":[{"taxonomy":"product_brand","embeddable":true,"href":"https:\/\/sezona.lv\/en\/wp-json\/wp\/v2\/product_brand?post=78156"},{"taxonomy":"product_cat","embeddable":true,"href":"https:\/\/sezona.lv\/en\/wp-json\/wp\/v2\/product_cat?post=78156"},{"taxonomy":"product_tag","embeddable":true,"href":"https:\/\/sezona.lv\/en\/wp-json\/wp\/v2\/product_tag?post=78156"}],"curies":[{"name":"wp","href":"https:\/\/api.w.org\/{rel}","templated":true}]}}