{"id":78159,"date":"2025-07-11T16:31:15","date_gmt":"2025-07-11T13:31:15","guid":{"rendered":"https:\/\/demo8.ecube.lv\/sezona.lv\/products\/pulveris-hydrate-perform-neutral-400g\/"},"modified":"2025-07-14T15:19:25","modified_gmt":"2025-07-14T12:19:25","slug":"pulveris-hydrate-perform-neutral-400g","status":"publish","type":"product","link":"https:\/\/sezona.lv\/en\/products\/pulveris-hydrate-perform-neutral-400g\/","title":{"rendered":"Pulveris Hydrate &amp; Perform Neutral 400g"},"content":{"rendered":"<p>H&amp;P Sensitive Digest Plus dz\u0113riens&nbsp;ir&nbsp;izstr\u0101d\u0101ts sadarb\u012bb\u0101 ar  Francijas Rite\u0146brauk&scaron;anas feder\u0101ciju, lai rastu risin\u0101jumu sportistiem  ar \u012bpa&scaron;i j\u016bt\u012bgiem v\u0113deriem, taj\u0101 pat laik\u0101 nodro&scaron;in\u0101tu maksim\u0101las darba  sp\u0113jas. &Scaron;is <acronym class=\"c2c-text-hover\">izotoniskais<\/acronym> dz\u0113riens satur \u010detru veidu og\u013chidr\u0101tus, kurus organisms uz\u0146em sav\u0101d\u0101k\u0101  veid\u0101 nek\u0101 glikozi (Maltodekstr\u012bns, fruktoze, saharoze, dekstroze). &Scaron;is  risin\u0101jums nodro&scaron;ina lielisku organisma ener\u0123ijas apg\u0101di. Multi-aug\u013cu  gar&scaron;a un pH neitr\u0101l\u0101 formula \u013cauj izvair\u012bties no sk\u0101bju ra&scaron;an\u0101s,  nodro&scaron;inot sportistu ar nepiecie&scaron;amo &scaron;\u0137idrumu un ener\u0123iju.<\/p>\n<p>Gar&scaron;a: neitr\u0101la<\/p>\n<p>Lieto&scaron;anas laiks: laik\u0101, pirms<\/p>\n<p>Lieto&scaron;anas m\u0113r\u0137is: \u0101trai ener\u0123ijai<\/p>\n<p>Sast\u0101vs: <span style=\"color: #000000\">Maltodekstr\u012bns, dekstroze, saharoze,  fruktoze, n\u0101trija hlor\u012bds, n\u0101trija citr\u0101ts, k\u0101lija hlor\u012bds,  anti-koagulants: sil\u012bcija dioks\u012bds, &nbsp;dab\u012bg\u0101 kr\u0101sviela: bie&scaron;u sarkanais  un Beta karot\u012bns; <acronym class=\"c2c-text-hover\">vitam\u012bns B1<\/acronym> .<\/span><\/p>\n","protected":false},"excerpt":{"rendered":"<p>H&amp;P Sensitive Digest Plus dz\u0113riens&nbsp;ir&nbsp;izstr\u0101d\u0101ts sadarb\u012bb\u0101 ar Francijas Rite\u0146brauk&scaron;anas feder\u0101ciju, lai rastu risin\u0101jumu sportistiem ar \u012bpa&scaron;i j\u016bt\u012bgiem v\u0113deriem, taj\u0101 pat laik\u0101 nodro&scaron;in\u0101tu maksim\u0101las darba sp\u0113jas. &Scaron;is izotoniskais dz\u0113riens satur \u010detru veidu og\u013chidr\u0101tus, kurus organisms uz\u0146em sav\u0101d\u0101k\u0101 veid\u0101 nek\u0101 glikozi (Maltodekstr\u012bns, fruktoze, saharoze, dekstroze). &Scaron;is risin\u0101jums nodro&scaron;ina lielisku organisma ener\u0123ijas apg\u0101di. Multi-aug\u013cu gar&scaron;a un pH neitr\u0101l\u0101 [&hellip;]<\/p>\n","protected":false},"featured_media":69332,"template":"","meta":[],"product_brand":[3394],"product_cat":[4998,4999],"product_tag":[],"class_list":{"0":"post-78159","1":"product","2":"type-product","3":"status-publish","4":"has-post-thumbnail","6":"product_brand-isostar","7":"product_cat-sports-nutrition-sports","8":"product_cat-isotonic-drinks-sports-nutrition-sports","10":"first","11":"instock","12":"shipping-taxable","13":"purchasable","14":"product-type-simple"},"_links":{"self":[{"href":"https:\/\/sezona.lv\/en\/wp-json\/wp\/v2\/product\/78159","targetHints":{"allow":["GET"]}}],"collection":[{"href":"https:\/\/sezona.lv\/en\/wp-json\/wp\/v2\/product"}],"about":[{"href":"https:\/\/sezona.lv\/en\/wp-json\/wp\/v2\/types\/product"}],"wp:featuredmedia":[{"embeddable":true,"href":"https:\/\/sezona.lv\/en\/wp-json\/wp\/v2\/media\/69332"}],"wp:attachment":[{"href":"https:\/\/sezona.lv\/en\/wp-json\/wp\/v2\/media?parent=78159"}],"wp:term":[{"taxonomy":"product_brand","embeddable":true,"href":"https:\/\/sezona.lv\/en\/wp-json\/wp\/v2\/product_brand?post=78159"},{"taxonomy":"product_cat","embeddable":true,"href":"https:\/\/sezona.lv\/en\/wp-json\/wp\/v2\/product_cat?post=78159"},{"taxonomy":"product_tag","embeddable":true,"href":"https:\/\/sezona.lv\/en\/wp-json\/wp\/v2\/product_tag?post=78159"}],"curies":[{"name":"wp","href":"https:\/\/api.w.org\/{rel}","templated":true}]}}