{"id":78162,"date":"2025-07-11T16:31:17","date_gmt":"2025-07-11T13:31:17","guid":{"rendered":"https:\/\/demo8.ecube.lv\/sezona.lv\/products\/tabletes-powertabs-lemon-120g-10x12g\/"},"modified":"2025-07-14T15:19:28","modified_gmt":"2025-07-14T12:19:28","slug":"tabletes-powertabs-lemon-120g-10x12g","status":"publish","type":"product","link":"https:\/\/sezona.lv\/en\/products\/tabletes-powertabs-lemon-120g-10x12g\/","title":{"rendered":"Tabletes Powertabs Lemon 120g (10x12g)"},"content":{"rendered":"<p>Putojo&scaron;\u0101s Powertabs tabletes ir \u012bpa&scaron;i piem\u0113rotas \u012bs\u0101m, intens\u012bv\u0101m slodz\u0113m. T\u0101s sast\u0101v\u0101 ir vienk\u0101r&scaron;ie <acronym class=\"c2c-text-hover\">og\u013chidr\u0101ti<\/acronym> un mikroelementi. &Scaron;is <acronym class=\"c2c-text-hover\">izotoniskais<\/acronym> dz\u0113riens nodro&scaron;ina optim\u0101lu &scaron;\u0137idruma uz\u0146em&scaron;anu un ku\u0146\u0123a iztuk&scaron;o&scaron;anu. T\u0101  sast\u0101v\u0101 eso&scaron;ie vitam\u012bni un miner\u0101\u013ci pal\u012bdz p\u0101rv\u0113rst bar\u012bbas vielas  ener\u0123ij\u0101, k\u0101 ar\u012b darbojas k\u0101 antioksidanti, pasarg\u0101jot &scaron;\u016bnas no br\u012bvo  radik\u0101\u013cu ietekmes. <acronym class=\"c2c-text-hover\">Kalcijs<\/acronym> un <acronym class=\"c2c-text-hover\">magnijs<\/acronym> \u012bpa&scaron;i nodro&scaron;ina efekt\u012bvu musku\u013cu darb\u012bbu slodzes laik\u0101.<\/p>\n<p>Gar&scaron;a: citronu<\/p>\n<p>Lieto&scaron;anas laiks: laik\u0101, pirms<\/p>\n<p>Lieto&scaron;anas m\u0113r\u0137is: \u0101trai ener\u0123ijai<\/p>\n<p>Sast\u0101vs: <span style=\"color: #000000\">Dekstroze, sk\u0101buma regul\u0113t\u0101js &ndash; citronsk\u0101be, <acronym class=\"c2c-text-hover\">n\u0101trijs<\/acronym>, ciete, dab\u012bgs citronu&nbsp;aromatiz\u0113t\u0101js, maltodekstr\u012bns, <acronym class=\"c2c-text-hover\">k\u0101lijs<\/acronym>, <acronym class=\"c2c-text-hover\">magnijs<\/acronym>, <acronym class=\"c2c-text-hover\">kalcijs<\/acronym>, saldin\u0101t\u0101js &ndash; aspart\u0101ms, <acronym class=\"c2c-text-hover\">vitam\u012bns C<\/acronym>, <acronym class=\"c2c-text-hover\">vitam\u012bns E<\/acronym>, <acronym class=\"c2c-text-hover\">vitam\u012bns B1<\/acronym>, dab\u012bg\u0101 kr\u0101sviela &ndash; beta karot\u012bns, satur fenilalan\u012bnu.<\/span><\/p>\n","protected":false},"excerpt":{"rendered":"<p>Putojo&scaron;\u0101s Powertabs tabletes ir \u012bpa&scaron;i piem\u0113rotas \u012bs\u0101m, intens\u012bv\u0101m slodz\u0113m. T\u0101s sast\u0101v\u0101 ir vienk\u0101r&scaron;ie og\u013chidr\u0101ti un mikroelementi. &Scaron;is izotoniskais dz\u0113riens nodro&scaron;ina optim\u0101lu &scaron;\u0137idruma uz\u0146em&scaron;anu un ku\u0146\u0123a iztuk&scaron;o&scaron;anu. T\u0101 sast\u0101v\u0101 eso&scaron;ie vitam\u012bni un miner\u0101\u013ci pal\u012bdz p\u0101rv\u0113rst bar\u012bbas vielas ener\u0123ij\u0101, k\u0101 ar\u012b darbojas k\u0101 antioksidanti, pasarg\u0101jot &scaron;\u016bnas no br\u012bvo radik\u0101\u013cu ietekmes. Kalcijs un magnijs \u012bpa&scaron;i nodro&scaron;ina efekt\u012bvu musku\u013cu [&hellip;]<\/p>\n","protected":false},"featured_media":69341,"template":"","meta":[],"product_brand":[3394],"product_cat":[4998,4999],"product_tag":[],"class_list":{"0":"post-78162","1":"product","2":"type-product","3":"status-publish","4":"has-post-thumbnail","6":"product_brand-isostar","7":"product_cat-sports-nutrition-sports","8":"product_cat-isotonic-drinks-sports-nutrition-sports","10":"first","11":"instock","12":"shipping-taxable","13":"purchasable","14":"product-type-simple"},"_links":{"self":[{"href":"https:\/\/sezona.lv\/en\/wp-json\/wp\/v2\/product\/78162","targetHints":{"allow":["GET"]}}],"collection":[{"href":"https:\/\/sezona.lv\/en\/wp-json\/wp\/v2\/product"}],"about":[{"href":"https:\/\/sezona.lv\/en\/wp-json\/wp\/v2\/types\/product"}],"wp:featuredmedia":[{"embeddable":true,"href":"https:\/\/sezona.lv\/en\/wp-json\/wp\/v2\/media\/69341"}],"wp:attachment":[{"href":"https:\/\/sezona.lv\/en\/wp-json\/wp\/v2\/media?parent=78162"}],"wp:term":[{"taxonomy":"product_brand","embeddable":true,"href":"https:\/\/sezona.lv\/en\/wp-json\/wp\/v2\/product_brand?post=78162"},{"taxonomy":"product_cat","embeddable":true,"href":"https:\/\/sezona.lv\/en\/wp-json\/wp\/v2\/product_cat?post=78162"},{"taxonomy":"product_tag","embeddable":true,"href":"https:\/\/sezona.lv\/en\/wp-json\/wp\/v2\/product_tag?post=78162"}],"curies":[{"name":"wp","href":"https:\/\/api.w.org\/{rel}","templated":true}]}}