{"id":78165,"date":"2025-07-11T16:31:24","date_gmt":"2025-07-11T13:31:24","guid":{"rendered":"https:\/\/demo8.ecube.lv\/sezona.lv\/products\/pulveris-high-protein-90-vanilla-750g\/"},"modified":"2025-07-14T15:19:31","modified_gmt":"2025-07-14T12:19:31","slug":"pulveris-high-protein-90-vanilla-750g","status":"publish","type":"product","link":"https:\/\/sezona.lv\/en\/products\/pulveris-high-protein-90-vanilla-750g\/","title":{"rendered":"Pulveris High Protein 90 Vanilla 750g"},"content":{"rendered":"<p>Isostar  High Protein 90 ir \u012bpa&scaron;i izstr\u0101d\u0101ts, lai palielin\u0101tu musku\u013cu apjomu.  \u012apa&scaron;a paaugstin\u0101ta prote\u012bna formula ( 84% piena prote\u012bna ar augstu  biolo\u0123isku v\u0113rt\u012bbu) nodro&scaron;ina musku\u013cu masas palielin\u0101&scaron;anu un  saglab\u0101&scaron;anu. Pulveris ir bag\u0101tin\u0101ts ar &nbsp;6 vitam\u012bniem ( <acronym class=\"c2c-text-hover\">vitam\u012bns B1<\/acronym>, <acronym class=\"c2c-text-hover\">vitam\u012bns B2<\/acronym>, <acronym class=\"c2c-text-hover\">vitam\u012bns B6<\/acronym>, <acronym class=\"c2c-text-hover\">vitam\u012bns PP<\/acronym>, <acronym class=\"c2c-text-hover\">vitam\u012bns C<\/acronym> un <acronym class=\"c2c-text-hover\">vitam\u012bns E<\/acronym>) un 2 miner\u0101liem &ndash; <acronym class=\"c2c-text-hover\">kalcijs<\/acronym> un <acronym class=\"c2c-text-hover\">magnijs<\/acronym> nodro&scaron;ina efekt\u012bvu musku\u013cu darb\u012bbu, <acronym class=\"c2c-text-hover\">vitam\u012bns B6<\/acronym> &nbsp;nodro&scaron;ina olbaltuma un glikog\u0113na uzs\u016bk&scaron;anos, <acronym class=\"c2c-text-hover\">vitam\u012bns B2<\/acronym> un <acronym class=\"c2c-text-hover\">vitam\u012bns B6<\/acronym> ir iesaist\u012bti sarkano asins\u0137ermen\u012b&scaron;u veido&scaron;an\u0101, kas piedal\u0101s sk\u0101bek\u013ca transport\u0113&scaron;anas procesos asin\u012bs. <acronym class=\"c2c-text-hover\">Vitam\u012bns E<\/acronym> &nbsp;darbojas k\u0101 antioksidants, aizsarg\u0101jot &scaron;\u016bnas no br\u012bvo radik\u0101\u013cu  ietekmes. Isostar kvalit\u0101tes simbols garant\u0113 augstu produkta kvalit\u0101ti,  ra\u017eo&scaron;anas procesu izsekojam\u012bbu un aizliegto vielu neesam\u012bbu produkt\u0101.  Pulveris ar vani\u013cas gar&scaron;u.<\/p>\n<p>Gar&scaron;a: vani\u013cas<\/p>\n<p>Lieto&scaron;anas laiks: p\u0113c<\/p>\n<p>Lieto&scaron;anas m\u0113r\u0137is: musku\u013ciem \/ fitnesam<\/p>\n<p>Sast\u0101vs:<strong> <\/strong><span style=\"color: #000000\">Piena <acronym class=\"c2c-text-hover\">olbaltumvielas<\/acronym> (kazein\u0101ti), emulgatori: saulespu\u0137u un sojas lecit\u012bns, s\u016bkalu <acronym class=\"c2c-text-hover\">olbaltumvielas<\/acronym>, hidroliz\u0113ts kvie&scaron;u <acronym class=\"c2c-text-hover\">prote\u012bns<\/acronym>, sojas prote\u012bna izol\u0101ts , aromatiz\u0113t\u0101ji, maltodekstr\u012bns, magnija karbon\u0101ts, saldin\u0101t\u0101ji: aspartam un acesulf\u0101ms-k, <acronym class=\"c2c-text-hover\">vitam\u012bns E<\/acronym>, <acronym class=\"c2c-text-hover\">vitam\u012bns C<\/acronym> , <acronym class=\"c2c-text-hover\">vitam\u012bns B1<\/acronym>, <acronym class=\"c2c-text-hover\">vitam\u012bns B2<\/acronym>, <acronym class=\"c2c-text-hover\">vitam\u012bns B6<\/acronym>, <acronym class=\"c2c-text-hover\">vitam\u012bns PP<\/acronym>. Satur fenilalan\u012bnu. <\/span><\/p>\n","protected":false},"excerpt":{"rendered":"<p>Isostar High Protein 90 ir \u012bpa&scaron;i izstr\u0101d\u0101ts, lai palielin\u0101tu musku\u013cu apjomu. \u012apa&scaron;a paaugstin\u0101ta prote\u012bna formula ( 84% piena prote\u012bna ar augstu biolo\u0123isku v\u0113rt\u012bbu) nodro&scaron;ina musku\u013cu masas palielin\u0101&scaron;anu un saglab\u0101&scaron;anu. Pulveris ir bag\u0101tin\u0101ts ar &nbsp;6 vitam\u012bniem ( vitam\u012bns B1, vitam\u012bns B2, vitam\u012bns B6, vitam\u012bns PP, vitam\u012bns C un vitam\u012bns E) un 2 miner\u0101liem &ndash; kalcijs un [&hellip;]<\/p>\n","protected":false},"featured_media":69350,"template":"","meta":[],"product_brand":[3394],"product_cat":[4998,5000],"product_tag":[],"class_list":{"0":"post-78165","1":"product","2":"type-product","3":"status-publish","4":"has-post-thumbnail","6":"product_brand-isostar","7":"product_cat-sports-nutrition-sports","8":"product_cat-protein-drinks-sports-nutrition-sports","10":"first","11":"instock","12":"shipping-taxable","13":"purchasable","14":"product-type-simple"},"_links":{"self":[{"href":"https:\/\/sezona.lv\/en\/wp-json\/wp\/v2\/product\/78165","targetHints":{"allow":["GET"]}}],"collection":[{"href":"https:\/\/sezona.lv\/en\/wp-json\/wp\/v2\/product"}],"about":[{"href":"https:\/\/sezona.lv\/en\/wp-json\/wp\/v2\/types\/product"}],"wp:featuredmedia":[{"embeddable":true,"href":"https:\/\/sezona.lv\/en\/wp-json\/wp\/v2\/media\/69350"}],"wp:attachment":[{"href":"https:\/\/sezona.lv\/en\/wp-json\/wp\/v2\/media?parent=78165"}],"wp:term":[{"taxonomy":"product_brand","embeddable":true,"href":"https:\/\/sezona.lv\/en\/wp-json\/wp\/v2\/product_brand?post=78165"},{"taxonomy":"product_cat","embeddable":true,"href":"https:\/\/sezona.lv\/en\/wp-json\/wp\/v2\/product_cat?post=78165"},{"taxonomy":"product_tag","embeddable":true,"href":"https:\/\/sezona.lv\/en\/wp-json\/wp\/v2\/product_tag?post=78165"}],"curies":[{"name":"wp","href":"https:\/\/api.w.org\/{rel}","templated":true}]}}