{"id":78166,"date":"2025-07-11T16:31:25","date_gmt":"2025-07-11T13:31:25","guid":{"rendered":"https:\/\/demo8.ecube.lv\/sezona.lv\/products\/isostar-mass-gainer-vanilla-700g\/"},"modified":"2025-07-14T15:19:32","modified_gmt":"2025-07-14T12:19:32","slug":"isostar-mass-gainer-vanilla-700g","status":"publish","type":"product","link":"https:\/\/sezona.lv\/en\/products\/isostar-mass-gainer-vanilla-700g\/","title":{"rendered":"Isostar Mass Gainer Vanilla 700g"},"content":{"rendered":"<ul>\n<li>Prote\u012bnu dz\u0113riens paredz\u0113ts lieto&scaron;anai gan slodzes laik\u0101, gan p\u0113c t\u0101s.<\/li>\n<li>Satur&nbsp;<span>kalciju<\/span>, kas nodro&scaron;ina optim\u0101lu musku\u013cu darb\u012bbu, pateicoties t\u0101 iesaistei musku\u013cu kontrakciju proces\u0101.<\/li>\n<li>Satur&nbsp;<span>magniju,&nbsp;<\/span>kas pal\u012bdz mazin\u0101t nogurumu un nesp\u0113ku &ndash; magnijam ir vit\u0101la noz\u012bme glikog\u0113na p\u0101rv\u0113r&scaron;an\u0101 par glikozi, kas ir galvenais ener\u0123ijas avots slodzes laik\u0101.<\/li>\n<li>M\u016bsdien\u012bg\u0101ks iepakojums \u0113rt\u0101kai lieto&scaron;anai un dz\u0113riena pagatavo&scaron;anai.<\/li>\n<li>Bag\u0101t\u012bgs vitam\u012bnu avots &ndash; satur E, C, B6, B1, B2, PP vitam\u012bnus.<\/li>\n<li><span>ISOSTAR Clean Engagement&nbsp;<\/span>simbols garant\u0113&nbsp;<span>&ndash;<\/span>&nbsp;produkts nesatur neat\u013cautas vielas, produkts tiek regul\u0101ri p\u0101rbaud\u012bts un analiz\u0113ts neatkar\u012bg\u0101s laboratorij\u0101s,&nbsp; produktu ra\u017eo&scaron;an\u0101 tiek izmantotas tikai<span>&nbsp;<\/span>p\u0101rtikas sast\u0101vda\u013cas, dabai draudz\u012bgs iepakojums.<\/li>\n<p><span>Isostar Mass Gainer<\/span>&nbsp;pulveris ar vani\u013cas gar&scaron;u ir paredz\u0113ts prote\u012bna dz\u0113riena pagatavo&scaron;anai. T\u0101 pamat\u0101 ir 24% piena olbaltums ar augstu biolo\u0123isko v\u0113rt\u012bbu un 67% og\u013chidr\u0101tiem. Lietojams muskulat\u016bras att\u012bst\u012b&scaron;anas slod\u017eu laik\u0101, k\u0101 ar\u012b p\u0113c slodz\u0113m. Tas nodro&scaron;ina musku\u013cu sp\u0113ka &nbsp;pieaugumu un piedal\u0101s musku\u013cu masas palielin\u0101&scaron;an\u0101. Sast\u0101v\u0101 eso&scaron;ie&nbsp;<abbr class=\"c2c-text-hover\">og\u013chidr\u0101ti<\/abbr>&nbsp;nodro&scaron;ina nepiecie&scaron;amo sp\u0113ku un ener\u0123iju slodzes laik\u0101. P\u0113c slodzes, prote\u012bna dz\u0113riens nodro&scaron;ina optim\u0101lu musku\u013cu atjauno&scaron;anos.<\/p>\n<p>Prote\u012bna dz\u0113riens ir bag\u0101t\u012bgs ar vitam\u012bniem &ndash; E, C, B6, B1, B2 (riboflav\u012bns) un PP (niac\u012bns) un miner\u0101lviel\u0101m.&nbsp;<abbr class=\"c2c-text-hover\">Kalcijs<\/abbr>&nbsp;nodro&scaron;ina optim\u0101lu musku\u013cu darb\u012bbu, pateicoties t\u0101 iesaistei musku\u013cu kontrakciju proces\u0101. Vitam\u012bni C, B2, PP un B6 un&nbsp;<abbr class=\"c2c-text-hover\">magnijs<\/abbr>&nbsp;pal\u012bdz mazin\u0101t nesp\u0113ku un nogurumu. Magnijam ir vit\u0101la noz\u012bme glikog\u0113na p\u0101rv\u0113r&scaron;an\u0101 par glikozi, kas ir galvenais ener\u0123ijas avots slodzes laik\u0101.&nbsp;<abbr class=\"c2c-text-hover\">Vitam\u012bns B2<\/abbr>&nbsp;un&nbsp;<abbr class=\"c2c-text-hover\">vitam\u012bns B6<\/abbr>&nbsp;ir iesaist\u012bti sarkano asins\u0137ermen\u012b&scaron;u veido&scaron;an\u0101 un tie nodro&scaron;ina optim\u0101lu sk\u0101bek\u013ca pieg\u0101di musku\u013ciem.&nbsp;<abbr class=\"c2c-text-hover\">Vitam\u012bns B6<\/abbr>&nbsp;uzlabo prote\u012bna un glikog\u0113na metabolisma procesus.&nbsp;<abbr class=\"c2c-text-hover\">Vitam\u012bns E<\/abbr>&nbsp;ir antioksidants, kas aizsarg\u0101 organisma &scaron;\u016bnas no br\u012bvo radik\u0101\u013cu ietekmes.<\/p>\n<p>Lietot Isostar Mass Gainer prote\u012bna dz\u0113rienu k\u0101 papildin\u0101jumu vesel\u012bgam dz\u012bvesveidam un sabalans\u0113tam uzturam.<\/p>\n<p>M\u016bsdien\u012bg\u0101ks iepakojums \u0113rt\u0101kai lieto&scaron;anai un dz\u0113riena pagatavo&scaron;anai.<\/p>\n<p><span>ISOSTAR Clean Engagement&nbsp;<\/span>simbols garant\u0113&nbsp;<span>&ndash;<\/span>&nbsp;produkts nesatur neat\u013cautas vielas, produkts tiek regul\u0101ri p\u0101rbaud\u012bts un analiz\u0113ts neatkar\u012bg\u0101s laboratorij\u0101s, produktu ra\u017eo&scaron;an\u0101 tiek izmantotas tikai<span>&nbsp;<\/span>p\u0101rtikas sast\u0101vda\u013cas, dabai draudz\u012bgs iepakojums.<\/p>\n<p>Ra\u017eot\u0101ja m\u0101jaslapa:&nbsp;<a href=\"http:\/\/www.isostar.fr\/\">www.isostar.fr<\/a><\/p>\n<p>&nbsp;<\/p>\n<div id=\"tab-pagatavosana-un-lietosana\" class=\"woocommerce-Tabs-panel woocommerce-Tabs-panel--pagatavosana-un-lietosana panel entry-content wc-tab\">\n<h2 class=\"yikes-custom-woo-tab-title yikes-custom-woo-tab-title-pagatavosana-un-lietosana\">Pagatavo&scaron;ana un lieto&scaron;ana<\/h2>\n<p>Lai ieg\u016btu 250 ml prote\u012bnu dz\u0113riena, 50g pulvera (4 kausi\u0146i) sajaukt ar 200 ml \u016bdens vai piena. Lietot musku\u013cu masas palielin\u0101&scaron;anas period\u0101 1-3 porcijas (0.2-0.6g prote\u012bna uz kg \u0137erme\u0146a svara) dien\u0101. Lietot musku\u013cu tren\u0113&scaron;anas laik\u0101 vai 30min-3h laik\u0101 p\u0113c slodzes. Dzert daudz \u016bdeni.&nbsp;Lietot k\u0101 papildin\u0101jumu vesel\u012bgam dz\u012bvesveidam un sabalans\u0113tam uzturam.<\/p>\n<\/div>\n<div id=\"tab-sastavs\" class=\"woocommerce-Tabs-panel woocommerce-Tabs-panel--sastavs panel entry-content wc-tab\">\n<h2 class=\"yikes-custom-woo-tab-title yikes-custom-woo-tab-title-sastavs\">Sast\u0101vs<\/h2>\n<p><span>V\u0101jpiena&nbsp;<\/span>pulveris, glikozes s\u012brups, cukurs,&nbsp;<span lang=\"lv\"><span>kvie&scaron;u<\/span>&nbsp;prote\u012bns<\/span>, aromatiz\u0113t\u0101ji, magnija karbon\u0101ts, vitam\u012bns E, vitam\u012bns C, vitam\u012bns B1 (tiam\u012bns), vitam\u012bns B2 (riboflav\u012bns), vitam\u012bns B6, vitam\u012bns PP (niac\u012bns), kr\u0101sviela &ndash; karotino\u012bdi.&nbsp;Var satur\u0113t:&nbsp;<span>seleriju, olu, sojas&nbsp;<\/span>da\u013ci\u0146as.<\/p>\n<\/div>\n<div id=\"tab-uzturvielas\" class=\"woocommerce-Tabs-panel woocommerce-Tabs-panel--uzturvielas panel entry-content wc-tab\">\n<h2 class=\"yikes-custom-woo-tab-title yikes-custom-woo-tab-title-uzturvielas\">Uzturvielas<\/h2>\n<table border=\"0\">\n<thead>\n<tr>\n<th scope=\"col\">Uzturvielas<\/th>\n<th scope=\"col\">100g<\/th>\n<th scope=\"col\">Porcija (250ml)<\/th>\n<\/tr>\n<\/thead>\n<tbody>\n<tr>\n<td>Ener\u0123\u0113tisk\u0101 v\u0113rt\u012bba Kcal\/Kj<\/td>\n<td>366\/1555<\/td>\n<td>185\/786<\/td>\n<\/tr>\n<tr>\n<td>Og\u013chidr\u0101ti<\/td>\n<td>67g<\/td>\n<td>34g<\/td>\n<\/tr>\n<tr>\n<td>tostarp cukuri<\/td>\n<td>49g<\/td>\n<td>24g<\/td>\n<\/tr>\n<tr>\n<td>Tauki<\/td>\n<td>0.4g<\/td>\n<td>0.2g<\/td>\n<\/tr>\n<tr>\n<td>tostarp pies\u0101tin\u0101t\u0101s tauksk\u0101bes<\/td>\n<td>0.2g<\/td>\n<td>0.1g<\/td>\n<\/tr>\n<tr>\n<td>Olbaltumvielas<\/td>\n<td>24g<\/td>\n<td>12g<\/td>\n<\/tr>\n<tr>\n<td>S\u0101ls<\/td>\n<td>0.60g<\/td>\n<td>0.3g<\/td>\n<\/tr>\n<tr>\n<td>B1 vitam\u012bns<\/td>\n<td>0.89mg=81%*<\/td>\n<td>0.44mg=40%*<\/td>\n<\/tr>\n<tr>\n<td>B2 vitam\u012bns<\/td>\n<td>1.7mg=121%*<\/td>\n<td>0.85mg= 61%*<\/td>\n<\/tr>\n<tr>\n<td>B6 vitam\u012bns<\/td>\n<td>1.3mg=93%*<\/td>\n<td>0.65mg= 46%*<\/td>\n<\/tr>\n<tr>\n<td>C vitam\u012bns<\/td>\n<td>62=78%*<\/td>\n<td>31mg= 39%*<\/td>\n<\/tr>\n<tr>\n<td>E vitam\u012bns<\/td>\n<td>9.3mg=78%*<\/td>\n<td>4.6mg = 38%*<\/td>\n<\/tr>\n<tr>\n<td>PP vitam\u012bns<\/td>\n<td>13mg=81%*<\/td>\n<td>6.5mg=41%*<\/td>\n<\/tr>\n<tr>\n<td>Magnijs<\/td>\n<td>200mg=53%*<\/td>\n<td>100mg=27%*<\/td>\n<\/tr>\n<tr>\n<td>Kalcijs<\/td>\n<td>730mg=91%*<\/td>\n<td>365mg=46%*<\/td>\n<\/tr>\n<\/tbody>\n<\/table>\n<p>*NRV &#8211; uzturvielu atsauces v\u0113rt\u012bba<\/p>\n<\/div>\n<\/ul>\n","protected":false},"excerpt":{"rendered":"<p>Prote\u012bnu dz\u0113riens paredz\u0113ts lieto&scaron;anai gan slodzes laik\u0101, gan p\u0113c t\u0101s. Satur&nbsp;kalciju, kas nodro&scaron;ina optim\u0101lu musku\u013cu darb\u012bbu, pateicoties t\u0101 iesaistei musku\u013cu kontrakciju proces\u0101. Satur&nbsp;magniju,&nbsp;kas pal\u012bdz mazin\u0101t nogurumu un nesp\u0113ku &ndash; magnijam ir vit\u0101la noz\u012bme glikog\u0113na p\u0101rv\u0113r&scaron;an\u0101 par glikozi, kas ir galvenais ener\u0123ijas avots slodzes laik\u0101. M\u016bsdien\u012bg\u0101ks iepakojums \u0113rt\u0101kai lieto&scaron;anai un dz\u0113riena pagatavo&scaron;anai. Bag\u0101t\u012bgs vitam\u012bnu avots &ndash; [&hellip;]<\/p>\n","protected":false},"featured_media":69353,"template":"","meta":[],"product_brand":[3394],"product_cat":[4998,5000],"product_tag":[],"class_list":{"0":"post-78166","1":"product","2":"type-product","3":"status-publish","4":"has-post-thumbnail","6":"product_brand-isostar","7":"product_cat-sports-nutrition-sports","8":"product_cat-protein-drinks-sports-nutrition-sports","10":"first","11":"instock","12":"shipping-taxable","13":"purchasable","14":"product-type-simple"},"_links":{"self":[{"href":"https:\/\/sezona.lv\/en\/wp-json\/wp\/v2\/product\/78166","targetHints":{"allow":["GET"]}}],"collection":[{"href":"https:\/\/sezona.lv\/en\/wp-json\/wp\/v2\/product"}],"about":[{"href":"https:\/\/sezona.lv\/en\/wp-json\/wp\/v2\/types\/product"}],"wp:featuredmedia":[{"embeddable":true,"href":"https:\/\/sezona.lv\/en\/wp-json\/wp\/v2\/media\/69353"}],"wp:attachment":[{"href":"https:\/\/sezona.lv\/en\/wp-json\/wp\/v2\/media?parent=78166"}],"wp:term":[{"taxonomy":"product_brand","embeddable":true,"href":"https:\/\/sezona.lv\/en\/wp-json\/wp\/v2\/product_brand?post=78166"},{"taxonomy":"product_cat","embeddable":true,"href":"https:\/\/sezona.lv\/en\/wp-json\/wp\/v2\/product_cat?post=78166"},{"taxonomy":"product_tag","embeddable":true,"href":"https:\/\/sezona.lv\/en\/wp-json\/wp\/v2\/product_tag?post=78166"}],"curies":[{"name":"wp","href":"https:\/\/api.w.org\/{rel}","templated":true}]}}