{"id":78167,"date":"2025-07-11T16:31:26","date_gmt":"2025-07-11T13:31:26","guid":{"rendered":"https:\/\/demo8.ecube.lv\/sezona.lv\/products\/pulveris-whey-protein-chocolate-570g\/"},"modified":"2025-07-14T15:19:33","modified_gmt":"2025-07-14T12:19:33","slug":"pulveris-whey-protein-chocolate-570g","status":"publish","type":"product","link":"https:\/\/sezona.lv\/en\/products\/pulveris-whey-protein-chocolate-570g\/","title":{"rendered":"Pulveris Whey Protein Chocolate 570g"},"content":{"rendered":"<p>Isostar Whey Protein Plus ir \u012bpa&scaron;i izstr\u0101d\u0101ts, lai palielin\u0101tu musku\u013cu  apjomu un toniz\u0113tu tos. Sast\u0101v\u0101 ir \u012bpa&scaron;i augstas kvalit\u0101te prote\u012bni,  kuri nodro&scaron;ina \u0101tr\u0101ku musku\u013cu masas palielin\u0101&scaron;anu un saglab\u0101&scaron;anu.  Pulverim ir augtsa biolo\u0123isk\u0101 v\u0113rt\u012bba, jo t\u0101 sast\u0101v\u0101 ir \u013coti svar\u012bgas <acronym class=\"c2c-text-hover\">aminosk\u0101bes<\/acronym>, kuras ir nepiecie&scaron;amas musku\u013cu darb\u012bbai un aug&scaron;anai. Sast\u0101v\u0101 ir 45% BCAA(sazarot\u0101s \u0137\u0113des <acronym class=\"c2c-text-hover\">aminosk\u0101bes<\/acronym>)&nbsp; un EAA (neaizvietojam\u0101s <acronym class=\"c2c-text-hover\">aminosk\u0101bes<\/acronym>).  EAA ir <acronym class=\"c2c-text-hover\">aminosk\u0101bes<\/acronym>, kuras organisms pats nesp\u0113j ra\u017eot, t\u0101d\u0113\u013c t\u0101s ir j\u0101uz\u0146em ar pareizas un sabalans\u0113tas di\u0113tas pal\u012bdz\u012bbu. <acronym class=\"c2c-text-hover\">Aminosk\u0101bes<\/acronym>,  kuras cilv\u0113ka organisms pats nevar sintez\u0113t ir 9- fenilalan\u012bns, val\u012bns,  treon\u012bns, triptof\u0101ns, metion\u012bns, leic\u012bns, izoleic\u012bns, liz\u012bns, un  histid\u012bns.  Pulveris ar &scaron;okol\u0101des gar&scaron;u.<\/p>\n<p>Gar&scaron;a: &scaron;okol\u0101des<\/p>\n<p>Lieto&scaron;anas laiks: pirms, p\u0113c<\/p>\n<p>Lieto&scaron;anas m\u0113r\u0137is: musku\u013ciem \/ fitnesam<\/p>\n<p>Sast\u0101vs:<strong> <\/strong><span style=\"color: #000000\">S\u016bkalu <acronym class=\"c2c-text-hover\">olbaltumvielas<\/acronym> 91% (emulgatori: saulespu\u0137u un sojas lecit\u012bns), ar zemu tauku satura kakao pulveris (emulgators: sojas lecit\u012bns),  aromatiz\u0113t\u0101js (kr\u0101sviela: E150c), pretsalipes viela: kalcija fosf\u0101ti,  saldin\u0101t\u0101ji: aspart\u0101ma-acesulf\u0101ma-K. Satur fenilalan\u012bnu. <\/span><\/p>\n","protected":false},"excerpt":{"rendered":"<p>Isostar Whey Protein Plus ir \u012bpa&scaron;i izstr\u0101d\u0101ts, lai palielin\u0101tu musku\u013cu apjomu un toniz\u0113tu tos. Sast\u0101v\u0101 ir \u012bpa&scaron;i augstas kvalit\u0101te prote\u012bni, kuri nodro&scaron;ina \u0101tr\u0101ku musku\u013cu masas palielin\u0101&scaron;anu un saglab\u0101&scaron;anu. Pulverim ir augtsa biolo\u0123isk\u0101 v\u0113rt\u012bba, jo t\u0101 sast\u0101v\u0101 ir \u013coti svar\u012bgas aminosk\u0101bes, kuras ir nepiecie&scaron;amas musku\u013cu darb\u012bbai un aug&scaron;anai. Sast\u0101v\u0101 ir 45% BCAA(sazarot\u0101s \u0137\u0113des aminosk\u0101bes)&nbsp; un EAA [&hellip;]<\/p>\n","protected":false},"featured_media":69356,"template":"","meta":[],"product_brand":[3394],"product_cat":[4998,5000],"product_tag":[],"class_list":{"0":"post-78167","1":"product","2":"type-product","3":"status-publish","4":"has-post-thumbnail","6":"product_brand-isostar","7":"product_cat-sports-nutrition-sports","8":"product_cat-protein-drinks-sports-nutrition-sports","10":"first","11":"instock","12":"shipping-taxable","13":"purchasable","14":"product-type-simple"},"_links":{"self":[{"href":"https:\/\/sezona.lv\/en\/wp-json\/wp\/v2\/product\/78167","targetHints":{"allow":["GET"]}}],"collection":[{"href":"https:\/\/sezona.lv\/en\/wp-json\/wp\/v2\/product"}],"about":[{"href":"https:\/\/sezona.lv\/en\/wp-json\/wp\/v2\/types\/product"}],"wp:featuredmedia":[{"embeddable":true,"href":"https:\/\/sezona.lv\/en\/wp-json\/wp\/v2\/media\/69356"}],"wp:attachment":[{"href":"https:\/\/sezona.lv\/en\/wp-json\/wp\/v2\/media?parent=78167"}],"wp:term":[{"taxonomy":"product_brand","embeddable":true,"href":"https:\/\/sezona.lv\/en\/wp-json\/wp\/v2\/product_brand?post=78167"},{"taxonomy":"product_cat","embeddable":true,"href":"https:\/\/sezona.lv\/en\/wp-json\/wp\/v2\/product_cat?post=78167"},{"taxonomy":"product_tag","embeddable":true,"href":"https:\/\/sezona.lv\/en\/wp-json\/wp\/v2\/product_tag?post=78167"}],"curies":[{"name":"wp","href":"https:\/\/api.w.org\/{rel}","templated":true}]}}