{"id":78168,"date":"2025-07-11T16:31:27","date_gmt":"2025-07-11T13:31:27","guid":{"rendered":"https:\/\/demo8.ecube.lv\/sezona.lv\/products\/pulveris-after-sport-reload-chocolate-450g\/"},"modified":"2025-07-14T15:19:34","modified_gmt":"2025-07-14T12:19:34","slug":"pulveris-after-sport-reload-chocolate-450g","status":"publish","type":"product","link":"https:\/\/sezona.lv\/en\/products\/pulveris-after-sport-reload-chocolate-450g\/","title":{"rendered":"Pulveris After Sport Reload Chocolate 450g"},"content":{"rendered":"<p>Isostar&nbsp; Reload After Sport pulveris ir paredz\u0113ts atjaunojo&scaron;a dz\u0113riena pagatavo&scaron;anai. T\u0101 sast\u0101v\u0101 eso&scaron;ie <acronym class=\"c2c-text-hover\">og\u013chidr\u0101ti<\/acronym> pal\u012bdz nodro&scaron;in\u0101t organisma atjauno&scaron;an\u0101s procesus p\u0113c slodzes. Tas ir lielisks vitam\u012bnu B1, <acronym class=\"c2c-text-hover\">vitam\u012bnu B2<\/acronym>, vitam\u012bnu B6, vitam\u012bnu C, vitam\u012bnu E un vitam\u012bnu PP, k\u0101 ar\u012b kalcija un magnija avots. <acronym class=\"c2c-text-hover\">Kalcijs<\/acronym> un <acronym class=\"c2c-text-hover\">magnijs<\/acronym> nodro&scaron;ina optim\u0101lu musku\u013cu funkcion\u0113&scaron;anu. <acronym class=\"c2c-text-hover\">Vitam\u012bns B2<\/acronym>, <acronym class=\"c2c-text-hover\">vitam\u012bns PP<\/acronym>, <acronym class=\"c2c-text-hover\">vitam\u012bns B6<\/acronym>, <acronym class=\"c2c-text-hover\">vitam\u012bns C<\/acronym> un <acronym class=\"c2c-text-hover\">magnijs<\/acronym> pal\u012bdz samazin\u0101t nogurumu. Antidopinga garantija. Test\u0113ta un p\u0101rbaud\u012bta  formula. Lietot k\u0101 papildin\u0101jumu sabalans\u0113tai di\u0113tai un vesel\u012bgam  dz\u012bvesveidam.<\/p>\n<p>Gar&scaron;a: &scaron;okol\u0101des<\/p>\n<p>Lieto&scaron;anas laiks: p\u0113c<\/p>\n<p>Lieto&scaron;anas m\u0113r\u0137is: organisma stiprin\u0101&scaron;anai<\/p>\n<p>Sast\u0101vs: <span style=\"color: #000000\">V\u0101jpiena pulveris, glikozes s\u012brups, cukurs, hidroliz\u0113ts kvie&scaron;u <acronym class=\"c2c-text-hover\">prote\u012bns<\/acronym>, kakao pulveris ar zemu tauku saturu 4,5%, emulgators: sojas leic\u012bns, aromatiz\u0113t\u0101ji, n\u0101trija hlor\u012bds, magnija karbon\u0101ts, <acronym class=\"c2c-text-hover\">vitam\u012bns C<\/acronym> un <acronym class=\"c2c-text-hover\">vitam\u012bns E<\/acronym> (laktoze un piena <acronym class=\"c2c-text-hover\">olbaltumvielas<\/acronym>), <acronym class=\"c2c-text-hover\">vitam\u012bns B1<\/acronym>, <acronym class=\"c2c-text-hover\">vitam\u012bns B2<\/acronym>, <acronym class=\"c2c-text-hover\">vitam\u012bns B6<\/acronym> un <acronym class=\"c2c-text-hover\">vitam\u012bns PP<\/acronym>.<\/span><\/p>\n","protected":false},"excerpt":{"rendered":"<p>Isostar&nbsp; Reload After Sport pulveris ir paredz\u0113ts atjaunojo&scaron;a dz\u0113riena pagatavo&scaron;anai. T\u0101 sast\u0101v\u0101 eso&scaron;ie og\u013chidr\u0101ti pal\u012bdz nodro&scaron;in\u0101t organisma atjauno&scaron;an\u0101s procesus p\u0113c slodzes. Tas ir lielisks vitam\u012bnu B1, vitam\u012bnu B2, vitam\u012bnu B6, vitam\u012bnu C, vitam\u012bnu E un vitam\u012bnu PP, k\u0101 ar\u012b kalcija un magnija avots. Kalcijs un magnijs nodro&scaron;ina optim\u0101lu musku\u013cu funkcion\u0113&scaron;anu. Vitam\u012bns B2, vitam\u012bns PP, vitam\u012bns [&hellip;]<\/p>\n","protected":false},"featured_media":69359,"template":"","meta":[],"product_brand":[3394],"product_cat":[4998,5003],"product_tag":[],"class_list":{"0":"post-78168","1":"product","2":"type-product","3":"status-publish","4":"has-post-thumbnail","6":"product_brand-isostar","7":"product_cat-sports-nutrition-sports","8":"product_cat-preparation-and-recovery-sports-nutrition-sports","10":"first","11":"instock","12":"shipping-taxable","13":"purchasable","14":"product-type-simple"},"_links":{"self":[{"href":"https:\/\/sezona.lv\/en\/wp-json\/wp\/v2\/product\/78168","targetHints":{"allow":["GET"]}}],"collection":[{"href":"https:\/\/sezona.lv\/en\/wp-json\/wp\/v2\/product"}],"about":[{"href":"https:\/\/sezona.lv\/en\/wp-json\/wp\/v2\/types\/product"}],"wp:featuredmedia":[{"embeddable":true,"href":"https:\/\/sezona.lv\/en\/wp-json\/wp\/v2\/media\/69359"}],"wp:attachment":[{"href":"https:\/\/sezona.lv\/en\/wp-json\/wp\/v2\/media?parent=78168"}],"wp:term":[{"taxonomy":"product_brand","embeddable":true,"href":"https:\/\/sezona.lv\/en\/wp-json\/wp\/v2\/product_brand?post=78168"},{"taxonomy":"product_cat","embeddable":true,"href":"https:\/\/sezona.lv\/en\/wp-json\/wp\/v2\/product_cat?post=78168"},{"taxonomy":"product_tag","embeddable":true,"href":"https:\/\/sezona.lv\/en\/wp-json\/wp\/v2\/product_tag?post=78168"}],"curies":[{"name":"wp","href":"https:\/\/api.w.org\/{rel}","templated":true}]}}