{"id":78169,"date":"2025-07-11T16:31:28","date_gmt":"2025-07-11T13:31:28","guid":{"rendered":"https:\/\/demo8.ecube.lv\/sezona.lv\/products\/pulveris-bicarbonates-10-7-1g\/"},"modified":"2025-07-14T15:19:35","modified_gmt":"2025-07-14T12:19:35","slug":"pulveris-bicarbonates-10-7-1g","status":"publish","type":"product","link":"https:\/\/sezona.lv\/en\/products\/pulveris-bicarbonates-10-7-1g\/","title":{"rendered":"Pulveris Bicarbonates (10\u00d77.1g)"},"content":{"rendered":"<p>Lactic Acid Stopper pulveris ir paredz\u0113ts pievienot j\u016bsu dz\u0113rienam. T\u0101  sast\u0101v\u0101 ir n\u0101trija bikarbon\u0101ts, kas efekt\u012bvi samazina piensk\u0101bes l\u012bmeni.  Piensk\u0101be ir metabolisma produkts, kas organism\u0101 rodas, \u012bsu, intens\u012bvu  un ciklisku slod\u017eu laik\u0101. Lielas piensk\u0101bes daudzums musku\u013cos var  izrais\u012bt krampju l\u0113kmes. Pulvera sast\u0101v\u0101 ir bag\u0101t\u012bga vitam\u012bna B1 un  magnija deva. <acronym class=\"c2c-text-hover\">Magnijs<\/acronym> pal\u012bdz saglab\u0101t efekt\u012bvu musku\u013cu darb\u012bbu slodzes laik\u0101 un samazina musku\u013cu boj\u0101jumu risku. <acronym class=\"c2c-text-hover\">Vitam\u012bns B1<\/acronym> veicina nervu sist\u0113mas darb\u012bbu, k\u0101 ar\u012b tiek iesaist\u012bts musku\u013cu kontrakcij\u0101s \u012bsu un ciklisku slod\u017eu laik\u0101.<\/p>\n<p>Gar&scaron;a: neitr\u0101la<\/p>\n<p>Lieto&scaron;anas laiks: laik\u0101, pirms<\/p>\n<p>Lieto&scaron;anas m\u0113r\u0137is: organisma stiprin\u0101&scaron;anai<\/p>\n<p>Sast\u0101vs: <span style=\"color: #000000\">Saharoze, <acronym class=\"c2c-text-hover\">n\u0101trijs<\/acronym> bikarbon\u0101ts 34%, magnija karbon\u0101ts, maltodekstr\u012bns, <acronym class=\"c2c-text-hover\">vitam\u012bns B1<\/acronym> .<\/span><\/p>\n","protected":false},"excerpt":{"rendered":"<p>Lactic Acid Stopper pulveris ir paredz\u0113ts pievienot j\u016bsu dz\u0113rienam. T\u0101 sast\u0101v\u0101 ir n\u0101trija bikarbon\u0101ts, kas efekt\u012bvi samazina piensk\u0101bes l\u012bmeni. Piensk\u0101be ir metabolisma produkts, kas organism\u0101 rodas, \u012bsu, intens\u012bvu un ciklisku slod\u017eu laik\u0101. Lielas piensk\u0101bes daudzums musku\u013cos var izrais\u012bt krampju l\u0113kmes. Pulvera sast\u0101v\u0101 ir bag\u0101t\u012bga vitam\u012bna B1 un magnija deva. Magnijs pal\u012bdz saglab\u0101t efekt\u012bvu musku\u013cu darb\u012bbu [&hellip;]<\/p>\n","protected":false},"featured_media":69362,"template":"","meta":[],"product_brand":[3394],"product_cat":[4998,5003],"product_tag":[],"class_list":{"0":"post-78169","1":"product","2":"type-product","3":"status-publish","4":"has-post-thumbnail","6":"product_brand-isostar","7":"product_cat-sports-nutrition-sports","8":"product_cat-preparation-and-recovery-sports-nutrition-sports","10":"first","11":"instock","12":"shipping-taxable","13":"purchasable","14":"product-type-simple"},"_links":{"self":[{"href":"https:\/\/sezona.lv\/en\/wp-json\/wp\/v2\/product\/78169","targetHints":{"allow":["GET"]}}],"collection":[{"href":"https:\/\/sezona.lv\/en\/wp-json\/wp\/v2\/product"}],"about":[{"href":"https:\/\/sezona.lv\/en\/wp-json\/wp\/v2\/types\/product"}],"wp:featuredmedia":[{"embeddable":true,"href":"https:\/\/sezona.lv\/en\/wp-json\/wp\/v2\/media\/69362"}],"wp:attachment":[{"href":"https:\/\/sezona.lv\/en\/wp-json\/wp\/v2\/media?parent=78169"}],"wp:term":[{"taxonomy":"product_brand","embeddable":true,"href":"https:\/\/sezona.lv\/en\/wp-json\/wp\/v2\/product_brand?post=78169"},{"taxonomy":"product_cat","embeddable":true,"href":"https:\/\/sezona.lv\/en\/wp-json\/wp\/v2\/product_cat?post=78169"},{"taxonomy":"product_tag","embeddable":true,"href":"https:\/\/sezona.lv\/en\/wp-json\/wp\/v2\/product_tag?post=78169"}],"curies":[{"name":"wp","href":"https:\/\/api.w.org\/{rel}","templated":true}]}}