{"id":78171,"date":"2025-07-11T16:31:30","date_gmt":"2025-07-11T13:31:30","guid":{"rendered":"https:\/\/demo8.ecube.lv\/sezona.lv\/products\/grozs-10-pudelem\/"},"modified":"2025-07-14T15:19:37","modified_gmt":"2025-07-14T12:19:37","slug":"grozs-10-pudelem","status":"publish","type":"product","link":"https:\/\/sezona.lv\/en\/products\/grozs-10-pudelem\/","title":{"rendered":"Grozs 10 pudel\u0113m"},"content":{"rendered":"<p>Augstas kvalit\u0101tes&nbsp; Isostar sporta pude\u013cu grozs ir piem\u0113rots da\u017e\u0101d\u0101m  sporta komand\u0101m. Taj\u0101 iesp\u0113jams ievietot l\u012bdz pat 10 Isostar dz\u0113riena  pudel\u0113m. \u013boti \u0113rts lieto&scaron;an\u0101.<\/p>\n","protected":false},"excerpt":{"rendered":"<p>Augstas kvalit\u0101tes&nbsp; Isostar sporta pude\u013cu grozs ir piem\u0113rots da\u017e\u0101d\u0101m sporta komand\u0101m. Taj\u0101 iesp\u0113jams ievietot l\u012bdz pat 10 Isostar dz\u0113riena pudel\u0113m. \u013boti \u0113rts lieto&scaron;an\u0101.<\/p>\n","protected":false},"featured_media":69365,"template":"","meta":[],"product_brand":[3394],"product_cat":[4998,5004],"product_tag":[],"class_list":{"0":"post-78171","1":"product","2":"type-product","3":"status-publish","4":"has-post-thumbnail","6":"product_brand-isostar","7":"product_cat-sports-nutrition-sports","8":"product_cat-bottles-and-accessories-sports-nutrition-sports","10":"first","11":"instock","12":"shipping-taxable","13":"purchasable","14":"product-type-simple"},"_links":{"self":[{"href":"https:\/\/sezona.lv\/en\/wp-json\/wp\/v2\/product\/78171","targetHints":{"allow":["GET"]}}],"collection":[{"href":"https:\/\/sezona.lv\/en\/wp-json\/wp\/v2\/product"}],"about":[{"href":"https:\/\/sezona.lv\/en\/wp-json\/wp\/v2\/types\/product"}],"wp:featuredmedia":[{"embeddable":true,"href":"https:\/\/sezona.lv\/en\/wp-json\/wp\/v2\/media\/69365"}],"wp:attachment":[{"href":"https:\/\/sezona.lv\/en\/wp-json\/wp\/v2\/media?parent=78171"}],"wp:term":[{"taxonomy":"product_brand","embeddable":true,"href":"https:\/\/sezona.lv\/en\/wp-json\/wp\/v2\/product_brand?post=78171"},{"taxonomy":"product_cat","embeddable":true,"href":"https:\/\/sezona.lv\/en\/wp-json\/wp\/v2\/product_cat?post=78171"},{"taxonomy":"product_tag","embeddable":true,"href":"https:\/\/sezona.lv\/en\/wp-json\/wp\/v2\/product_tag?post=78171"}],"curies":[{"name":"wp","href":"https:\/\/api.w.org\/{rel}","templated":true}]}}