{"id":78172,"date":"2025-07-11T16:31:30","date_gmt":"2025-07-11T13:31:30","guid":{"rendered":"https:\/\/demo8.ecube.lv\/sezona.lv\/products\/isostar-numura-josta-dzeltena\/"},"modified":"2025-07-14T15:19:38","modified_gmt":"2025-07-14T12:19:38","slug":"isostar-numura-josta-dzeltena","status":"publish","type":"product","link":"https:\/\/sezona.lv\/en\/products\/isostar-numura-josta-dzeltena\/","title":{"rendered":"Isostar numura josta dzeltena"},"content":{"rendered":"<p>Augstas  kvalit\u0101tes Isostar \u017eeleju un numura josta. Jost\u0101 ir stingras kabati\u0146as  dro&scaron;ai \u017eeleju ievieto&scaron;anai. Piem\u0113rota taku skr\u0113jieniem, maratoniem,  triatloniem un citiem skr\u0113jieniem.<\/p>\n","protected":false},"excerpt":{"rendered":"<p>Augstas kvalit\u0101tes Isostar \u017eeleju un numura josta. Jost\u0101 ir stingras kabati\u0146as dro&scaron;ai \u017eeleju ievieto&scaron;anai. Piem\u0113rota taku skr\u0113jieniem, maratoniem, triatloniem un citiem skr\u0113jieniem.<\/p>\n","protected":false},"featured_media":69368,"template":"","meta":[],"product_brand":[3394],"product_cat":[4998,5004],"product_tag":[],"class_list":{"0":"post-78172","1":"product","2":"type-product","3":"status-publish","4":"has-post-thumbnail","6":"product_brand-isostar","7":"product_cat-sports-nutrition-sports","8":"product_cat-bottles-and-accessories-sports-nutrition-sports","10":"first","11":"instock","12":"shipping-taxable","13":"purchasable","14":"product-type-simple"},"_links":{"self":[{"href":"https:\/\/sezona.lv\/en\/wp-json\/wp\/v2\/product\/78172","targetHints":{"allow":["GET"]}}],"collection":[{"href":"https:\/\/sezona.lv\/en\/wp-json\/wp\/v2\/product"}],"about":[{"href":"https:\/\/sezona.lv\/en\/wp-json\/wp\/v2\/types\/product"}],"wp:featuredmedia":[{"embeddable":true,"href":"https:\/\/sezona.lv\/en\/wp-json\/wp\/v2\/media\/69368"}],"wp:attachment":[{"href":"https:\/\/sezona.lv\/en\/wp-json\/wp\/v2\/media?parent=78172"}],"wp:term":[{"taxonomy":"product_brand","embeddable":true,"href":"https:\/\/sezona.lv\/en\/wp-json\/wp\/v2\/product_brand?post=78172"},{"taxonomy":"product_cat","embeddable":true,"href":"https:\/\/sezona.lv\/en\/wp-json\/wp\/v2\/product_cat?post=78172"},{"taxonomy":"product_tag","embeddable":true,"href":"https:\/\/sezona.lv\/en\/wp-json\/wp\/v2\/product_tag?post=78172"}],"curies":[{"name":"wp","href":"https:\/\/api.w.org\/{rel}","templated":true}]}}