{"id":78176,"date":"2025-07-11T16:31:34","date_gmt":"2025-07-11T13:31:34","guid":{"rendered":"https:\/\/demo8.ecube.lv\/sezona.lv\/products\/pudele-650ml-40y-dzeltena\/"},"modified":"2025-07-14T15:19:44","modified_gmt":"2025-07-14T12:19:44","slug":"pudele-650ml-40y-dzeltena","status":"publish","type":"product","link":"https:\/\/sezona.lv\/en\/products\/pudele-650ml-40y-dzeltena\/","title":{"rendered":"Pudele 650ml 40Y Dzeltena"},"content":{"rendered":"<p>Isostar sporta pudele ra\u017eota no augstv\u0113rt\u012bgas plastmasas. T\u0101 nodro&scaron;ina \u013coti \u0113rtu lieto&scaron;anu, ilgsto&scaron;u un nemain\u012bgu kvalit\u0101ti.<\/p>\n","protected":false},"excerpt":{"rendered":"<p>Isostar sporta pudele ra\u017eota no augstv\u0113rt\u012bgas plastmasas. T\u0101 nodro&scaron;ina \u013coti \u0113rtu lieto&scaron;anu, ilgsto&scaron;u un nemain\u012bgu kvalit\u0101ti.<\/p>\n","protected":false},"featured_media":69380,"template":"","meta":[],"product_brand":[3394],"product_cat":[4998,5004],"product_tag":[],"class_list":{"0":"post-78176","1":"product","2":"type-product","3":"status-publish","4":"has-post-thumbnail","6":"product_brand-isostar","7":"product_cat-sports-nutrition-sports","8":"product_cat-bottles-and-accessories-sports-nutrition-sports","10":"first","11":"instock","12":"shipping-taxable","13":"purchasable","14":"product-type-simple"},"_links":{"self":[{"href":"https:\/\/sezona.lv\/en\/wp-json\/wp\/v2\/product\/78176","targetHints":{"allow":["GET"]}}],"collection":[{"href":"https:\/\/sezona.lv\/en\/wp-json\/wp\/v2\/product"}],"about":[{"href":"https:\/\/sezona.lv\/en\/wp-json\/wp\/v2\/types\/product"}],"wp:featuredmedia":[{"embeddable":true,"href":"https:\/\/sezona.lv\/en\/wp-json\/wp\/v2\/media\/69380"}],"wp:attachment":[{"href":"https:\/\/sezona.lv\/en\/wp-json\/wp\/v2\/media?parent=78176"}],"wp:term":[{"taxonomy":"product_brand","embeddable":true,"href":"https:\/\/sezona.lv\/en\/wp-json\/wp\/v2\/product_brand?post=78176"},{"taxonomy":"product_cat","embeddable":true,"href":"https:\/\/sezona.lv\/en\/wp-json\/wp\/v2\/product_cat?post=78176"},{"taxonomy":"product_tag","embeddable":true,"href":"https:\/\/sezona.lv\/en\/wp-json\/wp\/v2\/product_tag?post=78176"}],"curies":[{"name":"wp","href":"https:\/\/api.w.org\/{rel}","templated":true}]}}