{"id":78183,"date":"2025-07-11T16:31:42","date_gmt":"2025-07-11T13:31:42","guid":{"rendered":"https:\/\/demo8.ecube.lv\/sezona.lv\/products\/seikeris-powerplay-pro-700ml\/"},"modified":"2025-07-14T15:19:52","modified_gmt":"2025-07-14T12:19:52","slug":"seikeris-powerplay-pro-700ml","status":"publish","type":"product","link":"https:\/\/sezona.lv\/en\/products\/seikeris-powerplay-pro-700ml\/","title":{"rendered":"\u0160eikeris PowerPlay PRO 700ml"},"content":{"rendered":"<p>Ide\u0101li piem\u0113rots atjauno&scaron;an\u0101s dz\u0113rienu vai Isostar Protein s\u0113rijas dz\u0113rienu sagatavo&scaron;anai.<\/p>\n","protected":false},"excerpt":{"rendered":"<p>Ide\u0101li piem\u0113rots atjauno&scaron;an\u0101s dz\u0113rienu vai Isostar Protein s\u0113rijas dz\u0113rienu sagatavo&scaron;anai.<\/p>\n","protected":false},"featured_media":69401,"template":"","meta":[],"product_brand":[3394],"product_cat":[4998,5004],"product_tag":[],"class_list":{"0":"post-78183","1":"product","2":"type-product","3":"status-publish","4":"has-post-thumbnail","6":"product_brand-isostar","7":"product_cat-sports-nutrition-sports","8":"product_cat-bottles-and-accessories-sports-nutrition-sports","10":"first","11":"instock","12":"shipping-taxable","13":"purchasable","14":"product-type-simple"},"_links":{"self":[{"href":"https:\/\/sezona.lv\/en\/wp-json\/wp\/v2\/product\/78183","targetHints":{"allow":["GET"]}}],"collection":[{"href":"https:\/\/sezona.lv\/en\/wp-json\/wp\/v2\/product"}],"about":[{"href":"https:\/\/sezona.lv\/en\/wp-json\/wp\/v2\/types\/product"}],"wp:featuredmedia":[{"embeddable":true,"href":"https:\/\/sezona.lv\/en\/wp-json\/wp\/v2\/media\/69401"}],"wp:attachment":[{"href":"https:\/\/sezona.lv\/en\/wp-json\/wp\/v2\/media?parent=78183"}],"wp:term":[{"taxonomy":"product_brand","embeddable":true,"href":"https:\/\/sezona.lv\/en\/wp-json\/wp\/v2\/product_brand?post=78183"},{"taxonomy":"product_cat","embeddable":true,"href":"https:\/\/sezona.lv\/en\/wp-json\/wp\/v2\/product_cat?post=78183"},{"taxonomy":"product_tag","embeddable":true,"href":"https:\/\/sezona.lv\/en\/wp-json\/wp\/v2\/product_tag?post=78183"}],"curies":[{"name":"wp","href":"https:\/\/api.w.org\/{rel}","templated":true}]}}