{"id":78184,"date":"2025-07-11T16:31:43","date_gmt":"2025-07-11T13:31:43","guid":{"rendered":"https:\/\/demo8.ecube.lv\/sezona.lv\/products\/termoss-10l\/"},"modified":"2025-07-14T15:19:53","modified_gmt":"2025-07-14T12:19:53","slug":"termoss-10l","status":"publish","type":"product","link":"https:\/\/sezona.lv\/en\/products\/termoss-10l\/","title":{"rendered":"Termoss 10l"},"content":{"rendered":"<p>Isostar termoss piem\u0113rots&nbsp;dz\u0113rienu sagatavo&scaron;anai un&nbsp;lieto&scaron;anai gan \u0101ra,  gan iek&scaron;telpu apst\u0101k\u013cos. Tas sp\u0113j nodro&scaron;in\u0101t nepiecie&scaron;amo dz\u0113riena  temperat\u016bru 6-8 stundu garum\u0101 atkar\u012bb\u0101 no laika apst\u0101k\u013ciem. Tilpums 10  litri. \u0112rts lieto&scaron;an\u0101.  \u012bpa&scaron;i piem\u0113rots&nbsp;da\u017e\u0101d\u0101m sporta vaidu komand\u0101m.<\/p>\n","protected":false},"excerpt":{"rendered":"<p>Isostar termoss piem\u0113rots&nbsp;dz\u0113rienu sagatavo&scaron;anai un&nbsp;lieto&scaron;anai gan \u0101ra, gan iek&scaron;telpu apst\u0101k\u013cos. Tas sp\u0113j nodro&scaron;in\u0101t nepiecie&scaron;amo dz\u0113riena temperat\u016bru 6-8 stundu garum\u0101 atkar\u012bb\u0101 no laika apst\u0101k\u013ciem. Tilpums 10 litri. \u0112rts lieto&scaron;an\u0101. \u012bpa&scaron;i piem\u0113rots&nbsp;da\u017e\u0101d\u0101m sporta vaidu komand\u0101m.<\/p>\n","protected":false},"featured_media":69404,"template":"","meta":[],"product_brand":[3394],"product_cat":[4998,5004],"product_tag":[],"class_list":{"0":"post-78184","1":"product","2":"type-product","3":"status-publish","4":"has-post-thumbnail","6":"product_brand-isostar","7":"product_cat-sports-nutrition-sports","8":"product_cat-bottles-and-accessories-sports-nutrition-sports","10":"first","11":"instock","12":"shipping-taxable","13":"purchasable","14":"product-type-simple"},"_links":{"self":[{"href":"https:\/\/sezona.lv\/en\/wp-json\/wp\/v2\/product\/78184","targetHints":{"allow":["GET"]}}],"collection":[{"href":"https:\/\/sezona.lv\/en\/wp-json\/wp\/v2\/product"}],"about":[{"href":"https:\/\/sezona.lv\/en\/wp-json\/wp\/v2\/types\/product"}],"wp:featuredmedia":[{"embeddable":true,"href":"https:\/\/sezona.lv\/en\/wp-json\/wp\/v2\/media\/69404"}],"wp:attachment":[{"href":"https:\/\/sezona.lv\/en\/wp-json\/wp\/v2\/media?parent=78184"}],"wp:term":[{"taxonomy":"product_brand","embeddable":true,"href":"https:\/\/sezona.lv\/en\/wp-json\/wp\/v2\/product_brand?post=78184"},{"taxonomy":"product_cat","embeddable":true,"href":"https:\/\/sezona.lv\/en\/wp-json\/wp\/v2\/product_cat?post=78184"},{"taxonomy":"product_tag","embeddable":true,"href":"https:\/\/sezona.lv\/en\/wp-json\/wp\/v2\/product_tag?post=78184"}],"curies":[{"name":"wp","href":"https:\/\/api.w.org\/{rel}","templated":true}]}}