{"id":78185,"date":"2025-07-11T16:31:44","date_gmt":"2025-07-11T13:31:44","guid":{"rendered":"https:\/\/demo8.ecube.lv\/sezona.lv\/products\/dzeriens-energy-shot-60g\/"},"modified":"2025-07-14T15:19:54","modified_gmt":"2025-07-14T12:19:54","slug":"dzeriens-energy-shot-60g","status":"publish","type":"product","link":"https:\/\/sezona.lv\/en\/products\/dzeriens-energy-shot-60g\/","title":{"rendered":"Dz\u0113riens Energy Shot 60g"},"content":{"rendered":"<p>Isostar Energy Shot vien\u0101 iepakojum\u0101 satur kofe\u012bnu, kas atbilst aptuveni  2 kafijas kr\u016bz\u0113m, guaranu uz \u017ee\u0146&scaron;e\u0146u, kas kombin\u0101cij\u0101 ar og\u013chidr\u0101tiem,  nodro&scaron;ina nekav\u0113jo&scaron;u un eksploz\u012bvu ener\u0123iju slodzes laik\u0101. Tas satur ar\u012b  vitam\u012bnu C , kas pal\u012bdz samazin\u0101t nogurumu. <acronym class=\"c2c-text-hover\">Vitam\u012bns B1<\/acronym> pal\u012bdz p\u0101rv\u0113rst organismam nepiecie&scaron;am\u0101s bar\u012bbas vielas ener\u0123ij\u0101. Viens  iepakojums pal\u012bdz\u0113s jums ieg\u016bt ener\u0123iju visnepiecie&scaron;am\u0101kaj\u0101 slodzes  br\u012bd\u012b.  Nav ieteicams b\u0113rniem, gr\u016btniec\u0113m un ar kr\u016bti barojo&scaron;\u0101m sieviet\u0113m.<\/p>\n<p>Gar&scaron;a: grenad\u012bna, zeme\u0146u<\/p>\n<p>Lieto&scaron;anas laiks: laik\u0101, pirms<\/p>\n<p>Citi: ar kofe\u012bnu<\/p>\n<p>Lieto&scaron;anas m\u0113r\u0137is: \u0101trai ener\u0123ijai<\/p>\n<p>Sast\u0101vs: <span style=\"color: #000000\">\u016adens, saharoze, <acronym class=\"c2c-text-hover\">vitam\u012bns C<\/acronym> un <acronym class=\"c2c-text-hover\">vitam\u012bns B1<\/acronym>, kofe\u012bns, <acronym class=\"c2c-text-hover\">guarana<\/acronym> un \u017ee\u0146&scaron;e\u0146a ekstrakti, sk\u0101buma regul\u0113t\u0101js: citronsk\u0101be, stabilizators:  k\u0101lija sorb\u0101ts, maltodekstr\u012bns, kr\u0101sviela: bie&scaron;u ekstr\u0101kts.<\/span><\/p>\n","protected":false},"excerpt":{"rendered":"<p>Isostar Energy Shot vien\u0101 iepakojum\u0101 satur kofe\u012bnu, kas atbilst aptuveni 2 kafijas kr\u016bz\u0113m, guaranu uz \u017ee\u0146&scaron;e\u0146u, kas kombin\u0101cij\u0101 ar og\u013chidr\u0101tiem, nodro&scaron;ina nekav\u0113jo&scaron;u un eksploz\u012bvu ener\u0123iju slodzes laik\u0101. Tas satur ar\u012b vitam\u012bnu C , kas pal\u012bdz samazin\u0101t nogurumu. Vitam\u012bns B1 pal\u012bdz p\u0101rv\u0113rst organismam nepiecie&scaron;am\u0101s bar\u012bbas vielas ener\u0123ij\u0101. Viens iepakojums pal\u012bdz\u0113s jums ieg\u016bt ener\u0123iju visnepiecie&scaron;am\u0101kaj\u0101 slodzes br\u012bd\u012b. [&hellip;]<\/p>\n","protected":false},"featured_media":69407,"template":"","meta":[],"product_brand":[3394],"product_cat":[4998,5001],"product_tag":[],"class_list":{"0":"post-78185","1":"product","2":"type-product","3":"status-publish","4":"has-post-thumbnail","6":"product_brand-isostar","7":"product_cat-sports-nutrition-sports","8":"product_cat-gels-and-candies-sports-nutrition-sports","10":"first","11":"instock","12":"shipping-taxable","13":"purchasable","14":"product-type-simple"},"_links":{"self":[{"href":"https:\/\/sezona.lv\/en\/wp-json\/wp\/v2\/product\/78185","targetHints":{"allow":["GET"]}}],"collection":[{"href":"https:\/\/sezona.lv\/en\/wp-json\/wp\/v2\/product"}],"about":[{"href":"https:\/\/sezona.lv\/en\/wp-json\/wp\/v2\/types\/product"}],"wp:featuredmedia":[{"embeddable":true,"href":"https:\/\/sezona.lv\/en\/wp-json\/wp\/v2\/media\/69407"}],"wp:attachment":[{"href":"https:\/\/sezona.lv\/en\/wp-json\/wp\/v2\/media?parent=78185"}],"wp:term":[{"taxonomy":"product_brand","embeddable":true,"href":"https:\/\/sezona.lv\/en\/wp-json\/wp\/v2\/product_brand?post=78185"},{"taxonomy":"product_cat","embeddable":true,"href":"https:\/\/sezona.lv\/en\/wp-json\/wp\/v2\/product_cat?post=78185"},{"taxonomy":"product_tag","embeddable":true,"href":"https:\/\/sezona.lv\/en\/wp-json\/wp\/v2\/product_tag?post=78185"}],"curies":[{"name":"wp","href":"https:\/\/api.w.org\/{rel}","templated":true}]}}