{"id":78186,"date":"2025-07-11T16:31:45","date_gmt":"2025-07-11T13:31:45","guid":{"rendered":"https:\/\/demo8.ecube.lv\/sezona.lv\/products\/tabletes-endurance-energy-tablets-lemon-24x4g\/"},"modified":"2025-07-14T15:19:55","modified_gmt":"2025-07-14T12:19:55","slug":"tabletes-endurance-energy-tablets-lemon-24x4g","status":"publish","type":"product","link":"https:\/\/sezona.lv\/en\/products\/tabletes-endurance-energy-tablets-lemon-24x4g\/","title":{"rendered":"Tabletes Endurance+ Energy Tablets Lemon (24x4g)"},"content":{"rendered":"<p>\u0112rti  lietojamas og\u013chidr\u0101tu (95% no sast\u0101va) tabletes ir bag\u0101tigas ar  vienk\u0101r&scaron;iem og\u013chidr\u0101tiem, jo \u200b\u200b\u012bpa&scaron;i glikozi (dekstrozes veid\u0101), kas  sniegs \u0101tru un t\u016bl\u012bt\u0113ju ener\u0123iju. Tablet\u0113s ir daudz magnija un <acronym class=\"c2c-text-hover\">vitam\u012bns C<\/acronym>, <acronym class=\"c2c-text-hover\">vitam\u012bns B1<\/acronym>, <acronym class=\"c2c-text-hover\">vitam\u012bns B2<\/acronym>, <acronym class=\"c2c-text-hover\">vitam\u012bns B5<\/acronym>, <acronym class=\"c2c-text-hover\">vitam\u012bns B6<\/acronym> un <acronym class=\"c2c-text-hover\">vitam\u012bns PP<\/acronym>: &ndash; Vitam\u012bni B1, PP, B5 un B6 veicina norm\u0101lu ener\u0123ijas vielmai\u0146u; &ndash; Vitam\u012bni B5, B6 un C pal\u012bdz\u0113s samazin\u0101t nogurumu; &ndash; Vitam\u012bni B2 un C var pal\u012bdz\u0113t aizsarg\u0101t &scaron;\u016bnas pret oksidat\u012bvo stresu; &ndash; <acronym class=\"c2c-text-hover\">Magnijs<\/acronym> veicina norm\u0101lu musku\u013cu funkciju un nov\u0113r&scaron; krampjus.  Lietojiet &scaron;\u012bs \u0113rti lietojama form\u0101ta tabletes ar citrona gar&scaron;u savos garaj\u0101s sporta aktivit\u0101t\u0113s.  &Scaron;is ir Endurance+ series produkts.<\/p>\n<p>Gar&scaron;a: citronu<\/p>\n<p>Lieto&scaron;anas laiks: laik\u0101<\/p>\n<p>Lieto&scaron;anas m\u0113r\u0137is: ilgsto&scaron;ai ener\u0123ijai<\/p>\n<p>Sast\u0101vs: <span style=\"color: #000000\">Dekstroze (83%), fruktoze (8%), k\u0101lija  glikon\u0101ts, magnija lakt\u0101ts, dabisks arom\u0101ts, emulgators: E471, sk\u0101bes:  citronsk\u0101be, me\u017ero\u017eu auglis, pretsalipes viela: E470b, <acronym class=\"c2c-text-hover\">vitam\u012bns C<\/acronym>, <acronym class=\"c2c-text-hover\">vitam\u012bns B1<\/acronym>, <acronym class=\"c2c-text-hover\">vitam\u012bns B2<\/acronym>, <acronym class=\"c2c-text-hover\">vitam\u012bns B5<\/acronym>, <acronym class=\"c2c-text-hover\">vitam\u012bns B6<\/acronym> un <acronym class=\"c2c-text-hover\">vitam\u012bns PP<\/acronym>.<\/span><\/p>\n","protected":false},"excerpt":{"rendered":"<p>\u0112rti lietojamas og\u013chidr\u0101tu (95% no sast\u0101va) tabletes ir bag\u0101tigas ar vienk\u0101r&scaron;iem og\u013chidr\u0101tiem, jo \u200b\u200b\u012bpa&scaron;i glikozi (dekstrozes veid\u0101), kas sniegs \u0101tru un t\u016bl\u012bt\u0113ju ener\u0123iju. Tablet\u0113s ir daudz magnija un vitam\u012bns C, vitam\u012bns B1, vitam\u012bns B2, vitam\u012bns B5, vitam\u012bns B6 un vitam\u012bns PP: &ndash; Vitam\u012bni B1, PP, B5 un B6 veicina norm\u0101lu ener\u0123ijas vielmai\u0146u; &ndash; Vitam\u012bni B5, [&hellip;]<\/p>\n","protected":false},"featured_media":69410,"template":"","meta":[],"product_brand":[3394],"product_cat":[4998,5001],"product_tag":[],"class_list":{"0":"post-78186","1":"product","2":"type-product","3":"status-publish","4":"has-post-thumbnail","6":"product_brand-isostar","7":"product_cat-sports-nutrition-sports","8":"product_cat-gels-and-candies-sports-nutrition-sports","10":"first","11":"instock","12":"shipping-taxable","13":"purchasable","14":"product-type-simple"},"_links":{"self":[{"href":"https:\/\/sezona.lv\/en\/wp-json\/wp\/v2\/product\/78186","targetHints":{"allow":["GET"]}}],"collection":[{"href":"https:\/\/sezona.lv\/en\/wp-json\/wp\/v2\/product"}],"about":[{"href":"https:\/\/sezona.lv\/en\/wp-json\/wp\/v2\/types\/product"}],"wp:featuredmedia":[{"embeddable":true,"href":"https:\/\/sezona.lv\/en\/wp-json\/wp\/v2\/media\/69410"}],"wp:attachment":[{"href":"https:\/\/sezona.lv\/en\/wp-json\/wp\/v2\/media?parent=78186"}],"wp:term":[{"taxonomy":"product_brand","embeddable":true,"href":"https:\/\/sezona.lv\/en\/wp-json\/wp\/v2\/product_brand?post=78186"},{"taxonomy":"product_cat","embeddable":true,"href":"https:\/\/sezona.lv\/en\/wp-json\/wp\/v2\/product_cat?post=78186"},{"taxonomy":"product_tag","embeddable":true,"href":"https:\/\/sezona.lv\/en\/wp-json\/wp\/v2\/product_tag?post=78186"}],"curies":[{"name":"wp","href":"https:\/\/api.w.org\/{rel}","templated":true}]}}