{"id":78187,"date":"2025-07-11T16:31:46","date_gmt":"2025-07-11T13:31:46","guid":{"rendered":"https:\/\/demo8.ecube.lv\/sezona.lv\/products\/zeleja-actifood-apple-90g\/"},"modified":"2025-07-14T15:19:56","modified_gmt":"2025-07-14T12:19:56","slug":"zeleja-actifood-apple-90g","status":"publish","type":"product","link":"https:\/\/sezona.lv\/en\/products\/zeleja-actifood-apple-90g\/","title":{"rendered":"\u017deleja Actifood Apple 90g"},"content":{"rendered":"<p>Isostar Actifood Apple \u017eeleja satur bag\u0101t\u012bgu og\u013chidr\u0101tu devu (97%).  Papildus tam, \u017eeleja satur vitam\u012bnu C, vitam\u012bnu E un vitam\u012bnu B1. \u017deleja  ir lielisks ener\u0123ijas avots intens\u012bvu un garu slod\u017eu laik\u0101. <acronym class=\"c2c-text-hover\">Vitam\u012bns B1<\/acronym> nodro&scaron;ina bar\u012bbas vielu p\u0101rv\u0113r&scaron;anu ener\u0123ij\u0101. <acronym class=\"c2c-text-hover\">Vitam\u012bns C<\/acronym> un <acronym class=\"c2c-text-hover\">vitam\u012bns E<\/acronym> darbojas k\u0101 antioksidanti, kas pal\u012bdz aizsarg\u0101t organisma &scaron;\u016bnas no  br\u012bvo radik\u0101\u013cu darb\u012bbas. \u017deleja satur \u0101bolu gabali\u0146us. \u012apa&scaron;i veidotais  iepakojums \u013cauj produktu \u0113rti lietot slodzes laik\u0101.<\/p>\n<p>Gar&scaron;a: \u0101bolu<\/p>\n<p>Lieto&scaron;anas laiks: laik\u0101<\/p>\n<p>Lieto&scaron;anas m\u0113r\u0137is: ilgsto&scaron;ai ener\u0123ijai<\/p>\n<p>Sast\u0101vs: <span style=\"color: #000000\">Glikozes s\u012brups, \u016bdens, \u0101bolu \u017eeleja  (\u0101boli, cukurs, \u016bdens, \u0101bolu- citronu sulas koncentr\u0101ts, modific\u0113t\u0101  ciete), \u017e\u0101v\u0113ti \u0101bolu gabali\u0146i 4%, biezin\u0101t\u0101js &ndash; pekt\u012bns, <acronym class=\"c2c-text-hover\">vitam\u012bns C<\/acronym>, <acronym class=\"c2c-text-hover\">vitam\u012bns E<\/acronym>, <acronym class=\"c2c-text-hover\">vitam\u012bns B1<\/acronym>, stabilizators &ndash; s\u0113ra dioks\u012bds.<\/span><\/p>\n","protected":false},"excerpt":{"rendered":"<p>Isostar Actifood Apple \u017eeleja satur bag\u0101t\u012bgu og\u013chidr\u0101tu devu (97%). Papildus tam, \u017eeleja satur vitam\u012bnu C, vitam\u012bnu E un vitam\u012bnu B1. \u017deleja ir lielisks ener\u0123ijas avots intens\u012bvu un garu slod\u017eu laik\u0101. Vitam\u012bns B1 nodro&scaron;ina bar\u012bbas vielu p\u0101rv\u0113r&scaron;anu ener\u0123ij\u0101. Vitam\u012bns C un vitam\u012bns E darbojas k\u0101 antioksidanti, kas pal\u012bdz aizsarg\u0101t organisma &scaron;\u016bnas no br\u012bvo radik\u0101\u013cu darb\u012bbas. \u017deleja [&hellip;]<\/p>\n","protected":false},"featured_media":69413,"template":"","meta":[],"product_brand":[3394],"product_cat":[4998,5001],"product_tag":[],"class_list":{"0":"post-78187","1":"product","2":"type-product","3":"status-publish","4":"has-post-thumbnail","6":"product_brand-isostar","7":"product_cat-sports-nutrition-sports","8":"product_cat-gels-and-candies-sports-nutrition-sports","10":"first","11":"instock","12":"shipping-taxable","13":"purchasable","14":"product-type-simple"},"_links":{"self":[{"href":"https:\/\/sezona.lv\/en\/wp-json\/wp\/v2\/product\/78187","targetHints":{"allow":["GET"]}}],"collection":[{"href":"https:\/\/sezona.lv\/en\/wp-json\/wp\/v2\/product"}],"about":[{"href":"https:\/\/sezona.lv\/en\/wp-json\/wp\/v2\/types\/product"}],"wp:featuredmedia":[{"embeddable":true,"href":"https:\/\/sezona.lv\/en\/wp-json\/wp\/v2\/media\/69413"}],"wp:attachment":[{"href":"https:\/\/sezona.lv\/en\/wp-json\/wp\/v2\/media?parent=78187"}],"wp:term":[{"taxonomy":"product_brand","embeddable":true,"href":"https:\/\/sezona.lv\/en\/wp-json\/wp\/v2\/product_brand?post=78187"},{"taxonomy":"product_cat","embeddable":true,"href":"https:\/\/sezona.lv\/en\/wp-json\/wp\/v2\/product_cat?post=78187"},{"taxonomy":"product_tag","embeddable":true,"href":"https:\/\/sezona.lv\/en\/wp-json\/wp\/v2\/product_tag?post=78187"}],"curies":[{"name":"wp","href":"https:\/\/api.w.org\/{rel}","templated":true}]}}