{"id":78188,"date":"2025-07-11T16:31:47","date_gmt":"2025-07-11T13:31:47","guid":{"rendered":"https:\/\/demo8.ecube.lv\/sezona.lv\/products\/zeleja-actifood-exotic-90g\/"},"modified":"2025-07-14T15:19:57","modified_gmt":"2025-07-14T12:19:57","slug":"zeleja-actifood-exotic-90g","status":"publish","type":"product","link":"https:\/\/sezona.lv\/en\/products\/zeleja-actifood-exotic-90g\/","title":{"rendered":"\u017deleja Actifood Exotic 90g"},"content":{"rendered":"<p>Isostar  Actifood Exotic \u017eeleja satur bag\u0101t\u012bgu og\u013chidr\u0101tu devu (97%). Papildus  tam, \u017eeleja satur vitam\u012bnu C, vitam\u012bnu E un vitam\u012bnu B1. \u017deleja ir  lielisks ener\u0123ijas avots intens\u012bvu un garu slod\u017eu laik\u0101. <acronym class=\"c2c-text-hover\">Vitam\u012bns B1<\/acronym> nodro&scaron;ina bar\u012bbas vielu p\u0101rv\u0113r&scaron;anu ener\u0123ij\u0101. <acronym class=\"c2c-text-hover\">Vitam\u012bns C<\/acronym> un <acronym class=\"c2c-text-hover\">vitam\u012bns E<\/acronym> darbojas k\u0101 antioksidanti, kas pal\u012bdz aizsarg\u0101t organisma &scaron;\u016bnas no  br\u012bvo radik\u0101\u013cu darb\u012bbas. &nbsp;\u012apa&scaron;i veidotais iepakojums \u013cauj produktu \u0113rti  lietot slodzes laik\u0101.<\/p>\n<p>Gar&scaron;a: eksotisko aug\u013cu<\/p>\n<p>Lieto&scaron;anas laiks: laik\u0101<\/p>\n<p>Lieto&scaron;anas m\u0113r\u0137is: ilgsto&scaron;ai ener\u0123ijai<\/p>\n<p>Sast\u0101vs: Glikozes s\u012brups, \u016bdens, ban\u0101nu masa 13%, mango masa 13%, marakujas sulas  koncentr\u0101ts 4%, modific\u0113ta ciete, pekt\u012bnvielas, biezin\u0101t\u0101js: ksant\u0101na  sve\u0137i, aromatiz\u0113t\u0101ji, <acronym class=\"c2c-text-hover\">vitam\u012bns C<\/acronym>, <acronym class=\"c2c-text-hover\">vitam\u012bns E<\/acronym> un <acronym class=\"c2c-text-hover\">vitam\u012bns B1<\/acronym>. Satur n\u0101triju.<\/p>\n","protected":false},"excerpt":{"rendered":"<p>Isostar Actifood Exotic \u017eeleja satur bag\u0101t\u012bgu og\u013chidr\u0101tu devu (97%). Papildus tam, \u017eeleja satur vitam\u012bnu C, vitam\u012bnu E un vitam\u012bnu B1. \u017deleja ir lielisks ener\u0123ijas avots intens\u012bvu un garu slod\u017eu laik\u0101. Vitam\u012bns B1 nodro&scaron;ina bar\u012bbas vielu p\u0101rv\u0113r&scaron;anu ener\u0123ij\u0101. Vitam\u012bns C un vitam\u012bns E darbojas k\u0101 antioksidanti, kas pal\u012bdz aizsarg\u0101t organisma &scaron;\u016bnas no br\u012bvo radik\u0101\u013cu darb\u012bbas. &nbsp;\u012apa&scaron;i [&hellip;]<\/p>\n","protected":false},"featured_media":69416,"template":"","meta":[],"product_brand":[3394],"product_cat":[4998,5001],"product_tag":[],"class_list":{"0":"post-78188","1":"product","2":"type-product","3":"status-publish","4":"has-post-thumbnail","6":"product_brand-isostar","7":"product_cat-sports-nutrition-sports","8":"product_cat-gels-and-candies-sports-nutrition-sports","10":"first","11":"instock","12":"shipping-taxable","13":"purchasable","14":"product-type-simple"},"_links":{"self":[{"href":"https:\/\/sezona.lv\/en\/wp-json\/wp\/v2\/product\/78188","targetHints":{"allow":["GET"]}}],"collection":[{"href":"https:\/\/sezona.lv\/en\/wp-json\/wp\/v2\/product"}],"about":[{"href":"https:\/\/sezona.lv\/en\/wp-json\/wp\/v2\/types\/product"}],"wp:featuredmedia":[{"embeddable":true,"href":"https:\/\/sezona.lv\/en\/wp-json\/wp\/v2\/media\/69416"}],"wp:attachment":[{"href":"https:\/\/sezona.lv\/en\/wp-json\/wp\/v2\/media?parent=78188"}],"wp:term":[{"taxonomy":"product_brand","embeddable":true,"href":"https:\/\/sezona.lv\/en\/wp-json\/wp\/v2\/product_brand?post=78188"},{"taxonomy":"product_cat","embeddable":true,"href":"https:\/\/sezona.lv\/en\/wp-json\/wp\/v2\/product_cat?post=78188"},{"taxonomy":"product_tag","embeddable":true,"href":"https:\/\/sezona.lv\/en\/wp-json\/wp\/v2\/product_tag?post=78188"}],"curies":[{"name":"wp","href":"https:\/\/api.w.org\/{rel}","templated":true}]}}