{"id":78189,"date":"2025-07-11T16:31:48","date_gmt":"2025-07-11T13:31:48","guid":{"rendered":"https:\/\/demo8.ecube.lv\/sezona.lv\/products\/zeleja-endurance-b-c-a-a-5x20g\/"},"modified":"2025-07-14T15:19:58","modified_gmt":"2025-07-14T12:19:58","slug":"zeleja-endurance-b-c-a-a-5x20g","status":"publish","type":"product","link":"https:\/\/sezona.lv\/en\/products\/zeleja-endurance-b-c-a-a-5x20g\/","title":{"rendered":"\u017deleja Endurance+ B.C.A.A (5x20g)"},"content":{"rendered":"<p>Isostar Endurance BCAA \u017eelejas sast\u0101v\u0101 ir vienk\u0101r&scaron;ie un saliktie <acronym class=\"c2c-text-hover\">og\u013chidr\u0101ti<\/acronym>, aminosk\u0101bju sazarot\u0101s \u0137\u0113des (BCAA), <acronym class=\"c2c-text-hover\">guarana<\/acronym> un \u017ee\u0146&scaron;e\u0146a sakne. BCAA <acronym class=\"c2c-text-hover\">aminosk\u0101bes<\/acronym> slodzes laik\u0101 nodro&scaron;ina efekt\u012bvu musku\u013cu darb\u012bbu. <acronym class=\"c2c-text-hover\">Vitam\u012bns B1<\/acronym>, <acronym class=\"c2c-text-hover\">vitam\u012bns B2<\/acronym>, <acronym class=\"c2c-text-hover\">vitam\u012bns B6<\/acronym>, <acronym class=\"c2c-text-hover\">vitam\u012bns C<\/acronym> un <acronym class=\"c2c-text-hover\">vitam\u012bns PP<\/acronym> nodro&scaron;ina bar\u012bbas vielu p\u0101rv\u0113r&scaron;anu ener\u0123ij\u0101, k\u0101 ar\u012b samazina nogurumu slodzes laik\u0101.<\/p>\n<p>Gar&scaron;a: sarkano aug\u013cu<\/p>\n<p>Lieto&scaron;anas laiks: laik\u0101<\/p>\n<p>Citi: ar kofe\u012bnu<\/p>\n<p>Lieto&scaron;anas m\u0113r\u0137is: ilgsto&scaron;ai ener\u0123ijai<\/p>\n<p>Sast\u0101vs: <span style=\"color: #000000\">Glikozes s\u012brups, \u016bdens, dab\u012bgs sarkano  aug\u013cu arom\u0101ts, BCAA: L-val\u012bns (260mg\/100g), L-izoleic\u012bns (130mg\/100g),  L-leic\u012bns (68mg\/100g), <acronym class=\"c2c-text-hover\">n\u0101trijs<\/acronym>,  guaranas un \u017een&scaron;e\u0146a saknes ekstrakti, sk\u0101buma regul\u0113t\u0101js &ndash; citronsk\u0101be,  C, B1, B6, PP vitam\u012bni, stabilizators &ndash; k\u0101lija sorb\u0101ts, maltodekstr\u012bns.<\/span><\/p>\n","protected":false},"excerpt":{"rendered":"<p>Isostar Endurance BCAA \u017eelejas sast\u0101v\u0101 ir vienk\u0101r&scaron;ie un saliktie og\u013chidr\u0101ti, aminosk\u0101bju sazarot\u0101s \u0137\u0113des (BCAA), guarana un \u017ee\u0146&scaron;e\u0146a sakne. BCAA aminosk\u0101bes slodzes laik\u0101 nodro&scaron;ina efekt\u012bvu musku\u013cu darb\u012bbu. Vitam\u012bns B1, vitam\u012bns B2, vitam\u012bns B6, vitam\u012bns C un vitam\u012bns PP nodro&scaron;ina bar\u012bbas vielu p\u0101rv\u0113r&scaron;anu ener\u0123ij\u0101, k\u0101 ar\u012b samazina nogurumu slodzes laik\u0101. Gar&scaron;a: sarkano aug\u013cu Lieto&scaron;anas laiks: laik\u0101 Citi: [&hellip;]<\/p>\n","protected":false},"featured_media":69419,"template":"","meta":[],"product_brand":[3394],"product_cat":[4998,5001],"product_tag":[],"class_list":{"0":"post-78189","1":"product","2":"type-product","3":"status-publish","4":"has-post-thumbnail","6":"product_brand-isostar","7":"product_cat-sports-nutrition-sports","8":"product_cat-gels-and-candies-sports-nutrition-sports","10":"first","11":"instock","12":"shipping-taxable","13":"purchasable","14":"product-type-simple"},"_links":{"self":[{"href":"https:\/\/sezona.lv\/en\/wp-json\/wp\/v2\/product\/78189","targetHints":{"allow":["GET"]}}],"collection":[{"href":"https:\/\/sezona.lv\/en\/wp-json\/wp\/v2\/product"}],"about":[{"href":"https:\/\/sezona.lv\/en\/wp-json\/wp\/v2\/types\/product"}],"wp:featuredmedia":[{"embeddable":true,"href":"https:\/\/sezona.lv\/en\/wp-json\/wp\/v2\/media\/69419"}],"wp:attachment":[{"href":"https:\/\/sezona.lv\/en\/wp-json\/wp\/v2\/media?parent=78189"}],"wp:term":[{"taxonomy":"product_brand","embeddable":true,"href":"https:\/\/sezona.lv\/en\/wp-json\/wp\/v2\/product_brand?post=78189"},{"taxonomy":"product_cat","embeddable":true,"href":"https:\/\/sezona.lv\/en\/wp-json\/wp\/v2\/product_cat?post=78189"},{"taxonomy":"product_tag","embeddable":true,"href":"https:\/\/sezona.lv\/en\/wp-json\/wp\/v2\/product_tag?post=78189"}],"curies":[{"name":"wp","href":"https:\/\/api.w.org\/{rel}","templated":true}]}}