{"id":78190,"date":"2025-07-11T16:31:50","date_gmt":"2025-07-11T13:31:50","guid":{"rendered":"https:\/\/demo8.ecube.lv\/sezona.lv\/products\/zeleja-energy-booster-antioxidant-5x20g\/"},"modified":"2025-07-14T15:19:59","modified_gmt":"2025-07-14T12:19:59","slug":"zeleja-energy-booster-antioxidant-5x20g","status":"publish","type":"product","link":"https:\/\/sezona.lv\/en\/products\/zeleja-energy-booster-antioxidant-5x20g\/","title":{"rendered":"\u017deleja Energy Booster Antioxidant (5x20g)"},"content":{"rendered":"<p>Isostar Booster ir \u0113rta tubi\u0146as forma. T\u0101 ir t\u016bl\u012bt\u0113jas ener\u0123ijas avots  ar augstu og\u013chidr\u0101tu un vitam\u012bnu C un vitam\u012bnu B1 saturu. Produkts  uzlabo organisma darbasp\u0113jas slodzes apst\u0101k\u013cos. Lietot sportistiem  vesel\u012bga dz\u012bvesveida, sabalans\u0113tas di\u0113tas un sportisko slod\u017eu laik\u0101.  Piem\u0113rots da\u017e\u0101das iztur\u012bbas sporta veidiem<\/p>\n<p>Gar&scaron;a: dz\u0113rve\u0146u, grenad\u012bna<\/p>\n<p>Lieto&scaron;anas laiks: laik\u0101<\/p>\n<p>Lieto&scaron;anas m\u0113r\u0137is: \u0101trai ener\u0123ijai<\/p>\n<p>Sast\u0101vs: <span style=\"color: #000000\">Maltodekstr\u012bns, glikozes s\u012brups, \u016bdens, <acronym class=\"c2c-text-hover\">vitam\u012bns C<\/acronym> un <acronym class=\"c2c-text-hover\">vitam\u012bns B1<\/acronym>, konservants: k\u0101lija sorb\u0101ts. Satur n\u0101triju. <\/span><\/p>\n","protected":false},"excerpt":{"rendered":"<p>Isostar Booster ir \u0113rta tubi\u0146as forma. T\u0101 ir t\u016bl\u012bt\u0113jas ener\u0123ijas avots ar augstu og\u013chidr\u0101tu un vitam\u012bnu C un vitam\u012bnu B1 saturu. Produkts uzlabo organisma darbasp\u0113jas slodzes apst\u0101k\u013cos. Lietot sportistiem vesel\u012bga dz\u012bvesveida, sabalans\u0113tas di\u0113tas un sportisko slod\u017eu laik\u0101. Piem\u0113rots da\u017e\u0101das iztur\u012bbas sporta veidiem Gar&scaron;a: dz\u0113rve\u0146u, grenad\u012bna Lieto&scaron;anas laiks: laik\u0101 Lieto&scaron;anas m\u0113r\u0137is: \u0101trai ener\u0123ijai Sast\u0101vs: Maltodekstr\u012bns, glikozes [&hellip;]<\/p>\n","protected":false},"featured_media":69422,"template":"","meta":[],"product_brand":[3394],"product_cat":[4998,5001],"product_tag":[],"class_list":{"0":"post-78190","1":"product","2":"type-product","3":"status-publish","4":"has-post-thumbnail","6":"product_brand-isostar","7":"product_cat-sports-nutrition-sports","8":"product_cat-gels-and-candies-sports-nutrition-sports","10":"first","11":"instock","12":"shipping-taxable","13":"purchasable","14":"product-type-simple"},"_links":{"self":[{"href":"https:\/\/sezona.lv\/en\/wp-json\/wp\/v2\/product\/78190","targetHints":{"allow":["GET"]}}],"collection":[{"href":"https:\/\/sezona.lv\/en\/wp-json\/wp\/v2\/product"}],"about":[{"href":"https:\/\/sezona.lv\/en\/wp-json\/wp\/v2\/types\/product"}],"wp:featuredmedia":[{"embeddable":true,"href":"https:\/\/sezona.lv\/en\/wp-json\/wp\/v2\/media\/69422"}],"wp:attachment":[{"href":"https:\/\/sezona.lv\/en\/wp-json\/wp\/v2\/media?parent=78190"}],"wp:term":[{"taxonomy":"product_brand","embeddable":true,"href":"https:\/\/sezona.lv\/en\/wp-json\/wp\/v2\/product_brand?post=78190"},{"taxonomy":"product_cat","embeddable":true,"href":"https:\/\/sezona.lv\/en\/wp-json\/wp\/v2\/product_cat?post=78190"},{"taxonomy":"product_tag","embeddable":true,"href":"https:\/\/sezona.lv\/en\/wp-json\/wp\/v2\/product_tag?post=78190"}],"curies":[{"name":"wp","href":"https:\/\/api.w.org\/{rel}","templated":true}]}}