{"id":78191,"date":"2025-07-11T16:31:51","date_gmt":"2025-07-11T13:31:51","guid":{"rendered":"https:\/\/demo8.ecube.lv\/sezona.lv\/products\/zeleja-energy-booster-liquid-citrus-caffeine-29ml\/"},"modified":"2025-07-14T15:20:00","modified_gmt":"2025-07-14T12:20:00","slug":"zeleja-energy-booster-liquid-citrus-caffeine-29ml","status":"publish","type":"product","link":"https:\/\/sezona.lv\/en\/products\/zeleja-energy-booster-liquid-citrus-caffeine-29ml\/","title":{"rendered":"\u017deleja Energy Booster Liquid Citrus Caffeine 29ml"},"content":{"rendered":"<p>Jaun\u0101 Isostar &scaron;\u0137idr\u0101 \u017eeleja ar kofe\u012bnu un augstu og\u013chidr\u0101tu koncentr\u0101ciju. Nodro&scaron;ina t\u016bl\u012bt\u0113ju ener\u0123iju un nov\u0113r&scaron; nogurumu. Tas satur ar\u012b vitam\u012bnu B1, <acronym class=\"c2c-text-hover\">vitam\u012bnu B2<\/acronym>, vitam\u012bnu PP, vitam\u012bnu B6, kas veicina norm\u0101lu ener\u0123ijas metabolismu. <acronym class=\"c2c-text-hover\">Vitam\u012bns B2<\/acronym>, vitam\u012bnu B6 un vitam\u012bnu PP samazina nogurumu.  Nav ieteicams b\u0113rniem, gr\u016btniec\u0113m un ar kr\u016bti barojo&scaron;\u0101m sieviet\u0113m.<\/p>\n<p>Gar&scaron;a: citrusu<\/p>\n<p>Lieto&scaron;anas laiks: laik\u0101<\/p>\n<p>Citi: ar kofe\u012bnu<\/p>\n<p>Lieto&scaron;anas m\u0113r\u0137is: \u0101trai ener\u0123ijai<\/p>\n<p>Sast\u0101vs: <span style=\"color: #000000\"><span style=\"color: #000000\">Glikozes s\u012brups, \u016bdens, konservants: k\u0101lija sorb\u0101ts, dabisks <\/span><span style=\"color: #000000\">citronu<\/span><span style=\"color: #000000\">&nbsp;arom\u0101ts, sk\u0101bes: citronsk\u0101be, kofe\u012bns, <acronym class=\"c2c-text-hover\">vitam\u012bns E<\/acronym>, <\/span><span style=\"color: #000000\"><acronym class=\"c2c-text-hover\">vitam\u012bns B1<\/acronym>. Satur kofe\u012bnu (90 mg \/ 100 g). Nav ieteicams b\u0113rniem un gr\u016btniec\u0113m.<\/span><\/span><\/p>\n","protected":false},"excerpt":{"rendered":"<p>Jaun\u0101 Isostar &scaron;\u0137idr\u0101 \u017eeleja ar kofe\u012bnu un augstu og\u013chidr\u0101tu koncentr\u0101ciju. Nodro&scaron;ina t\u016bl\u012bt\u0113ju ener\u0123iju un nov\u0113r&scaron; nogurumu. Tas satur ar\u012b vitam\u012bnu B1, vitam\u012bnu B2, vitam\u012bnu PP, vitam\u012bnu B6, kas veicina norm\u0101lu ener\u0123ijas metabolismu. Vitam\u012bns B2, vitam\u012bnu B6 un vitam\u012bnu PP samazina nogurumu. Nav ieteicams b\u0113rniem, gr\u016btniec\u0113m un ar kr\u016bti barojo&scaron;\u0101m sieviet\u0113m. Gar&scaron;a: citrusu Lieto&scaron;anas laiks: laik\u0101 [&hellip;]<\/p>\n","protected":false},"featured_media":69425,"template":"","meta":[],"product_brand":[3394],"product_cat":[4998,5001],"product_tag":[],"class_list":{"0":"post-78191","1":"product","2":"type-product","3":"status-publish","4":"has-post-thumbnail","6":"product_brand-isostar","7":"product_cat-sports-nutrition-sports","8":"product_cat-gels-and-candies-sports-nutrition-sports","10":"first","11":"instock","12":"shipping-taxable","13":"purchasable","14":"product-type-simple"},"_links":{"self":[{"href":"https:\/\/sezona.lv\/en\/wp-json\/wp\/v2\/product\/78191","targetHints":{"allow":["GET"]}}],"collection":[{"href":"https:\/\/sezona.lv\/en\/wp-json\/wp\/v2\/product"}],"about":[{"href":"https:\/\/sezona.lv\/en\/wp-json\/wp\/v2\/types\/product"}],"wp:featuredmedia":[{"embeddable":true,"href":"https:\/\/sezona.lv\/en\/wp-json\/wp\/v2\/media\/69425"}],"wp:attachment":[{"href":"https:\/\/sezona.lv\/en\/wp-json\/wp\/v2\/media?parent=78191"}],"wp:term":[{"taxonomy":"product_brand","embeddable":true,"href":"https:\/\/sezona.lv\/en\/wp-json\/wp\/v2\/product_brand?post=78191"},{"taxonomy":"product_cat","embeddable":true,"href":"https:\/\/sezona.lv\/en\/wp-json\/wp\/v2\/product_cat?post=78191"},{"taxonomy":"product_tag","embeddable":true,"href":"https:\/\/sezona.lv\/en\/wp-json\/wp\/v2\/product_tag?post=78191"}],"curies":[{"name":"wp","href":"https:\/\/api.w.org\/{rel}","templated":true}]}}