{"id":78192,"date":"2025-07-11T16:31:52","date_gmt":"2025-07-11T13:31:52","guid":{"rendered":"https:\/\/demo8.ecube.lv\/sezona.lv\/products\/zeleja-gel-energy-apple-35g\/"},"modified":"2025-07-14T15:20:01","modified_gmt":"2025-07-14T12:20:01","slug":"zeleja-gel-energy-apple-35g","status":"publish","type":"product","link":"https:\/\/sezona.lv\/en\/products\/zeleja-gel-energy-apple-35g\/","title":{"rendered":"\u017deleja Gel Energy Apple 35g"},"content":{"rendered":"<p>Isostar Energy Gel ir og\u013chidr\u0101tu \u017eeleja (100% ener\u0123ija tiek ieg\u016bta no  og\u013chidr\u0101tiem). T\u0101s sast\u0101vs ir balst\u012bts uz glikozes s\u012brupu, ko ir viegli  p\u0101rstr\u0101d\u0101t ener\u0123ij\u0101 \u012bpa&scaron;i intens\u012bvas slodzes laik\u0101. Papildus sast\u0101v\u0101 ir  bag\u0101t\u012bga vitam\u012bnu C un vitam\u012bnu B1 &nbsp;deva. <acronym class=\"c2c-text-hover\">Vitam\u012bns B1<\/acronym> pal\u012bdz p\u0101rv\u0113rst uzturvielas ener\u0123ij\u0101. <acronym class=\"c2c-text-hover\">Vitam\u012bns C<\/acronym> &nbsp;darbojas k\u0101 antioksidants, kas piesaista br\u012bvos radik\u0101\u013cus. \u017delejai ir  \u0113rts un viegli attais\u0101ms iepakojums, kas ir ide\u0101li piem\u0113rots visiem  sporta veidiem.<\/p>\n<p>Gar&scaron;a: \u0101bolu<\/p>\n<p>Lieto&scaron;anas laiks: laik\u0101<\/p>\n<p>Lieto&scaron;anas m\u0113r\u0137is: \u0101trai ener\u0123ijai<\/p>\n<p>Sast\u0101vs: <span style=\"color: #000000\">Glikozes s\u012brups, \u016bdens, sk\u0101buma regul\u0113t\u0101js &ndash; citronsk\u0101be, \u017e\u0101v\u0113tu \u0101bolu un roz\u012b\u0146u ekstrakts, dab\u012bgs \u0101bolu&nbsp;aromatiz\u0113t\u0101js, <acronym class=\"c2c-text-hover\">vitam\u012bns C<\/acronym>, <acronym class=\"c2c-text-hover\">vitam\u012bns B1<\/acronym>, konservants: k\u0101lija sorb\u0101ts.<\/span><\/p>\n","protected":false},"excerpt":{"rendered":"<p>Isostar Energy Gel ir og\u013chidr\u0101tu \u017eeleja (100% ener\u0123ija tiek ieg\u016bta no og\u013chidr\u0101tiem). T\u0101s sast\u0101vs ir balst\u012bts uz glikozes s\u012brupu, ko ir viegli p\u0101rstr\u0101d\u0101t ener\u0123ij\u0101 \u012bpa&scaron;i intens\u012bvas slodzes laik\u0101. Papildus sast\u0101v\u0101 ir bag\u0101t\u012bga vitam\u012bnu C un vitam\u012bnu B1 &nbsp;deva. Vitam\u012bns B1 pal\u012bdz p\u0101rv\u0113rst uzturvielas ener\u0123ij\u0101. Vitam\u012bns C &nbsp;darbojas k\u0101 antioksidants, kas piesaista br\u012bvos radik\u0101\u013cus. \u017delejai ir [&hellip;]<\/p>\n","protected":false},"featured_media":69428,"template":"","meta":[],"product_brand":[3394],"product_cat":[4998,5001],"product_tag":[],"class_list":{"0":"post-78192","1":"product","2":"type-product","3":"status-publish","4":"has-post-thumbnail","6":"product_brand-isostar","7":"product_cat-sports-nutrition-sports","8":"product_cat-gels-and-candies-sports-nutrition-sports","10":"first","11":"instock","12":"shipping-taxable","13":"purchasable","14":"product-type-simple"},"_links":{"self":[{"href":"https:\/\/sezona.lv\/en\/wp-json\/wp\/v2\/product\/78192","targetHints":{"allow":["GET"]}}],"collection":[{"href":"https:\/\/sezona.lv\/en\/wp-json\/wp\/v2\/product"}],"about":[{"href":"https:\/\/sezona.lv\/en\/wp-json\/wp\/v2\/types\/product"}],"wp:featuredmedia":[{"embeddable":true,"href":"https:\/\/sezona.lv\/en\/wp-json\/wp\/v2\/media\/69428"}],"wp:attachment":[{"href":"https:\/\/sezona.lv\/en\/wp-json\/wp\/v2\/media?parent=78192"}],"wp:term":[{"taxonomy":"product_brand","embeddable":true,"href":"https:\/\/sezona.lv\/en\/wp-json\/wp\/v2\/product_brand?post=78192"},{"taxonomy":"product_cat","embeddable":true,"href":"https:\/\/sezona.lv\/en\/wp-json\/wp\/v2\/product_cat?post=78192"},{"taxonomy":"product_tag","embeddable":true,"href":"https:\/\/sezona.lv\/en\/wp-json\/wp\/v2\/product_tag?post=78192"}],"curies":[{"name":"wp","href":"https:\/\/api.w.org\/{rel}","templated":true}]}}