{"id":78193,"date":"2025-07-11T16:31:53","date_gmt":"2025-07-11T13:31:53","guid":{"rendered":"https:\/\/demo8.ecube.lv\/sezona.lv\/products\/zeleja-gel-energy-caffeine-banana-strawberry-35g\/"},"modified":"2025-07-14T15:20:03","modified_gmt":"2025-07-14T12:20:03","slug":"zeleja-gel-energy-caffeine-banana-strawberry-35g","status":"publish","type":"product","link":"https:\/\/sezona.lv\/en\/products\/zeleja-gel-energy-caffeine-banana-strawberry-35g\/","title":{"rendered":"\u017deleja Gel Energy Caffeine Banana Strawberry 35g"},"content":{"rendered":"<p>T\u016bl\u012bt\u0113jas ener\u0123ijas avots ar augstu og\u013chidr\u0101tu un vitam\u012bnu C un B1  saturu. Produkts uzlabo organisma darbasp\u0113jas slodzes apst\u0101k\u013cos. Sast\u0101v\u0101  ir kofe\u012bns (118mg\/100g), kas sniegs t\u016bl\u012bt\u0113ju ener\u0123iju. 100% ener\u0123ija  tiek ieg\u016bta no og\u013chidr\u0101tiem.&nbsp;<acronym class=\"c2c-text-hover\">Vitam\u012bns B1<\/acronym> pal\u012bdz nodro&scaron;in\u0101t norm\u0101lu ener\u0123ijas ieguves vielmai\u0146u. <acronym class=\"c2c-text-hover\">Vitam\u012bns C<\/acronym> veicina &scaron;\u016bnu aizsardz\u012bbu pret oksidat\u012bvo stresu un samazina nogurumu.  <span lang=\"lv\">Augsts kofe\u012bna saturs. Nav ieteicams b\u0113rniem un gr\u016btniec\u0113m vai ar kr\u016bti barojo&scaron;\u0101m sieviet\u0113m.<\/span> &nbsp;<\/p>\n<p>Gar&scaron;a: ban\u0101nu, zeme\u0146u<\/p>\n<p>Lieto&scaron;anas laiks: laik\u0101<\/p>\n<p>Citi: ar kofe\u012bnu<\/p>\n<p>Lieto&scaron;anas m\u0113r\u0137is: \u0101trai ener\u0123ijai<\/p>\n<p>Sast\u0101vs: <span style=\"color: #000000\">Glikozes s\u012brups, \u016bdens, fruktoze, aromatiz\u0113t\u0101ji (ieskaitot kofe\u012bnu), sk\u0101buma regul\u0113t\u0101js: citronsk\u0101be, <acronym class=\"c2c-text-hover\">vitam\u012bns C<\/acronym>, <acronym class=\"c2c-text-hover\">vitam\u012bns B1<\/acronym>. <\/span><\/p>\n","protected":false},"excerpt":{"rendered":"<p>T\u016bl\u012bt\u0113jas ener\u0123ijas avots ar augstu og\u013chidr\u0101tu un vitam\u012bnu C un B1 saturu. Produkts uzlabo organisma darbasp\u0113jas slodzes apst\u0101k\u013cos. Sast\u0101v\u0101 ir kofe\u012bns (118mg\/100g), kas sniegs t\u016bl\u012bt\u0113ju ener\u0123iju. 100% ener\u0123ija tiek ieg\u016bta no og\u013chidr\u0101tiem.&nbsp;Vitam\u012bns B1 pal\u012bdz nodro&scaron;in\u0101t norm\u0101lu ener\u0123ijas ieguves vielmai\u0146u. Vitam\u012bns C veicina &scaron;\u016bnu aizsardz\u012bbu pret oksidat\u012bvo stresu un samazina nogurumu. Augsts kofe\u012bna saturs. Nav ieteicams [&hellip;]<\/p>\n","protected":false},"featured_media":69431,"template":"","meta":[],"product_brand":[3394],"product_cat":[4998,5001],"product_tag":[],"class_list":{"0":"post-78193","1":"product","2":"type-product","3":"status-publish","4":"has-post-thumbnail","6":"product_brand-isostar","7":"product_cat-sports-nutrition-sports","8":"product_cat-gels-and-candies-sports-nutrition-sports","10":"first","11":"instock","12":"shipping-taxable","13":"purchasable","14":"product-type-simple"},"_links":{"self":[{"href":"https:\/\/sezona.lv\/en\/wp-json\/wp\/v2\/product\/78193","targetHints":{"allow":["GET"]}}],"collection":[{"href":"https:\/\/sezona.lv\/en\/wp-json\/wp\/v2\/product"}],"about":[{"href":"https:\/\/sezona.lv\/en\/wp-json\/wp\/v2\/types\/product"}],"wp:featuredmedia":[{"embeddable":true,"href":"https:\/\/sezona.lv\/en\/wp-json\/wp\/v2\/media\/69431"}],"wp:attachment":[{"href":"https:\/\/sezona.lv\/en\/wp-json\/wp\/v2\/media?parent=78193"}],"wp:term":[{"taxonomy":"product_brand","embeddable":true,"href":"https:\/\/sezona.lv\/en\/wp-json\/wp\/v2\/product_brand?post=78193"},{"taxonomy":"product_cat","embeddable":true,"href":"https:\/\/sezona.lv\/en\/wp-json\/wp\/v2\/product_cat?post=78193"},{"taxonomy":"product_tag","embeddable":true,"href":"https:\/\/sezona.lv\/en\/wp-json\/wp\/v2\/product_tag?post=78193"}],"curies":[{"name":"wp","href":"https:\/\/api.w.org\/{rel}","templated":true}]}}