{"id":78196,"date":"2025-07-11T16:31:56","date_gmt":"2025-07-11T13:31:56","guid":{"rendered":"https:\/\/demo8.ecube.lv\/sezona.lv\/products\/zeleja-rice-syrup-banana-blueberry-acerola-30g\/"},"modified":"2025-07-14T15:20:09","modified_gmt":"2025-07-14T12:20:09","slug":"zeleja-rice-syrup-banana-blueberry-acerola-30g","status":"publish","type":"product","link":"https:\/\/sezona.lv\/en\/products\/zeleja-rice-syrup-banana-blueberry-acerola-30g\/","title":{"rendered":"\u017deleja Rice Syrup Banana Blueberry Acerola 30g"},"content":{"rendered":"<p>\u017deleja \u0101trai ener\u0123ijas nodro&scaron;in\u0101&scaron;anai augstas intensit\u0101tes slodz\u0113m. Lietot fizisk\u0101s aktivit\u0101tes laik\u0101, uzdzerot \u016bdeni.<\/p>\n","protected":false},"excerpt":{"rendered":"<p>\u017deleja \u0101trai ener\u0123ijas nodro&scaron;in\u0101&scaron;anai augstas intensit\u0101tes slodz\u0113m. Lietot fizisk\u0101s aktivit\u0101tes laik\u0101, uzdzerot \u016bdeni.<\/p>\n","protected":false},"featured_media":69440,"template":"","meta":[],"product_brand":[3394],"product_cat":[4998,5001],"product_tag":[],"class_list":{"0":"post-78196","1":"product","2":"type-product","3":"status-publish","4":"has-post-thumbnail","6":"product_brand-isostar","7":"product_cat-sports-nutrition-sports","8":"product_cat-gels-and-candies-sports-nutrition-sports","10":"first","11":"instock","12":"shipping-taxable","13":"purchasable","14":"product-type-simple"},"_links":{"self":[{"href":"https:\/\/sezona.lv\/en\/wp-json\/wp\/v2\/product\/78196","targetHints":{"allow":["GET"]}}],"collection":[{"href":"https:\/\/sezona.lv\/en\/wp-json\/wp\/v2\/product"}],"about":[{"href":"https:\/\/sezona.lv\/en\/wp-json\/wp\/v2\/types\/product"}],"wp:featuredmedia":[{"embeddable":true,"href":"https:\/\/sezona.lv\/en\/wp-json\/wp\/v2\/media\/69440"}],"wp:attachment":[{"href":"https:\/\/sezona.lv\/en\/wp-json\/wp\/v2\/media?parent=78196"}],"wp:term":[{"taxonomy":"product_brand","embeddable":true,"href":"https:\/\/sezona.lv\/en\/wp-json\/wp\/v2\/product_brand?post=78196"},{"taxonomy":"product_cat","embeddable":true,"href":"https:\/\/sezona.lv\/en\/wp-json\/wp\/v2\/product_cat?post=78196"},{"taxonomy":"product_tag","embeddable":true,"href":"https:\/\/sezona.lv\/en\/wp-json\/wp\/v2\/product_tag?post=78196"}],"curies":[{"name":"wp","href":"https:\/\/api.w.org\/{rel}","templated":true}]}}