{"id":78197,"date":"2025-07-11T16:31:57","date_gmt":"2025-07-11T13:31:57","guid":{"rendered":"https:\/\/demo8.ecube.lv\/sezona.lv\/products\/zeleja-rice-syrup-beetroot-blackcurrant-strawberry-30g\/"},"modified":"2025-07-14T15:20:10","modified_gmt":"2025-07-14T12:20:10","slug":"zeleja-rice-syrup-beetroot-blackcurrant-strawberry-30g","status":"publish","type":"product","link":"https:\/\/sezona.lv\/en\/products\/zeleja-rice-syrup-beetroot-blackcurrant-strawberry-30g\/","title":{"rendered":"\u017deleja Rice Syrup Beetroot Blackcurrant Strawberry 30g"},"content":{"rendered":"<p>Ir zin\u0101tniski pier\u0101d\u012bts, ka bie&scaron;u &scaron;\u0137iedras palielina antioksidantu  enz\u012bmus organism\u0101, kuri aizsarg\u0101 organismu no br\u012bvo radik\u0101\u013cu veido&scaron;an\u0101s.  T\u0101s ar\u012b palielina balto asins\u0137ermen\u012b&scaron;u skaitu asin\u012bs, kuras ir  atbild\u012bgas par organism\u0101 iek\u013cuvu&scaron;o sve&scaron;\u0137erme\u0146u izn\u012bcin\u0101&scaron;anu. Bietes ir  ar\u012b viens no visbag\u0101t\u0101kajiem glutam\u012bna, aminosk\u0101bju avotiem.  Bietes ar\u012b samazina asinsspiedienu un pal\u012bdz izvair\u012bties&nbsp; no sirds  slim\u012bb\u0101m un insulta.  Upe\u0146u sast\u0101v\u0101 ir antioksidanti, <acronym class=\"c2c-text-hover\">kalcijs<\/acronym>, dzels, <acronym class=\"c2c-text-hover\">magnijs<\/acronym>,  fosfors, zinks vitam\u012bni B1, B2, B3, B5, B6, C, un E. T\u0101s ir bag\u0101tas ar  og\u013chidr\u0101tiem, kas sast\u0101da 15% no vienas ogas. P\u0113t\u012bjumi pier\u0101da, ka  upenes uzlabo im\u016bnsist\u0113mu it \u012bpa&scaron;i cilv\u0113kiem, kuri regul\u0101ri tren\u0113jas, k\u0101  ar\u012b vi\u0146i lietojot upenes uztur\u0101 var tren\u0113ties ilg\u0101k.  Lieto&scaron;ana:  Lietot fizisk\u0101s slodzes laik\u0101 uzdzerot \u016bdeni.<\/p>\n<p>Sast\u0101vs: R\u012bsu  s\u012brups 73%, \u016bdens, bie&scaron;u sula* 15.8%, upe\u0146u sula* 10.8%, sk\u0101buma  regul\u0113t\u0101js: citronsk\u0101be, dab\u012bgais zeme\u0146u aromatiz\u0113t\u0101js, cinka  bisglicin\u0101ts, <acronym class=\"c2c-text-hover\">vitam\u012bns E<\/acronym>, riboflav\u012bns, tiam\u012bns.  *no koncentr\u0113tas sulas<\/p>\n","protected":false},"excerpt":{"rendered":"<p>Ir zin\u0101tniski pier\u0101d\u012bts, ka bie&scaron;u &scaron;\u0137iedras palielina antioksidantu enz\u012bmus organism\u0101, kuri aizsarg\u0101 organismu no br\u012bvo radik\u0101\u013cu veido&scaron;an\u0101s. T\u0101s ar\u012b palielina balto asins\u0137ermen\u012b&scaron;u skaitu asin\u012bs, kuras ir atbild\u012bgas par organism\u0101 iek\u013cuvu&scaron;o sve&scaron;\u0137erme\u0146u izn\u012bcin\u0101&scaron;anu. Bietes ir ar\u012b viens no visbag\u0101t\u0101kajiem glutam\u012bna, aminosk\u0101bju avotiem. Bietes ar\u012b samazina asinsspiedienu un pal\u012bdz izvair\u012bties&nbsp; no sirds slim\u012bb\u0101m un insulta. Upe\u0146u sast\u0101v\u0101 [&hellip;]<\/p>\n","protected":false},"featured_media":69443,"template":"","meta":[],"product_brand":[3394],"product_cat":[4998,5001],"product_tag":[],"class_list":{"0":"post-78197","1":"product","2":"type-product","3":"status-publish","4":"has-post-thumbnail","6":"product_brand-isostar","7":"product_cat-sports-nutrition-sports","8":"product_cat-gels-and-candies-sports-nutrition-sports","10":"first","11":"instock","12":"shipping-taxable","13":"purchasable","14":"product-type-simple"},"_links":{"self":[{"href":"https:\/\/sezona.lv\/en\/wp-json\/wp\/v2\/product\/78197","targetHints":{"allow":["GET"]}}],"collection":[{"href":"https:\/\/sezona.lv\/en\/wp-json\/wp\/v2\/product"}],"about":[{"href":"https:\/\/sezona.lv\/en\/wp-json\/wp\/v2\/types\/product"}],"wp:featuredmedia":[{"embeddable":true,"href":"https:\/\/sezona.lv\/en\/wp-json\/wp\/v2\/media\/69443"}],"wp:attachment":[{"href":"https:\/\/sezona.lv\/en\/wp-json\/wp\/v2\/media?parent=78197"}],"wp:term":[{"taxonomy":"product_brand","embeddable":true,"href":"https:\/\/sezona.lv\/en\/wp-json\/wp\/v2\/product_brand?post=78197"},{"taxonomy":"product_cat","embeddable":true,"href":"https:\/\/sezona.lv\/en\/wp-json\/wp\/v2\/product_cat?post=78197"},{"taxonomy":"product_tag","embeddable":true,"href":"https:\/\/sezona.lv\/en\/wp-json\/wp\/v2\/product_tag?post=78197"}],"curies":[{"name":"wp","href":"https:\/\/api.w.org\/{rel}","templated":true}]}}