{"id":78199,"date":"2025-07-11T16:31:59","date_gmt":"2025-07-11T13:31:59","guid":{"rendered":"https:\/\/demo8.ecube.lv\/sezona.lv\/products\/zelejas-marmelade-hight-energy-fruit-boost-strawberry-10x10g\/"},"modified":"2025-07-14T15:20:12","modified_gmt":"2025-07-14T12:20:12","slug":"zelejas-marmelade-hight-energy-fruit-boost-strawberry-10x10g","status":"publish","type":"product","link":"https:\/\/sezona.lv\/en\/products\/zelejas-marmelade-hight-energy-fruit-boost-strawberry-10x10g\/","title":{"rendered":"\u017delejas marmel\u0101de Hight Energy Fruit Boost Strawberry (10x10g)"},"content":{"rendered":"<p>Isostar  High Energy Fruit Boost ir \u012bpa&scaron;i izstr\u0101d\u0101ts, lai apmierin\u0101tu sportistu  uztura vajadz\u012bbas. Tas pal\u012bdz aizkav\u0113t nogurumu un \u0101tri uzs\u016bcas  organism\u0101. Fruit Boost satur vitam\u012bnu B1, vitam\u012bnu PP, vitam\u012bnu B5 un vitam\u012bnu B6,  kuri uzlabo vielmai\u0146u, \u0101tr\u0101k p\u0101rveidojot bar\u012bbas vielas ener\u0123ij\u0101. <acronym class=\"c2c-text-hover\">Vitam\u012bns B5<\/acronym>, <acronym class=\"c2c-text-hover\">vitam\u012bns B6<\/acronym> un <acronym class=\"c2c-text-hover\">vitam\u012bns C<\/acronym> pal\u012bdz samazin\u0101t nogurumu. <acronym class=\"c2c-text-hover\">Vitam\u012bns B2<\/acronym> un <acronym class=\"c2c-text-hover\">vitam\u012bns C<\/acronym> &nbsp;pal\u012bdz aizsarg\u0101t &scaron;\u016bnas pret oksidat\u012bvo stresu. <acronym class=\"c2c-text-hover\">Magnijs<\/acronym> veicina norm\u0101lu musku\u013cu darb\u012bbu. High Energy Fruit Boost satur ar\u012b kofe\u012bnu, kur&scaron; sniedz t\u016bl\u012bt\u0113ju ener\u0123iju.  Nav ieteicams b\u0113rniem, gr\u016btniec\u0113m un ar kr\u016bti barojo&scaron;\u0101m sieviet\u0113m.<\/p>\n<p>Gar&scaron;a: zeme\u0146u<\/p>\n<p>Lieto&scaron;anas laiks: laik\u0101<\/p>\n<p>Citi: ar kofe\u012bnu<\/p>\n<p>Lieto&scaron;anas m\u0113r\u0137is: \u0101trai ener\u0123ijai<\/p>\n<p>Sast\u0101vs: <span style=\"color: #000000\">Cukurs,  glikozes s\u012brups, zeme\u0146u biezenis &nbsp;19.5% un zeme\u0146u koncentr\u0101ts 5% ,  \u017eeleja: pekt\u012bns, dabiskais zeme\u0146u arom\u0101ts un citi dab\u012bgie arom\u0101ti. <\/span><span style=\"color: #000000\">K<\/span><span style=\"color: #000000\">ofe\u012bns, sk\u0101buma regul\u0113t\u0101js: citronsk\u0101be, <acronym class=\"c2c-text-hover\">vitam\u012bns B1<\/acronym>, <\/span><span style=\"color: #000000\"><acronym class=\"c2c-text-hover\">vitam\u012bns B2<\/acronym>, <\/span><span style=\"color: #000000\"><acronym class=\"c2c-text-hover\">vitam\u012bns PP<\/acronym>, <\/span><span style=\"color: #000000\"><acronym class=\"c2c-text-hover\">vitam\u012bns B5<\/acronym>, <\/span><span style=\"color: #000000\"><acronym class=\"c2c-text-hover\">vitam\u012bns B6<\/acronym>, kvie&scaron;u ciete.<\/span><\/p>\n","protected":false},"excerpt":{"rendered":"<p>Isostar High Energy Fruit Boost ir \u012bpa&scaron;i izstr\u0101d\u0101ts, lai apmierin\u0101tu sportistu uztura vajadz\u012bbas. Tas pal\u012bdz aizkav\u0113t nogurumu un \u0101tri uzs\u016bcas organism\u0101. Fruit Boost satur vitam\u012bnu B1, vitam\u012bnu PP, vitam\u012bnu B5 un vitam\u012bnu B6, kuri uzlabo vielmai\u0146u, \u0101tr\u0101k p\u0101rveidojot bar\u012bbas vielas ener\u0123ij\u0101. Vitam\u012bns B5, vitam\u012bns B6 un vitam\u012bns C pal\u012bdz samazin\u0101t nogurumu. Vitam\u012bns B2 un vitam\u012bns [&hellip;]<\/p>\n","protected":false},"featured_media":69449,"template":"","meta":[],"product_brand":[3394],"product_cat":[4998,5001],"product_tag":[],"class_list":{"0":"post-78199","1":"product","2":"type-product","3":"status-publish","4":"has-post-thumbnail","6":"product_brand-isostar","7":"product_cat-sports-nutrition-sports","8":"product_cat-gels-and-candies-sports-nutrition-sports","10":"first","11":"instock","12":"shipping-taxable","13":"purchasable","14":"product-type-simple"},"_links":{"self":[{"href":"https:\/\/sezona.lv\/en\/wp-json\/wp\/v2\/product\/78199","targetHints":{"allow":["GET"]}}],"collection":[{"href":"https:\/\/sezona.lv\/en\/wp-json\/wp\/v2\/product"}],"about":[{"href":"https:\/\/sezona.lv\/en\/wp-json\/wp\/v2\/types\/product"}],"wp:featuredmedia":[{"embeddable":true,"href":"https:\/\/sezona.lv\/en\/wp-json\/wp\/v2\/media\/69449"}],"wp:attachment":[{"href":"https:\/\/sezona.lv\/en\/wp-json\/wp\/v2\/media?parent=78199"}],"wp:term":[{"taxonomy":"product_brand","embeddable":true,"href":"https:\/\/sezona.lv\/en\/wp-json\/wp\/v2\/product_brand?post=78199"},{"taxonomy":"product_cat","embeddable":true,"href":"https:\/\/sezona.lv\/en\/wp-json\/wp\/v2\/product_cat?post=78199"},{"taxonomy":"product_tag","embeddable":true,"href":"https:\/\/sezona.lv\/en\/wp-json\/wp\/v2\/product_tag?post=78199"}],"curies":[{"name":"wp","href":"https:\/\/api.w.org\/{rel}","templated":true}]}}