{"id":78200,"date":"2025-07-11T16:32:00","date_gmt":"2025-07-11T13:32:00","guid":{"rendered":"https:\/\/demo8.ecube.lv\/sezona.lv\/products\/batonins-endurance-cereal-fruit-40g\/"},"modified":"2025-07-14T15:20:13","modified_gmt":"2025-07-14T12:20:13","slug":"batonins-endurance-cereal-fruit-40g","status":"publish","type":"product","link":"https:\/\/sezona.lv\/en\/products\/batonins-endurance-cereal-fruit-40g\/","title":{"rendered":"Batoni\u0146\u0161 Endurance+ Cereal &amp; Fruit 40g"},"content":{"rendered":"<p>Endurance+ Cereal &amp; Fruit 40g batoni\u0146&scaron; ra\u017eots uz graudu p\u0101rslu un \u017e\u0101v\u0113tu aug\u013cu b\u0101zes. T\u0101 sast\u0101v\u0101 ir vienk\u0101r&scaron;ie un saliektie <acronym class=\"c2c-text-hover\">og\u013chidr\u0101ti<\/acronym> , kas nodro&scaron;ina nepiecie&scaron;amo ener\u0123iju garu slod\u017eu laik\u0101. Tas ir bag\u0101t\u012bgs ar vitam\u012bnu B1, <acronym class=\"c2c-text-hover\">vitam\u012bnu B2<\/acronym>,  vitam\u012bnu PP, vitam\u012bnu B6, vitam\u012bnu C un vitam\u012bnu E, kas slodzes laik\u0101  pal\u012bdz bar\u012bbas vielas p\u0101rv\u0113rst ener\u0123ij\u0101, k\u0101 ar\u012b aizsarg\u0101 organisma &scaron;\u016bnas  no br\u012bvo radik\u0101\u013cu ietekmes. <acronym class=\"c2c-text-hover\">Vitam\u012bns B6<\/acronym> ir iesaist\u012bts sarkano asins\u0137ermen\u012b&scaron;u veido&scaron;an\u0101. Tiem&nbsp;ir svar\u012bga loma  skabek\u013ca nok\u013c\u016b&scaron;an\u0101 musku\u013cu audos. &Scaron;is batoni\u0146&scaron; ir piem\u0113rots augstas  klases sportistiem lieto&scaron;anai garu slod\u017eu laik\u0101<\/p>\n<p>Gar&scaron;a: aug\u013cu, graudu<\/p>\n<p>Lieto&scaron;anas laiks: laik\u0101, pirms<\/p>\n<p>Lieto&scaron;anas m\u0113r\u0137is: ilgsto&scaron;ai ener\u0123ijai<\/p>\n<p>Sast\u0101vs: <span style=\"color: #000000\">R\u012bsu milti 20.6%, cukurs, graudu p\u0101rslas 13,7% (kvie&scaron;i, mie\u017ei, r\u012bsi, auzas), maltodekstr\u012bns, \u017e\u0101v\u0113tas aprikozes 8,5% <\/span><span style=\"color: #000000\">, d\u0101rze\u0146u e\u013c\u013ca, pl\u016bmju gabali\u0146i 6,5%, fruktoze, v\u0101jpiena pulveris un <acronym class=\"c2c-text-hover\">prote\u012bns<\/acronym>, medus, stabilizators: glicer\u012bns, auzu milti 1,3%, \u0101bolu gabali\u0146i 1%, mie\u017eu iesals, dekstroze, <acronym class=\"c2c-text-hover\">vitam\u012bns C<\/acronym>, <acronym class=\"c2c-text-hover\">vitam\u012bns PP<\/acronym>,<acronym class=\"c2c-text-hover\">vitam\u012bns B6<\/acronym>, vitam\u012bns&nbsp;B1, <acronym class=\"c2c-text-hover\">vitam\u012bns B2<\/acronym>, <acronym class=\"c2c-text-hover\">vitam\u012bns E<\/acronym> (laktoze un piena <acronym class=\"c2c-text-hover\">prote\u012bns<\/acronym>), emulgators: sojas un rap&scaron;u lecit\u012bns, stabilizators: s\u0113ra dioks\u012bds.<\/span><\/p>\n","protected":false},"excerpt":{"rendered":"<p>Endurance+ Cereal &amp; Fruit 40g batoni\u0146&scaron; ra\u017eots uz graudu p\u0101rslu un \u017e\u0101v\u0113tu aug\u013cu b\u0101zes. T\u0101 sast\u0101v\u0101 ir vienk\u0101r&scaron;ie un saliektie og\u013chidr\u0101ti , kas nodro&scaron;ina nepiecie&scaron;amo ener\u0123iju garu slod\u017eu laik\u0101. Tas ir bag\u0101t\u012bgs ar vitam\u012bnu B1, vitam\u012bnu B2, vitam\u012bnu PP, vitam\u012bnu B6, vitam\u012bnu C un vitam\u012bnu E, kas slodzes laik\u0101 pal\u012bdz bar\u012bbas vielas p\u0101rv\u0113rst ener\u0123ij\u0101, k\u0101 [&hellip;]<\/p>\n","protected":false},"featured_media":69452,"template":"","meta":[],"product_brand":[3394],"product_cat":[4998,5002],"product_tag":[],"class_list":{"0":"post-78200","1":"product","2":"type-product","3":"status-publish","4":"has-post-thumbnail","6":"product_brand-isostar","7":"product_cat-sports-nutrition-sports","8":"product_cat-tubs-sports-nutrition-sports","10":"first","11":"instock","12":"shipping-taxable","13":"purchasable","14":"product-type-simple"},"_links":{"self":[{"href":"https:\/\/sezona.lv\/en\/wp-json\/wp\/v2\/product\/78200","targetHints":{"allow":["GET"]}}],"collection":[{"href":"https:\/\/sezona.lv\/en\/wp-json\/wp\/v2\/product"}],"about":[{"href":"https:\/\/sezona.lv\/en\/wp-json\/wp\/v2\/types\/product"}],"wp:featuredmedia":[{"embeddable":true,"href":"https:\/\/sezona.lv\/en\/wp-json\/wp\/v2\/media\/69452"}],"wp:attachment":[{"href":"https:\/\/sezona.lv\/en\/wp-json\/wp\/v2\/media?parent=78200"}],"wp:term":[{"taxonomy":"product_brand","embeddable":true,"href":"https:\/\/sezona.lv\/en\/wp-json\/wp\/v2\/product_brand?post=78200"},{"taxonomy":"product_cat","embeddable":true,"href":"https:\/\/sezona.lv\/en\/wp-json\/wp\/v2\/product_cat?post=78200"},{"taxonomy":"product_tag","embeddable":true,"href":"https:\/\/sezona.lv\/en\/wp-json\/wp\/v2\/product_tag?post=78200"}],"curies":[{"name":"wp","href":"https:\/\/api.w.org\/{rel}","templated":true}]}}