{"id":78201,"date":"2025-07-11T16:32:01","date_gmt":"2025-07-11T13:32:01","guid":{"rendered":"https:\/\/demo8.ecube.lv\/sezona.lv\/products\/batonins-energy-banana-40g\/"},"modified":"2025-07-14T15:20:15","modified_gmt":"2025-07-14T12:20:15","slug":"batonins-energy-banana-40g","status":"publish","type":"product","link":"https:\/\/sezona.lv\/en\/products\/batonins-energy-banana-40g\/","title":{"rendered":"Batoni\u0146\u0161 Energy Banana 40g"},"content":{"rendered":"<p>High Energy Banana batoni\u0146&scaron; satur vienk\u0101r&scaron;o un salikto og\u013chidr\u0101tu  kompleksu, kas nodro&scaron;ina ener\u0123iju intens\u012bvu un ilgsto&scaron;u slod\u017eu laik\u0101.  Tie ir bag\u0101t\u012bgi ar vitam\u012bnu B1, <acronym class=\"c2c-text-hover\">vitam\u012bnu B2<\/acronym>,  vitam\u012bnu PP, vitam\u012bnu C un vitam\u012bnu E, kas pal\u012bdz bar\u012bbas vielas  p\u0101rstr\u0101d\u0101t ener\u0123ij\u0101 un pasarg\u0101 &scaron;\u016bnas no br\u012bvo radik\u0101\u013cu ietekmes. To  sast\u0101v\u0101 ir zems lip\u012bdu daudzums, kas uzlabo uzs\u016bk&scaron;an\u0101s \u0101trumu.<\/p>\n<p>Gar&scaron;a: ban\u0101nu<\/p>\n<p>Lieto&scaron;anas laiks: laik\u0101, pirms<\/p>\n<p>Lieto&scaron;anas m\u0113r\u0137is: \u0101trai ener\u0123ijai<\/p>\n<p>Sast\u0101vs: <span style=\"color: #000000\">Auzu p\u0101rslas, p\u016bstie r\u012bsi un kvie&scaron;u milti, invertcukurs, kvie&scaron;u iesals,  glut\u0113ns, s\u0101ls, glikozes s\u012brups, glaz\u0113tas apels\u012bnu mizi\u0146a 5.3%, \u017e\u0101v\u0113tu  ban\u0101nu gabali\u0146i 4.9%, glikozes s\u012brups, cukurs, sk\u0101buma regul\u0113t\u0101js &ndash;  citronsk\u0101be, dekstroze,<\/span><span lang=\"lv\">augu <acronym class=\"c2c-text-hover\">tauki<\/acronym> (kokosriekstu, palmu kodolu, palmu) da\u017e\u0101d\u0101s proporcij\u0101s,&nbsp;<\/span><span style=\"color: #000000\">stabilizatori: sorb\u012bts un glicer\u012bns, v\u0101jpiena pulveris, kvie&scaron;u pulveris, emulgatori: sojas un rap&scaron;u lecit\u012bns, <acronym class=\"c2c-text-hover\">vitam\u012bns C<\/acronym>, <acronym class=\"c2c-text-hover\">vitam\u012bns PP<\/acronym>, <acronym class=\"c2c-text-hover\">vitam\u012bns B6<\/acronym>, <acronym class=\"c2c-text-hover\">vitam\u012bns B1<\/acronym>, <acronym class=\"c2c-text-hover\">vitam\u012bns B2<\/acronym>, <acronym class=\"c2c-text-hover\">vitam\u012bns E<\/acronym> (laktoze un piena prote\u012bni). &nbsp;Satur n\u0101triju.<\/span><\/p>\n","protected":false},"excerpt":{"rendered":"<p>High Energy Banana batoni\u0146&scaron; satur vienk\u0101r&scaron;o un salikto og\u013chidr\u0101tu kompleksu, kas nodro&scaron;ina ener\u0123iju intens\u012bvu un ilgsto&scaron;u slod\u017eu laik\u0101. Tie ir bag\u0101t\u012bgi ar vitam\u012bnu B1, vitam\u012bnu B2, vitam\u012bnu PP, vitam\u012bnu C un vitam\u012bnu E, kas pal\u012bdz bar\u012bbas vielas p\u0101rstr\u0101d\u0101t ener\u0123ij\u0101 un pasarg\u0101 &scaron;\u016bnas no br\u012bvo radik\u0101\u013cu ietekmes. To sast\u0101v\u0101 ir zems lip\u012bdu daudzums, kas uzlabo uzs\u016bk&scaron;an\u0101s [&hellip;]<\/p>\n","protected":false},"featured_media":69455,"template":"","meta":[],"product_brand":[3394],"product_cat":[4998,5002],"product_tag":[],"class_list":{"0":"post-78201","1":"product","2":"type-product","3":"status-publish","4":"has-post-thumbnail","6":"product_brand-isostar","7":"product_cat-sports-nutrition-sports","8":"product_cat-tubs-sports-nutrition-sports","10":"first","11":"instock","12":"shipping-taxable","13":"purchasable","14":"product-type-simple"},"_links":{"self":[{"href":"https:\/\/sezona.lv\/en\/wp-json\/wp\/v2\/product\/78201","targetHints":{"allow":["GET"]}}],"collection":[{"href":"https:\/\/sezona.lv\/en\/wp-json\/wp\/v2\/product"}],"about":[{"href":"https:\/\/sezona.lv\/en\/wp-json\/wp\/v2\/types\/product"}],"wp:featuredmedia":[{"embeddable":true,"href":"https:\/\/sezona.lv\/en\/wp-json\/wp\/v2\/media\/69455"}],"wp:attachment":[{"href":"https:\/\/sezona.lv\/en\/wp-json\/wp\/v2\/media?parent=78201"}],"wp:term":[{"taxonomy":"product_brand","embeddable":true,"href":"https:\/\/sezona.lv\/en\/wp-json\/wp\/v2\/product_brand?post=78201"},{"taxonomy":"product_cat","embeddable":true,"href":"https:\/\/sezona.lv\/en\/wp-json\/wp\/v2\/product_cat?post=78201"},{"taxonomy":"product_tag","embeddable":true,"href":"https:\/\/sezona.lv\/en\/wp-json\/wp\/v2\/product_tag?post=78201"}],"curies":[{"name":"wp","href":"https:\/\/api.w.org\/{rel}","templated":true}]}}