{"id":78202,"date":"2025-07-11T16:32:02","date_gmt":"2025-07-11T13:32:02","guid":{"rendered":"https:\/\/demo8.ecube.lv\/sezona.lv\/products\/batonins-energy-chocolate-35g\/"},"modified":"2025-07-14T15:20:15","modified_gmt":"2025-07-14T12:20:15","slug":"batonins-energy-chocolate-35g","status":"publish","type":"product","link":"https:\/\/sezona.lv\/en\/products\/batonins-energy-chocolate-35g\/","title":{"rendered":"Batoni\u0146\u0161 Energy Chocolate 35g"},"content":{"rendered":"<p>Energy batoni\u0146i satur vienk\u0101r&scaron;o un salikto og\u013chidr\u0101tu mais\u012bjumu, kas  intens\u012bvas un ilgsto&scaron;as slodzes laik\u0101 nodro&scaron;ina \u0101tru ener\u0123ijas  asimil\u0101ciju un og\u013chidr\u0101tu atjauno&scaron;anu. <acronym class=\"c2c-text-hover\">Vitam\u012bns B1<\/acronym> un <acronym class=\"c2c-text-hover\">vitam\u012bns PP<\/acronym> nodro&scaron;ina labu ener\u0123ijas metabolismu. <acronym class=\"c2c-text-hover\">Vitam\u012bns C<\/acronym>, <acronym class=\"c2c-text-hover\">vitam\u012bns B2<\/acronym>, <acronym class=\"c2c-text-hover\">vitam\u012bns B6<\/acronym> un <acronym class=\"c2c-text-hover\">vitam\u012bns PP<\/acronym> pal\u012bdz samazin\u0101t nogurumu.<\/p>\n<p>Gar&scaron;a: &scaron;okol\u0101des<\/p>\n<p>Lieto&scaron;anas laiks: laik\u0101, pirms<\/p>\n<p>Lieto&scaron;anas m\u0113r\u0137is: \u0101trai ener\u0123ijai<\/p>\n<p>Sast\u0101vs: <span style=\"color: #000000\">Piena &scaron;okol\u0101de 25% (cukurs, sviests un kakao masa, v\u0101jpiena pulveris, s\u016bkalas, piena <acronym class=\"c2c-text-hover\">tauki<\/acronym>, emulgators: sojas lecit\u012bns), glikozes s\u012brups, auzu, kvie&scaron;u, r\u012bsu milti, kukur\u016bzas s\u012brups invertcukurs, stabilizators: glicer\u012bns, rap&scaron;u e\u013c\u013ca, p\u016bstie r\u012bsi, cukurs, kvie&scaron;u iesals, ar zemu tauku saturu kakao pulveris, s\u0101ls, kvie&scaron;u lipeklis, aromatiz\u0113t\u0101js, emulgators: rap&scaron;u lecit\u012bns, <acronym class=\"c2c-text-hover\">vitam\u012bns B1<\/acronym>, <acronym class=\"c2c-text-hover\">vitam\u012bns B2<\/acronym>, <acronym class=\"c2c-text-hover\">vitam\u012bns B6<\/acronym>, <acronym class=\"c2c-text-hover\">vitam\u012bns C<\/acronym>, <acronym class=\"c2c-text-hover\">vitam\u012bns E<\/acronym> (laktoze, piena <acronym class=\"c2c-text-hover\">olbaltumvielas<\/acronym>)&nbsp;un <acronym class=\"c2c-text-hover\">vitam\u012bns PP<\/acronym>. Satur n\u0101triju.<\/span><\/p>\n","protected":false},"excerpt":{"rendered":"<p>Energy batoni\u0146i satur vienk\u0101r&scaron;o un salikto og\u013chidr\u0101tu mais\u012bjumu, kas intens\u012bvas un ilgsto&scaron;as slodzes laik\u0101 nodro&scaron;ina \u0101tru ener\u0123ijas asimil\u0101ciju un og\u013chidr\u0101tu atjauno&scaron;anu. Vitam\u012bns B1 un vitam\u012bns PP nodro&scaron;ina labu ener\u0123ijas metabolismu. Vitam\u012bns C, vitam\u012bns B2, vitam\u012bns B6 un vitam\u012bns PP pal\u012bdz samazin\u0101t nogurumu. Gar&scaron;a: &scaron;okol\u0101des Lieto&scaron;anas laiks: laik\u0101, pirms Lieto&scaron;anas m\u0113r\u0137is: \u0101trai ener\u0123ijai Sast\u0101vs: Piena &scaron;okol\u0101de [&hellip;]<\/p>\n","protected":false},"featured_media":69458,"template":"","meta":[],"product_brand":[3394],"product_cat":[4998,5002],"product_tag":[],"class_list":{"0":"post-78202","1":"product","2":"type-product","3":"status-publish","4":"has-post-thumbnail","6":"product_brand-isostar","7":"product_cat-sports-nutrition-sports","8":"product_cat-tubs-sports-nutrition-sports","10":"first","11":"instock","12":"shipping-taxable","13":"purchasable","14":"product-type-simple"},"_links":{"self":[{"href":"https:\/\/sezona.lv\/en\/wp-json\/wp\/v2\/product\/78202","targetHints":{"allow":["GET"]}}],"collection":[{"href":"https:\/\/sezona.lv\/en\/wp-json\/wp\/v2\/product"}],"about":[{"href":"https:\/\/sezona.lv\/en\/wp-json\/wp\/v2\/types\/product"}],"wp:featuredmedia":[{"embeddable":true,"href":"https:\/\/sezona.lv\/en\/wp-json\/wp\/v2\/media\/69458"}],"wp:attachment":[{"href":"https:\/\/sezona.lv\/en\/wp-json\/wp\/v2\/media?parent=78202"}],"wp:term":[{"taxonomy":"product_brand","embeddable":true,"href":"https:\/\/sezona.lv\/en\/wp-json\/wp\/v2\/product_brand?post=78202"},{"taxonomy":"product_cat","embeddable":true,"href":"https:\/\/sezona.lv\/en\/wp-json\/wp\/v2\/product_cat?post=78202"},{"taxonomy":"product_tag","embeddable":true,"href":"https:\/\/sezona.lv\/en\/wp-json\/wp\/v2\/product_tag?post=78202"}],"curies":[{"name":"wp","href":"https:\/\/api.w.org\/{rel}","templated":true}]}}